{"id":141,"date":"2016-08-12T08:40:27","date_gmt":"2016-08-12T06:40:27","guid":{"rendered":"http:\/\/wp.feuerwehr-holdorf.de\/?page_id=141"},"modified":"2025-12-18T21:22:00","modified_gmt":"2025-12-18T20:22:00","slug":"einsaetze-ff-holdorf-2015","status":"publish","type":"page","link":"https:\/\/feuerwehr-holdorf.de\/?page_id=141","title":{"rendered":"Eins\u00e4tze FF Holdorf 2015"},"content":{"rendered":"\n<table id=\"tablepress-6\" class=\"tablepress tablepress-id-6\">\n<thead>\n<tr class=\"row-1\">\n\t<th class=\"column-1\">Nr.<\/th><th class=\"column-2\">Datum<\/th><th class=\"column-3\">Zeit<\/th><th class=\"column-4\">Art<\/th><th class=\"column-5\">Einsatz<\/th>\n<\/tr>\n<\/thead>\n<tbody class=\"row-striping row-hover\">\n<tr class=\"row-2\">\n\t<td class=\"column-1\">1<\/td><td class=\"column-2\">06.01.2015<\/td><td class=\"column-3\">20:23<\/td><td class=\"column-4\">TH<\/td><td class=\"column-5\">Personenrettung, Industriegebiet<\/td>\n<\/tr>\n<tr class=\"row-3\">\n\t<td class=\"column-1\">2<\/td><td class=\"column-2\">11.01.2015<\/td><td class=\"column-3\">12:28<\/td><td class=\"column-4\">TH<\/td><td class=\"column-5\">Gemeldeter VU, BAB1 KM 198 \/ Einsatzabbruch<\/td>\n<\/tr>\n<tr class=\"row-4\">\n\t<td class=\"column-1\">3<\/td><td class=\"column-2\">02.02.2015<\/td><td class=\"column-3\">08:56<\/td><td class=\"column-4\">Brand<\/td><td class=\"column-5\">Kleinbrand, Heideweg<\/td>\n<\/tr>\n<tr class=\"row-5\">\n\t<td class=\"column-1\">4<\/td><td class=\"column-2\">17.02.2015<\/td><td class=\"column-3\">04:13<\/td><td class=\"column-4\">TH<\/td><td class=\"column-5\">Verkehrsunfall A1 Rtg. Bremen<\/td>\n<\/tr>\n<tr class=\"row-6\">\n\t<td class=\"column-1\">5<\/td><td class=\"column-2\">18.02.2015<\/td><td class=\"column-3\">17:16<\/td><td class=\"column-4\">TH<\/td><td class=\"column-5\">Diesel ausgelaufen, Rastanlage Dammer Berge<\/td>\n<\/tr>\n<tr class=\"row-7\">\n\t<td class=\"column-1\">6<\/td><td class=\"column-2\">02.03.2015<\/td><td class=\"column-3\">05:27<\/td><td class=\"column-4\">TH<\/td><td class=\"column-5\">Diesel ausgelaufen, Parkplatz Langwege A1<\/td>\n<\/tr>\n<tr class=\"row-8\">\n\t<td class=\"column-1\">7<\/td><td class=\"column-2\">31.03.2015<\/td><td class=\"column-3\">12:36<\/td><td class=\"column-4\">TH<\/td><td class=\"column-5\">Baum auf Fahrbahn, B214<\/td>\n<\/tr>\n<tr class=\"row-9\">\n\t<td class=\"column-1\">8<\/td><td class=\"column-2\">31.03.2015<\/td><td class=\"column-3\">13:36<\/td><td class=\"column-4\">TH<\/td><td class=\"column-5\">Baum auf Fahrbahn, Gramker Strasse<\/td>\n<\/tr>\n<tr class=\"row-10\">\n\t<td class=\"column-1\">9<\/td><td class=\"column-2\">31.03.2015<\/td><td class=\"column-3\">13:55<\/td><td class=\"column-4\">TH<\/td><td class=\"column-5\">Baum auf Fahrbahn, Dammer Strasse (L852)<\/td>\n<\/tr>\n<tr class=\"row-11\">\n\t<td class=\"column-1\">10<\/td><td class=\"column-2\">31.03.2015<\/td><td class=\"column-3\">14:20<\/td><td class=\"column-4\">TH<\/td><td class=\"column-5\">Baum auf Fahrbahn, Gramker Strasse<\/td>\n<\/tr>\n<tr class=\"row-12\">\n\t<td class=\"column-1\">11<\/td><td class=\"column-2\">31.03.2015<\/td><td class=\"column-3\">16:20<\/td><td class=\"column-4\">TH<\/td><td class=\"column-5\">Dach einer Firma droht abzuheben, Industriegebiet<\/td>\n<\/tr>\n<tr class=\"row-13\">\n\t<td class=\"column-1\">12<\/td><td class=\"column-2\">31.03.2015<\/td><td class=\"column-3\">18:14<\/td><td class=\"column-4\">TH<\/td><td class=\"column-5\">Telefonmast droht auf Fahrbahn zu st\u00fcrzen, Dersaburg<\/td>\n<\/tr>\n<tr class=\"row-14\">\n\t<td class=\"column-1\">13<\/td><td class=\"column-2\">18.04.2015<\/td><td class=\"column-3\">10:50<\/td><td class=\"column-4\">TH<\/td><td class=\"column-5\">Baum auf Fahrbahn nach VU, Industriestrasse<\/td>\n<\/tr>\n<tr class=\"row-15\">\n\t<td class=\"column-1\">14<\/td><td class=\"column-2\">25.04.2015<\/td><td class=\"column-3\">13:00<\/td><td class=\"column-4\">BSW<\/td><td class=\"column-5\">Brandwache, Igeha<\/td>\n<\/tr>\n<tr class=\"row-16\">\n\t<td class=\"column-1\">15<\/td><td class=\"column-2\">26.04.2015<\/td><td class=\"column-3\">10:00<\/td><td class=\"column-4\">BSW<\/td><td class=\"column-5\">Brandwache, Igeha<\/td>\n<\/tr>\n<tr class=\"row-17\">\n\t<td class=\"column-1\">16<\/td><td class=\"column-2\">27.04.2015<\/td><td class=\"column-3\">08:48<\/td><td class=\"column-4\">TH<\/td><td class=\"column-5\">\u00d6lspur, Industriestrasse<\/td>\n<\/tr>\n<tr class=\"row-18\">\n\t<td class=\"column-1\">17<\/td><td class=\"column-2\">05.05.2015<\/td><td class=\"column-3\">21:34<\/td><td class=\"column-4\">TH<\/td><td class=\"column-5\">Baum droht auf Fahrbahn zu st\u00fcrzen, Dammer Stra\u00dfe<\/td>\n<\/tr>\n<tr class=\"row-19\">\n\t<td class=\"column-1\">18<\/td><td class=\"column-2\">08.05.2015<\/td><td class=\"column-3\">20:14<\/td><td class=\"column-4\">Brand<\/td><td class=\"column-5\">gemeldeter LKW-Brand A1 Rtg. HB, kein Eingreifen erforderlich<\/td>\n<\/tr>\n<tr class=\"row-20\">\n\t<td class=\"column-1\">19<\/td><td class=\"column-2\">17.05.2015<\/td><td class=\"column-3\">08:45<\/td><td class=\"column-4\">TH<\/td><td class=\"column-5\">T\u00fcr\u00f6ffnung \/ Person hinter T\u00fcr, Steinfelder Damm<\/td>\n<\/tr>\n<tr class=\"row-21\">\n\t<td class=\"column-1\">20<\/td><td class=\"column-2\">19.05.2015<\/td><td class=\"column-3\">19:20<\/td><td class=\"column-4\">Brand<\/td><td class=\"column-5\">\u00dcbung: Angenommener Kellerbrand bei Fa. Bermes \/ DMK, Dammer Str.<\/td>\n<\/tr>\n<tr class=\"row-22\">\n\t<td class=\"column-1\">21<\/td><td class=\"column-2\">02.06.2015<\/td><td class=\"column-3\">02:36<\/td><td class=\"column-4\">Fehl<\/td><td class=\"column-5\">Brandmeldeanlage, Industriegebiet<\/td>\n<\/tr>\n<tr class=\"row-23\">\n\t<td class=\"column-1\">22<\/td><td class=\"column-2\">03.06.2015<\/td><td class=\"column-3\">01:18<\/td><td class=\"column-4\">Fehl<\/td><td class=\"column-5\">Brandmeldeanlage, Industriegebiet<\/td>\n<\/tr>\n<tr class=\"row-24\">\n\t<td class=\"column-1\">23<\/td><td class=\"column-2\">06.06.2015<\/td><td class=\"column-3\">18:30<\/td><td class=\"column-4\">TH<\/td><td class=\"column-5\">Amtshilfe Polizei, Absichern Fronleichnamsprozession<\/td>\n<\/tr>\n<tr class=\"row-25\">\n\t<td class=\"column-1\">24<\/td><td class=\"column-2\">10.06.2015<\/td><td class=\"column-3\">11:05<\/td><td class=\"column-4\">Fehl<\/td><td class=\"column-5\">Brandmeldeanlage, Steinfelder Str.<\/td>\n<\/tr>\n<tr class=\"row-26\">\n\t<td class=\"column-1\">25<\/td><td class=\"column-2\">25.06.2015<\/td><td class=\"column-3\">02:19<\/td><td class=\"column-4\">Fehl<\/td><td class=\"column-5\">Brandmeldeanlage, Industriegebiet<\/td>\n<\/tr>\n<tr class=\"row-27\">\n\t<td class=\"column-1\">26<\/td><td class=\"column-2\">25.06.2015<\/td><td class=\"column-3\">10:20<\/td><td class=\"column-4\">Fehl<\/td><td class=\"column-5\">Brandmeldeanlage, Industriegebiet<\/td>\n<\/tr>\n<tr class=\"row-28\">\n\t<td class=\"column-1\">27<\/td><td class=\"column-2\">30.06.2015<\/td><td class=\"column-3\">13:20<\/td><td class=\"column-4\">TH<\/td><td class=\"column-5\">Verkehrsunfall mit eingeklemmter Person, A1 Rtg. OS, KM 195<\/td>\n<\/tr>\n<tr class=\"row-29\">\n\t<td class=\"column-1\">28<\/td><td class=\"column-2\">01.07.2015<\/td><td class=\"column-3\">23:50<\/td><td class=\"column-4\">TH<\/td><td class=\"column-5\">auslaufende Betriebsstoffe, Rasthof Holdorf<\/td>\n<\/tr>\n<tr class=\"row-30\">\n\t<td class=\"column-1\">29<\/td><td class=\"column-2\">04.07.2015<\/td><td class=\"column-3\">12:34<\/td><td class=\"column-4\">Fehl <\/td><td class=\"column-5\">Brandmeldeanlage, Steinfelder Str.<\/td>\n<\/tr>\n<tr class=\"row-31\">\n\t<td class=\"column-1\">30<\/td><td class=\"column-2\">09.07.2015<\/td><td class=\"column-3\">20:45<\/td><td class=\"column-4\">TH<\/td><td class=\"column-5\">Wespennester umgesiedelt<\/td>\n<\/tr>\n<tr class=\"row-32\">\n\t<td class=\"column-1\">31<\/td><td class=\"column-2\">15.07.2015<\/td><td class=\"column-3\">12:24<\/td><td class=\"column-4\">Brand<\/td><td class=\"column-5\">Strohballenbrand, Steinfeld<\/td>\n<\/tr>\n<tr class=\"row-33\">\n\t<td class=\"column-1\">32<\/td><td class=\"column-2\">16.07.2015<\/td><td class=\"column-3\">19:16<\/td><td class=\"column-4\">TH<\/td><td class=\"column-5\">ausgelaufene Betriebsstoffe (\u00d6l), Industriegebiet<\/td>\n<\/tr>\n<tr class=\"row-34\">\n\t<td class=\"column-1\">33<\/td><td class=\"column-2\">17.07.2015<\/td><td class=\"column-3\">01:30<\/td><td class=\"column-4\">Brand<\/td><td class=\"column-5\">Containerbrand, Industriegebiet \/ Feldkamp<\/td>\n<\/tr>\n<tr class=\"row-35\">\n\t<td class=\"column-1\">34<\/td><td class=\"column-2\">17.07.2015<\/td><td class=\"column-3\">01:30<\/td><td class=\"column-4\">Brand<\/td><td class=\"column-5\">Brand von gelben S\u00e4cken, Gro\u00dfe Strasse<\/td>\n<\/tr>\n<tr class=\"row-36\">\n\t<td class=\"column-1\">35<\/td><td class=\"column-2\">17.07.2015<\/td><td class=\"column-3\">18:43<\/td><td class=\"column-4\">Brand<\/td><td class=\"column-5\">Trecker- bzw. Strohballenpressenbrand mit Fl\u00e4chenbrand, Dammer Str. \/ Borringhausen<\/td>\n<\/tr>\n<tr class=\"row-37\">\n\t<td class=\"column-1\">36<\/td><td class=\"column-2\">18.07.2015<\/td><td class=\"column-3\">07:16<\/td><td class=\"column-4\">Fehl<\/td><td class=\"column-5\">gemeldeter PKW-Brand, A1 Rtg. Bremen<\/td>\n<\/tr>\n<tr class=\"row-38\">\n\t<td class=\"column-1\">37<\/td><td class=\"column-2\">19.07.2015<\/td><td class=\"column-3\">09:30<\/td><td class=\"column-4\">TH<\/td><td class=\"column-5\">Amtshilfe, Absicherung Volkslauf Langenberg<\/td>\n<\/tr>\n<tr class=\"row-39\">\n\t<td class=\"column-1\">38<\/td><td class=\"column-2\">21.07.2015<\/td><td class=\"column-3\">00:02<\/td><td class=\"column-4\">Fehl<\/td><td class=\"column-5\">Brandmeldeanlage, Industriegebiet<\/td>\n<\/tr>\n<tr class=\"row-40\">\n\t<td class=\"column-1\">39<\/td><td class=\"column-2\">25.07.2015<\/td><td class=\"column-3\">20:29<\/td><td class=\"column-4\">TH<\/td><td class=\"column-5\">Ast droht auf Fahrbahn zu st\u00fcrzen, Heideweg<\/td>\n<\/tr>\n<tr class=\"row-41\">\n\t<td class=\"column-1\">40<\/td><td class=\"column-2\">26.07.2015<\/td><td class=\"column-3\">02:33<\/td><td class=\"column-4\">Fehl<\/td><td class=\"column-5\">Brandmeldeanlage, Industriegebiet<\/td>\n<\/tr>\n<tr class=\"row-42\">\n\t<td class=\"column-1\">41<\/td><td class=\"column-2\">27.07.2015<\/td><td class=\"column-3\">20:15<\/td><td class=\"column-4\">TH<\/td><td class=\"column-5\">Wespennest umgesiedelt, Osterort<\/td>\n<\/tr>\n<tr class=\"row-43\">\n\t<td class=\"column-1\">42<\/td><td class=\"column-2\">08.08.2015<\/td><td class=\"column-3\">16:11<\/td><td class=\"column-4\">Fehl<\/td><td class=\"column-5\">Brandmeldeanlage, Industriegebiet<\/td>\n<\/tr>\n<tr class=\"row-44\">\n\t<td class=\"column-1\">43<\/td><td class=\"column-2\">10.08.2015<\/td><td class=\"column-3\">01:02<\/td><td class=\"column-4\">Fehl<\/td><td class=\"column-5\">Brandmeldeanlage, Industriegebiet<\/td>\n<\/tr>\n<tr class=\"row-45\">\n\t<td class=\"column-1\">44<\/td><td class=\"column-2\">10.08.2015<\/td><td class=\"column-3\">15:35<\/td><td class=\"column-4\">TH<\/td><td class=\"column-5\">Gasaustritt, Zum Hansa Center<\/td>\n<\/tr>\n<tr class=\"row-46\">\n\t<td class=\"column-1\">45<\/td><td class=\"column-2\">14.08.2015<\/td><td class=\"column-3\">11:36<\/td><td class=\"column-4\">Fehl<\/td><td class=\"column-5\">Brandmeldeanlage, Steinfelder Str.<\/td>\n<\/tr>\n<tr class=\"row-47\">\n\t<td class=\"column-1\">46<\/td><td class=\"column-2\">14.08.2015<\/td><td class=\"column-3\">23:54<\/td><td class=\"column-4\">Fehl<\/td><td class=\"column-5\">Brandmeldeanlage, Steinfelder Str.<\/td>\n<\/tr>\n<tr class=\"row-48\">\n\t<td class=\"column-1\">47<\/td><td class=\"column-2\">16.08.2015<\/td><td class=\"column-3\">21:52<\/td><td class=\"column-4\">TH<\/td><td class=\"column-5\">Keller unter Wasser, Badberger Stra\u00dfe<\/td>\n<\/tr>\n<tr class=\"row-49\">\n\t<td class=\"column-1\">48<\/td><td class=\"column-2\">17.08.2015<\/td><td class=\"column-3\">08:16<\/td><td class=\"column-4\">Brand<\/td><td class=\"column-5\">Brennt LKW-Reifen, Parkplatz Langwege Rtg. HB<\/td>\n<\/tr>\n<tr class=\"row-50\">\n\t<td class=\"column-1\">49<\/td><td class=\"column-2\">22.08.2015<\/td><td class=\"column-3\">14:49<\/td><td class=\"column-4\">Fehl<\/td><td class=\"column-5\">Gemeldete Rauchentwicklung, Industriegebiet<\/td>\n<\/tr>\n<tr class=\"row-51\">\n\t<td class=\"column-1\">50<\/td><td class=\"column-2\">22.08.2015<\/td><td class=\"column-3\">18:45<\/td><td class=\"column-4\">BSW<\/td><td class=\"column-5\">Brandwache, Seekonzert Kalksandsteinsee<\/td>\n<\/tr>\n<tr class=\"row-52\">\n\t<td class=\"column-1\">51<\/td><td class=\"column-2\">27.08.2015<\/td><td class=\"column-3\">23:06<\/td><td class=\"column-4\">TH<\/td><td class=\"column-5\">Baum auf Fahrbahn, B214<\/td>\n<\/tr>\n<tr class=\"row-53\">\n\t<td class=\"column-1\">52<\/td><td class=\"column-2\">30.08.2015<\/td><td class=\"column-3\">16:10<\/td><td class=\"column-4\">Fehl<\/td><td class=\"column-5\">Brandmeldeanlage, Steinfelder Str.<\/td>\n<\/tr>\n<tr class=\"row-54\">\n\t<td class=\"column-1\">53<\/td><td class=\"column-2\">05.09.2015<\/td><td class=\"column-3\">07:01<\/td><td class=\"column-4\">Fehl<\/td><td class=\"column-5\">Brandmeldeanlage, Industriegebiet<\/td>\n<\/tr>\n<tr class=\"row-55\">\n\t<td class=\"column-1\">54<\/td><td class=\"column-2\">05.09.- 06.09.15<\/td><td class=\"column-3\">10:45<\/td><td class=\"column-4\">TH<\/td><td class=\"column-5\">\u00dcbung der Kreisfeuerwehrbereitschaft des Landkreises Vechta, Bohmte-Hunteburg<\/td>\n<\/tr>\n<tr class=\"row-56\">\n\t<td class=\"column-1\">55<\/td><td class=\"column-2\">13.09.2015<\/td><td class=\"column-3\">09:00<\/td><td class=\"column-4\">TH<\/td><td class=\"column-5\">Absicherung, Triathlon Dammer Berge<\/td>\n<\/tr>\n<tr class=\"row-57\">\n\t<td class=\"column-1\">56<\/td><td class=\"column-2\">14.09.2015<\/td><td class=\"column-3\">18:35<\/td><td class=\"column-4\">Brand<\/td><td class=\"column-5\">\u00dcbung: angenommener Brand bei Biogasanlage Honkomp, Badberger Strasse<\/td>\n<\/tr>\n<tr class=\"row-58\">\n\t<td class=\"column-1\">57<\/td><td class=\"column-2\">15.09.2015<\/td><td class=\"column-3\">19:17<\/td><td class=\"column-4\">Brand<\/td><td class=\"column-5\">\u00dcbung: angenommener Brand, Kirche Steinfeld<\/td>\n<\/tr>\n<tr class=\"row-59\">\n\t<td class=\"column-1\">58<\/td><td class=\"column-2\">01.10.2015<\/td><td class=\"column-3\">16:14<\/td><td class=\"column-4\">Fehl<\/td><td class=\"column-5\">gemeldeter B\u00f6schungsbrand, BAB1, Rtg. HB<\/td>\n<\/tr>\n<tr class=\"row-60\">\n\t<td class=\"column-1\">59<\/td><td class=\"column-2\">04.10.2015<\/td><td class=\"column-3\">16:23<\/td><td class=\"column-4\">TH<\/td><td class=\"column-5\">Betriebsstoffe aufnehmen nach VU, A1 Rtg. Bremen<\/td>\n<\/tr>\n<tr class=\"row-61\">\n\t<td class=\"column-1\">60<\/td><td class=\"column-2\">07.10.2015<\/td><td class=\"column-3\">21:58<\/td><td class=\"column-4\">Fehl<\/td><td class=\"column-5\">Brandmeldeanlage, Industriegebiet<\/td>\n<\/tr>\n<tr class=\"row-62\">\n\t<td class=\"column-1\">61<\/td><td class=\"column-2\">16.10.2015<\/td><td class=\"column-3\">13:00<\/td><td class=\"column-4\">TH<\/td><td class=\"column-5\">Aufbau einer Fl\u00fcchtlingsunterkunft mit der Kreisfeuerwehrbereitschaft, Sporthalle beim Gymnasium Damme<\/td>\n<\/tr>\n<tr class=\"row-63\">\n\t<td class=\"column-1\">62<\/td><td class=\"column-2\">18.10.2015<\/td><td class=\"column-3\">06:11<\/td><td class=\"column-4\">Fehl<\/td><td class=\"column-5\">Brandmeldeanlage, Industriegebiet<\/td>\n<\/tr>\n<tr class=\"row-64\">\n\t<td class=\"column-1\">63<\/td><td class=\"column-2\">06.11.2015<\/td><td class=\"column-3\">12:59<\/td><td class=\"column-4\">TH<\/td><td class=\"column-5\">Umgest\u00fcrzter Baum, Ihorst<\/td>\n<\/tr>\n<tr class=\"row-65\">\n\t<td class=\"column-1\">64<\/td><td class=\"column-2\">07.11.2015<\/td><td class=\"column-3\">22:17<\/td><td class=\"column-4\">Brand<\/td><td class=\"column-5\">Scheunenbrand Fladderlohausen, Lorser Weg<\/td>\n<\/tr>\n<tr class=\"row-66\">\n\t<td class=\"column-1\">65<\/td><td class=\"column-2\">09.11.2015<\/td><td class=\"column-3\">17:30<\/td><td class=\"column-4\">TH<\/td><td class=\"column-5\">Absichern Laternenumzug<\/td>\n<\/tr>\n<tr class=\"row-67\">\n\t<td class=\"column-1\">66<\/td><td class=\"column-2\">11.11.2015<\/td><td class=\"column-3\">11:23<\/td><td class=\"column-4\">TH<\/td><td class=\"column-5\">Person hinter T\u00fcr, Fladderlohausen\/Kaiserstr.<\/td>\n<\/tr>\n<tr class=\"row-68\">\n\t<td class=\"column-1\">67<\/td><td class=\"column-2\">12.11.2015<\/td><td class=\"column-3\">14:37<\/td><td class=\"column-4\">TH<\/td><td class=\"column-5\">Verkehrsunfall mit gemeldeter eingeklemmter Person, A1 Rtg. Bremen<\/td>\n<\/tr>\n<tr class=\"row-69\">\n\t<td class=\"column-1\">68<\/td><td class=\"column-2\">15.11.2015<\/td><td class=\"column-3\">12:42<\/td><td class=\"column-4\">TH<\/td><td class=\"column-5\">M\u00fchlenbach droht \u00fcberzulaufen, Gro\u00dfe Str.<\/td>\n<\/tr>\n<tr class=\"row-70\">\n\t<td class=\"column-1\">69<\/td><td class=\"column-2\">15.11.2015<\/td><td class=\"column-3\">19:24<\/td><td class=\"column-4\">TH<\/td><td class=\"column-5\">Betriebsstoffe aufnehmen, Rastanlage Dammer Berge<\/td>\n<\/tr>\n<tr class=\"row-71\">\n\t<td class=\"column-1\">70<\/td><td class=\"column-2\">17.11.2015<\/td><td class=\"column-3\">05:41<\/td><td class=\"column-4\">Fehl<\/td><td class=\"column-5\">Brandmeldeanlage, Industriegebiet<\/td>\n<\/tr>\n<tr class=\"row-72\">\n\t<td class=\"column-1\">71<\/td><td class=\"column-2\">17.11.2015<\/td><td class=\"column-3\">14:01<\/td><td class=\"column-4\">Fehl<\/td><td class=\"column-5\">Brandmeldeanlage, Industriegebiet<\/td>\n<\/tr>\n<tr class=\"row-73\">\n\t<td class=\"column-1\">72<\/td><td class=\"column-2\">12.12.2015<\/td><td class=\"column-3\">23:03<\/td><td class=\"column-4\">Brand<\/td><td class=\"column-5\">Kleinbrand, Widukindstrasse<\/td>\n<\/tr>\n<tr class=\"row-74\">\n\t<td class=\"column-1\">73<\/td><td class=\"column-2\">17.12.2015<\/td><td class=\"column-3\">09:41<\/td><td class=\"column-4\">Fehl<\/td><td class=\"column-5\">Brandmeldeanlage, Industriegebiet<\/td>\n<\/tr>\n<\/tbody>\n<\/table>\n<!-- #tablepress-6 from cache -->\n<p>&nbsp;<\/p>\n<p><em><strong>Erkl\u00e4rung:<br \/>\n<\/strong><\/em>BSW = Brandsicherheitswache<br \/>\nBrand = Brandeinsatz<br \/>\nTH = technische Hilfeleistung<br \/>\nFehl = Fehlalarm<br \/>\nKFB = Einsatz mit der Kreisfeuerwehrbereitschaft<br \/>\nMANV = Massenanfall von Veletzten<\/p>\n","protected":false},"excerpt":{"rendered":"<p>&nbsp; Erkl\u00e4rung: BSW = Brandsicherheitswache Brand = Brandeinsatz TH = technische Hilfeleistung Fehl = Fehlalarm KFB = Einsatz mit der Kreisfeuerwehrbereitschaft MANV = Massenanfall von Veletzten<\/p>\n","protected":false},"author":2,"featured_media":0,"parent":5399,"menu_order":0,"comment_status":"closed","ping_status":"closed","template":"","meta":{"ngg_post_thumbnail":0,"footnotes":""},"class_list":["post-141","page","type-page","status-publish","hentry"],"_links":{"self":[{"href":"https:\/\/feuerwehr-holdorf.de\/index.php?rest_route=\/wp\/v2\/pages\/141","targetHints":{"allow":["GET"]}}],"collection":[{"href":"https:\/\/feuerwehr-holdorf.de\/index.php?rest_route=\/wp\/v2\/pages"}],"about":[{"href":"https:\/\/feuerwehr-holdorf.de\/index.php?rest_route=\/wp\/v2\/types\/page"}],"author":[{"embeddable":true,"href":"https:\/\/feuerwehr-holdorf.de\/index.php?rest_route=\/wp\/v2\/users\/2"}],"replies":[{"embeddable":true,"href":"https:\/\/feuerwehr-holdorf.de\/index.php?rest_route=%2Fwp%2Fv2%2Fcomments&post=141"}],"version-history":[{"count":4,"href":"https:\/\/feuerwehr-holdorf.de\/index.php?rest_route=\/wp\/v2\/pages\/141\/revisions"}],"predecessor-version":[{"id":4101,"href":"https:\/\/feuerwehr-holdorf.de\/index.php?rest_route=\/wp\/v2\/pages\/141\/revisions\/4101"}],"up":[{"embeddable":true,"href":"https:\/\/feuerwehr-holdorf.de\/index.php?rest_route=\/wp\/v2\/pages\/5399"}],"wp:attachment":[{"href":"https:\/\/feuerwehr-holdorf.de\/index.php?rest_route=%2Fwp%2Fv2%2Fmedia&parent=141"}],"curies":[{"name":"wp","href":"https:\/\/api.w.org\/{rel}","templated":true}]}}