{"id":1623,"date":"2017-01-02T16:51:43","date_gmt":"2017-01-02T15:51:43","guid":{"rendered":"http:\/\/feuerwehr-holdorf.de\/?page_id=1623"},"modified":"2025-12-18T21:22:01","modified_gmt":"2025-12-18T20:22:01","slug":"einsaetze-2017","status":"publish","type":"page","link":"https:\/\/feuerwehr-holdorf.de\/?page_id=1623","title":{"rendered":"Eins\u00e4tze FF Holdorf 2017"},"content":{"rendered":"\n<table id=\"tablepress-23\" class=\"tablepress tablepress-id-23\">\n<thead>\n<tr class=\"row-1\">\n\t<th class=\"column-1\">Nr.<\/th><th class=\"column-2\">Datum<\/th><th class=\"column-3\">Zeit<\/th><th class=\"column-4\">Art<\/th><th class=\"column-5\">Einsatz<\/th>\n<\/tr>\n<\/thead>\n<tbody class=\"row-striping row-hover\">\n<tr class=\"row-2\">\n\t<td class=\"column-1\">1<\/td><td class=\"column-2\">03.01.17<\/td><td class=\"column-3\">06:18<\/td><td class=\"column-4\">Fehl<\/td><td class=\"column-5\">Brandmeldeanlage, Industriegebiet <\/td>\n<\/tr>\n<tr class=\"row-3\">\n\t<td class=\"column-1\">2<\/td><td class=\"column-2\">07.01.17<\/td><td class=\"column-3\">22:10<\/td><td class=\"column-4\">TH<\/td><td class=\"column-5\"><a href=\"http:\/\/feuerwehr-holdorf.de\/?p=1642\" target=\"_blank\">vermisste Person im Heidesee<\/a><\/td>\n<\/tr>\n<tr class=\"row-4\">\n\t<td class=\"column-1\">3<\/td><td class=\"column-2\">08.01.17<\/td><td class=\"column-3\">09:00<\/td><td class=\"column-4\">TH<\/td><td class=\"column-5\"><a href=\"http:\/\/feuerwehr-holdorf.de\/?p=1642\" target=\"_blank\">vermisste Person im Heidesee \/ Fortsetzung der Suche<\/a><\/td>\n<\/tr>\n<tr class=\"row-5\">\n\t<td class=\"column-1\">4<\/td><td class=\"column-2\">13.01.17<\/td><td class=\"column-3\">03:20<\/td><td class=\"column-4\">TH<\/td><td class=\"column-5\">Baum auf Fahrbahn, Gramker Stra\u00dfe<\/td>\n<\/tr>\n<tr class=\"row-6\">\n\t<td class=\"column-1\">5<\/td><td class=\"column-2\">13.01.17<\/td><td class=\"column-3\">04:37<\/td><td class=\"column-4\">TH<\/td><td class=\"column-5\">Mehrere B\u00e4ume auf Fahrbahn, Gramker Stra\u00dfe<\/td>\n<\/tr>\n<tr class=\"row-7\">\n\t<td class=\"column-1\">6<\/td><td class=\"column-2\">19.01.17<\/td><td class=\"column-3\">12:58<\/td><td class=\"column-4\">Fehl<\/td><td class=\"column-5\">Brandmeldeanlage, Industriegebiet<\/td>\n<\/tr>\n<tr class=\"row-8\">\n\t<td class=\"column-1\">7<\/td><td class=\"column-2\">21.02.17<\/td><td class=\"column-3\">12:23<\/td><td class=\"column-4\">Fehl<\/td><td class=\"column-5\">Brandmeldeanlage, Grandorf<\/td>\n<\/tr>\n<tr class=\"row-9\">\n\t<td class=\"column-1\">8<\/td><td class=\"column-2\">26.02.17<\/td><td class=\"column-3\">00:02<\/td><td class=\"column-4\">Brand<\/td><td class=\"column-5\">Kleinbrand am Schuppen, Sonnenbreite<\/td>\n<\/tr>\n<tr class=\"row-10\">\n\t<td class=\"column-1\">9<\/td><td class=\"column-2\">04.03.17<\/td><td class=\"column-3\">12:15<\/td><td class=\"column-4\">TH<\/td><td class=\"column-5\">Absicherung Testlauf CO2-L\u00f6schanlage, Industriegebiet<\/td>\n<\/tr>\n<tr class=\"row-11\">\n\t<td class=\"column-1\">10<\/td><td class=\"column-2\">15.03.17<\/td><td class=\"column-3\">21:57<\/td><td class=\"column-4\">TH<\/td><td class=\"column-5\">Auslaufende Betriebsstoffe, A1 Rtg. Osnabr\u00fcck<\/td>\n<\/tr>\n<tr class=\"row-12\">\n\t<td class=\"column-1\">11<\/td><td class=\"column-2\">16.03.17<\/td><td class=\"column-3\">18:10<\/td><td class=\"column-4\">Brand<\/td><td class=\"column-5\">Containerbrand, Fallenriede<\/td>\n<\/tr>\n<tr class=\"row-13\">\n\t<td class=\"column-1\">12<\/td><td class=\"column-2\">26.03.17<\/td><td class=\"column-3\">10:01<\/td><td class=\"column-4\">TH<\/td><td class=\"column-5\">Ast droht auf Fahrbahn zu fallen, L851<\/td>\n<\/tr>\n<tr class=\"row-14\">\n\t<td class=\"column-1\">13<\/td><td class=\"column-2\">11.04.17<\/td><td class=\"column-3\">05:48<\/td><td class=\"column-4\">TH<\/td><td class=\"column-5\"><a href=\"http:\/\/feuerwehr-holdorf.de\/?p=1723\">Unterst\u00fctzung Rettungsdienst, B 214<\/a><\/td>\n<\/tr>\n<tr class=\"row-15\">\n\t<td class=\"column-1\">14<\/td><td class=\"column-2\">13.04.17<\/td><td class=\"column-3\">17:45<\/td><td class=\"column-4\">TH<\/td><td class=\"column-5\">Ausgelaufene Fl\u00fcssigkeit \/ Flotat, A1 Rtg. Bremen<\/td>\n<\/tr>\n<tr class=\"row-16\">\n\t<td class=\"column-1\">15<\/td><td class=\"column-2\">20.04.17<\/td><td class=\"column-3\">07:00<\/td><td class=\"column-4\">TH<\/td><td class=\"column-5\">Verkehrsunfall mit eingeklemmter Person, A1 Rtg. Osnabr\u00fcck<\/td>\n<\/tr>\n<tr class=\"row-17\">\n\t<td class=\"column-1\">16<\/td><td class=\"column-2\">20.04.17<\/td><td class=\"column-3\">14:30<\/td><td class=\"column-4\">Brand<\/td><td class=\"column-5\">nachbarschaftl. L\u00f6schhilfe \/ Brand in einem K\u00e4lberstall, Lappenstadt (Fladderlohausen)<\/td>\n<\/tr>\n<tr class=\"row-18\">\n\t<td class=\"column-1\">17<\/td><td class=\"column-2\">24.04.17<\/td><td class=\"column-3\">09:10<\/td><td class=\"column-4\">MANV<\/td><td class=\"column-5\"><a href=\"http:\/\/feuerwehr-holdorf.de\/?p=1767\">MANV-Alarm\u00fcbung Oberschule Holdorf<\/a><\/td>\n<\/tr>\n<tr class=\"row-19\">\n\t<td class=\"column-1\">18<\/td><td class=\"column-2\">28.04.17<\/td><td class=\"column-3\">11:00<\/td><td class=\"column-4\">TH<\/td><td class=\"column-5\">Absicherung Spendenlauf, Oberschule Holdorf<\/td>\n<\/tr>\n<tr class=\"row-20\">\n\t<td class=\"column-1\">19<\/td><td class=\"column-2\">28.04.17<\/td><td class=\"column-3\">18:32<\/td><td class=\"column-4\">TH<\/td><td class=\"column-5\">Pferd im Anh\u00e4nger eingeklemmt, Parkplatz Langwege (A1 Rtg. Bremen)<\/td>\n<\/tr>\n<tr class=\"row-21\">\n\t<td class=\"column-1\">20<\/td><td class=\"column-2\">30.04.17<\/td><td class=\"column-3\">15:44<\/td><td class=\"column-4\">Brand<\/td><td class=\"column-5\"><a href=\"http:\/\/feuerwehr-holdorf.de\/?p=1778\">LKW-Brand, Autohof Holdorf (Hansacenter)<\/a><\/td>\n<\/tr>\n<tr class=\"row-22\">\n\t<td class=\"column-1\">21<\/td><td class=\"column-2\">04.05.17<\/td><td class=\"column-3\">21:58<\/td><td class=\"column-4\">TH<\/td><td class=\"column-5\"><a href=\"http:\/\/feuerwehr-holdorf.de\/?p=1811\">Verkehrsunfall, eingeklemmte Person, B214<\/a><\/td>\n<\/tr>\n<tr class=\"row-23\">\n\t<td class=\"column-1\">22<\/td><td class=\"column-2\">17.05.17<\/td><td class=\"column-3\">21:10<\/td><td class=\"column-4\">TH<\/td><td class=\"column-5\">Stickstoff ausgetreten, Zum Hansa Center<\/td>\n<\/tr>\n<tr class=\"row-24\">\n\t<td class=\"column-1\">23<\/td><td class=\"column-2\">21.05.17<\/td><td class=\"column-3\">13:00<\/td><td class=\"column-4\">TH<\/td><td class=\"column-5\">Amtshilfe, Absichern Sch\u00fctzenfest Fladderlohausen<\/td>\n<\/tr>\n<tr class=\"row-25\">\n\t<td class=\"column-1\">24<\/td><td class=\"column-2\">21.06.17<\/td><td class=\"column-3\">17:34<\/td><td class=\"column-4\">Fehl<\/td><td class=\"column-5\">Brandmeldeanlage, Alter Schulplatz<\/td>\n<\/tr>\n<tr class=\"row-26\">\n\t<td class=\"column-1\">25<\/td><td class=\"column-2\">26.06.17<\/td><td class=\"column-3\">04:34<\/td><td class=\"column-4\">TH<\/td><td class=\"column-5\">Verkehrsunfall mit eingeklemmter Person (PKW gegen LKW), Industriestra\u00dfe<\/td>\n<\/tr>\n<tr class=\"row-27\">\n\t<td class=\"column-1\">26<\/td><td class=\"column-2\">29.06.17<\/td><td class=\"column-3\">05:25<\/td><td class=\"column-4\">Fehl<\/td><td class=\"column-5\">Gemeldeter PKW-Brand, A1 Rtg. Bremen \/ Einsatzabbruch durch Leitstelle<\/td>\n<\/tr>\n<tr class=\"row-28\">\n\t<td class=\"column-1\">27<\/td><td class=\"column-2\">08.07.17<\/td><td class=\"column-3\">21:14<\/td><td class=\"column-4\">TH<\/td><td class=\"column-5\">Betriebsstoffe aufnehmen nach VU, B214<\/td>\n<\/tr>\n<tr class=\"row-29\">\n\t<td class=\"column-1\">28<\/td><td class=\"column-2\">12.07.17<\/td><td class=\"column-3\">19:30<\/td><td class=\"column-4\">TH<\/td><td class=\"column-5\"><a href=\"http:\/\/feuerwehr-holdorf.de\/?p=1940\">Alarm\u00fcbung \/ schwerer Vu mit mehreren eingeklemmten Personen, Haveriede (Handorf)<\/a><\/td>\n<\/tr>\n<tr class=\"row-30\">\n\t<td class=\"column-1\">29<\/td><td class=\"column-2\">16.07.17<\/td><td class=\"column-3\">19:38<\/td><td class=\"column-4\">TH<\/td><td class=\"column-5\">Tierrettung (Pferd), A1 Parkplatz KM182 <\/td>\n<\/tr>\n<tr class=\"row-31\">\n\t<td class=\"column-1\">30<\/td><td class=\"column-2\">18.07.17<\/td><td class=\"column-3\">19:37<\/td><td class=\"column-4\">Brand<\/td><td class=\"column-5\">Entstehungsbrand im M\u00e4hdrescher, Grandorf<\/td>\n<\/tr>\n<tr class=\"row-32\">\n\t<td class=\"column-1\">31<\/td><td class=\"column-2\">23.07.17<\/td><td class=\"column-3\">09:30<\/td><td class=\"column-4\">TH<\/td><td class=\"column-5\">Amtshilfe, Absicherung Volkslauf Langenberg<\/td>\n<\/tr>\n<tr class=\"row-33\">\n\t<td class=\"column-1\">32<\/td><td class=\"column-2\">05.08.-06.08.17<\/td><td class=\"column-3\">09:30<\/td><td class=\"column-4\">KFB<\/td><td class=\"column-5\"><a href=\"http:\/\/feuerwehr-holdorf.de\/?p=1979\" target=\"_blank\">j\u00e4hrliche \u00dcbung der KFB des Landkreises Vechta, Bassum (Lk Diepholz)<\/a><\/td>\n<\/tr>\n<tr class=\"row-34\">\n\t<td class=\"column-1\">33<\/td><td class=\"column-2\">18.08.17<\/td><td class=\"column-3\">20:00<\/td><td class=\"column-4\">TH<\/td><td class=\"column-5\">Wespennester umgesiedelt, Talstra\u00dfe<\/td>\n<\/tr>\n<tr class=\"row-35\">\n\t<td class=\"column-1\">34<\/td><td class=\"column-2\">25.08.17<\/td><td class=\"column-3\">18:26<\/td><td class=\"column-4\">TH<\/td><td class=\"column-5\">T\u00fcr \u00f6ffnen, Gro\u00dfe Stra\u00dfe<\/td>\n<\/tr>\n<tr class=\"row-36\">\n\t<td class=\"column-1\">35<\/td><td class=\"column-2\">10.09.17<\/td><td class=\"column-3\">08:45<\/td><td class=\"column-4\">TH<\/td><td class=\"column-5\">Amtshilfe, Absichern Triathlon<\/td>\n<\/tr>\n<tr class=\"row-37\">\n\t<td class=\"column-1\">36<\/td><td class=\"column-2\">13.09.17<\/td><td class=\"column-3\">12:45<\/td><td class=\"column-4\">TH<\/td><td class=\"column-5\">Baum auf Fahrbahn, Ihorst<\/td>\n<\/tr>\n<tr class=\"row-38\">\n\t<td class=\"column-1\">37<\/td><td class=\"column-2\">13.09.17<\/td><td class=\"column-3\">12:45<\/td><td class=\"column-4\">TH<\/td><td class=\"column-5\">Baum auf Fahrbahn, Industriestrasse<\/td>\n<\/tr>\n<tr class=\"row-39\">\n\t<td class=\"column-1\">38<\/td><td class=\"column-2\">13.09.17<\/td><td class=\"column-3\">13:00<\/td><td class=\"column-4\">TH<\/td><td class=\"column-5\">Baum auf Fahrbahn, Dammer Strasse<\/td>\n<\/tr>\n<tr class=\"row-40\">\n\t<td class=\"column-1\">39<\/td><td class=\"column-2\">13.09.17<\/td><td class=\"column-3\">13:10<\/td><td class=\"column-4\">TH<\/td><td class=\"column-5\">Baum umgest\u00fcrzt, Am Osterberg<\/td>\n<\/tr>\n<tr class=\"row-41\">\n\t<td class=\"column-1\">40<\/td><td class=\"column-2\">13.09.17<\/td><td class=\"column-3\">13:30<\/td><td class=\"column-4\">TH<\/td><td class=\"column-5\">Baum auf Fahrbahn, Dammer Strasse<\/td>\n<\/tr>\n<tr class=\"row-42\">\n\t<td class=\"column-1\">41<\/td><td class=\"column-2\">13.09.17<\/td><td class=\"column-3\">14:00<\/td><td class=\"column-4\">TH<\/td><td class=\"column-5\">Baum auf Fahrbahn, Scharbrink<\/td>\n<\/tr>\n<tr class=\"row-43\">\n\t<td class=\"column-1\">42<\/td><td class=\"column-2\">13.09.17<\/td><td class=\"column-3\">14:15<\/td><td class=\"column-4\">TH<\/td><td class=\"column-5\">Baum auf Fahrbahn, Gramker Stra\u00dfe<\/td>\n<\/tr>\n<tr class=\"row-44\">\n\t<td class=\"column-1\">43<\/td><td class=\"column-2\">14.09.17<\/td><td class=\"column-3\">23:54<\/td><td class=\"column-4\">Fehl<\/td><td class=\"column-5\">Brandmeldeanlage, In den Wiesen<\/td>\n<\/tr>\n<tr class=\"row-45\">\n\t<td class=\"column-1\">44<\/td><td class=\"column-2\">22.09.17<\/td><td class=\"column-3\">19:26<\/td><td class=\"column-4\">Fehl<\/td><td class=\"column-5\">Brandmeldeanlage, Industriegebiet<\/td>\n<\/tr>\n<tr class=\"row-46\">\n\t<td class=\"column-1\">45<\/td><td class=\"column-2\">29.09.17<\/td><td class=\"column-3\">12:49<\/td><td class=\"column-4\">Fehl<\/td><td class=\"column-5\">Brandmeldeanlage, Alter Schulplatz<\/td>\n<\/tr>\n<tr class=\"row-47\">\n\t<td class=\"column-1\">46<\/td><td class=\"column-2\">04.10.17<\/td><td class=\"column-3\">10:43<\/td><td class=\"column-4\">TH<\/td><td class=\"column-5\"><a href=\"http:\/\/feuerwehr-holdorf.de\/?p=2020\" rel=\"noopener\" target=\"_blank\">LKW-Unfall mit eingeklemmter Person, Wahlder Strasse<\/a><\/td>\n<\/tr>\n<tr class=\"row-48\">\n\t<td class=\"column-1\">47<\/td><td class=\"column-2\">05.10.17<\/td><td class=\"column-3\">15:18<\/td><td class=\"column-4\">TH<\/td><td class=\"column-5\">umgest\u00fcrzter Baum, Gramker Strasse<\/td>\n<\/tr>\n<tr class=\"row-49\">\n\t<td class=\"column-1\">48<\/td><td class=\"column-2\">05.10.17<\/td><td class=\"column-3\">16:00<\/td><td class=\"column-4\">TH<\/td><td class=\"column-5\">gro\u00dfer Ast auf Fahrbahn, Steinfelder Strasse<\/td>\n<\/tr>\n<tr class=\"row-50\">\n\t<td class=\"column-1\">49<\/td><td class=\"column-2\">05.10.17<\/td><td class=\"column-3\">16:15<\/td><td class=\"column-4\">TH<\/td><td class=\"column-5\">Baum entwurzelt, F\u00fcflage \/ B214<\/td>\n<\/tr>\n<tr class=\"row-51\">\n\t<td class=\"column-1\">50<\/td><td class=\"column-2\">07.10.17<\/td><td class=\"column-3\">13:00<\/td><td class=\"column-4\">TH<\/td><td class=\"column-5\">Sturmsch\u00e4den beseitigen, Grandorfer Stra\u00dfe<\/td>\n<\/tr>\n<tr class=\"row-52\">\n\t<td class=\"column-1\">51<\/td><td class=\"column-2\">11.10.17<\/td><td class=\"column-3\">01:57<\/td><td class=\"column-4\">Brand<\/td><td class=\"column-5\"><a href=\"http:\/\/feuerwehr-holdorf.de\/?p=2052\">Brennt Heuballen in Schuppen, Lorser Weg (Fladderlohausen)<\/a><\/td>\n<\/tr>\n<tr class=\"row-53\">\n\t<td class=\"column-1\">52<\/td><td class=\"column-2\">16.10.17<\/td><td class=\"column-3\">06:56<\/td><td class=\"column-4\">Brand<\/td><td class=\"column-5\">Kabelbrand im LKW, B214<\/td>\n<\/tr>\n<tr class=\"row-54\">\n\t<td class=\"column-1\">53<\/td><td class=\"column-2\">29.10.17<\/td><td class=\"column-3\">06:19<\/td><td class=\"column-4\">TH<\/td><td class=\"column-5\">Gro\u00dfer Ast auf Fahrbahn, Neuenkirchener Stra\u00dfe<\/td>\n<\/tr>\n<tr class=\"row-55\">\n\t<td class=\"column-1\">54<\/td><td class=\"column-2\">06.11.17<\/td><td class=\"column-3\">17:45<\/td><td class=\"column-4\">TH<\/td><td class=\"column-5\">Absichern Laternenumzug<\/td>\n<\/tr>\n<tr class=\"row-56\">\n\t<td class=\"column-1\">55<\/td><td class=\"column-2\">11.11.17<\/td><td class=\"column-3\">8:15<\/td><td class=\"column-4\">TH<\/td><td class=\"column-5\">Sonstige Hilfeleistung, Industriestrasse<\/td>\n<\/tr>\n<tr class=\"row-57\">\n\t<td class=\"column-1\">56<\/td><td class=\"column-2\">11.11.17<\/td><td class=\"column-3\">17:00<\/td><td class=\"column-4\">TH<\/td><td class=\"column-5\">Absichern Laternenumzug, Handorf-Langenberg<\/td>\n<\/tr>\n<tr class=\"row-58\">\n\t<td class=\"column-1\">57<\/td><td class=\"column-2\">12.11.17<\/td><td class=\"column-3\">17:00<\/td><td class=\"column-4\">TH<\/td><td class=\"column-5\">Absichern Laternenumzug, Holdorf<\/td>\n<\/tr>\n<\/tbody>\n<\/table>\n<!-- #tablepress-23 from cache -->\n<p>&nbsp;<\/p>\n<p><em><strong>Erkl\u00e4rung:<br \/>\n<\/strong><\/em>BSW = Brandsicherheitswache<br \/>\nBrand = Brandeinsatz<br \/>\nTH = technische Hilfeleistung<br \/>\nFehl = Fehlalarm<br \/>\nKFB = Einsatz mit der Kreisfeuerwehrbereitschaft<br \/>\nMANV = Massenanfall von Veletzten<\/p>\n","protected":false},"excerpt":{"rendered":"<p>&nbsp; Erkl\u00e4rung: BSW = Brandsicherheitswache Brand = Brandeinsatz TH = technische Hilfeleistung Fehl = Fehlalarm KFB = Einsatz mit der Kreisfeuerwehrbereitschaft MANV = Massenanfall von Veletzten<\/p>\n","protected":false},"author":2,"featured_media":0,"parent":5399,"menu_order":0,"comment_status":"closed","ping_status":"closed","template":"","meta":{"ngg_post_thumbnail":0,"footnotes":""},"class_list":["post-1623","page","type-page","status-publish","hentry"],"_links":{"self":[{"href":"https:\/\/feuerwehr-holdorf.de\/index.php?rest_route=\/wp\/v2\/pages\/1623","targetHints":{"allow":["GET"]}}],"collection":[{"href":"https:\/\/feuerwehr-holdorf.de\/index.php?rest_route=\/wp\/v2\/pages"}],"about":[{"href":"https:\/\/feuerwehr-holdorf.de\/index.php?rest_route=\/wp\/v2\/types\/page"}],"author":[{"embeddable":true,"href":"https:\/\/feuerwehr-holdorf.de\/index.php?rest_route=\/wp\/v2\/users\/2"}],"replies":[{"embeddable":true,"href":"https:\/\/feuerwehr-holdorf.de\/index.php?rest_route=%2Fwp%2Fv2%2Fcomments&post=1623"}],"version-history":[{"count":4,"href":"https:\/\/feuerwehr-holdorf.de\/index.php?rest_route=\/wp\/v2\/pages\/1623\/revisions"}],"predecessor-version":[{"id":4103,"href":"https:\/\/feuerwehr-holdorf.de\/index.php?rest_route=\/wp\/v2\/pages\/1623\/revisions\/4103"}],"up":[{"embeddable":true,"href":"https:\/\/feuerwehr-holdorf.de\/index.php?rest_route=\/wp\/v2\/pages\/5399"}],"wp:attachment":[{"href":"https:\/\/feuerwehr-holdorf.de\/index.php?rest_route=%2Fwp%2Fv2%2Fmedia&parent=1623"}],"curies":[{"name":"wp","href":"https:\/\/api.w.org\/{rel}","templated":true}]}}