{"id":1632,"date":"2017-01-02T17:04:19","date_gmt":"2017-01-02T16:04:19","guid":{"rendered":"http:\/\/feuerwehr-holdorf.de\/?page_id=1632"},"modified":"2024-01-01T12:44:41","modified_gmt":"2024-01-01T11:44:41","slug":"einsatzfotos-2017","status":"publish","type":"page","link":"https:\/\/feuerwehr-holdorf.de\/?page_id=1632","title":{"rendered":"Einsatzfotos 2017"},"content":{"rendered":"<p style=\"text-align: center;\"><span style=\"text-decoration: underline;\"><strong><span style=\"font-size: 14pt;\">Hier finden Sie die Bildergalerien zu den Eins\u00e4tzen im Jahre 2017<\/span><\/strong><\/span><\/p>\n<p style=\"text-align: center;\"><a href=\"https:\/\/feuerwehr-holdorf.de\/?page_id=6805\"><strong>-&gt; ZUR\u00dcCK ZUR \u00dcBERSICHT<\/strong><\/a><\/p>\nngg_shortcode_0_placeholder\n","protected":false},"excerpt":{"rendered":"<p>Hier finden Sie die Bildergalerien zu den Eins\u00e4tzen im Jahre 2017 -&gt; ZUR\u00dcCK ZUR \u00dcBERSICHT<\/p>\n","protected":false},"author":2,"featured_media":0,"parent":6805,"menu_order":0,"comment_status":"closed","ping_status":"closed","template":"","meta":{"ngg_post_thumbnail":0,"footnotes":""},"class_list":["post-1632","page","type-page","status-publish","hentry"],"_links":{"self":[{"href":"https:\/\/feuerwehr-holdorf.de\/index.php?rest_route=\/wp\/v2\/pages\/1632","targetHints":{"allow":["GET"]}}],"collection":[{"href":"https:\/\/feuerwehr-holdorf.de\/index.php?rest_route=\/wp\/v2\/pages"}],"about":[{"href":"https:\/\/feuerwehr-holdorf.de\/index.php?rest_route=\/wp\/v2\/types\/page"}],"author":[{"embeddable":true,"href":"https:\/\/feuerwehr-holdorf.de\/index.php?rest_route=\/wp\/v2\/users\/2"}],"replies":[{"embeddable":true,"href":"https:\/\/feuerwehr-holdorf.de\/index.php?rest_route=%2Fwp%2Fv2%2Fcomments&post=1632"}],"version-history":[{"count":3,"href":"https:\/\/feuerwehr-holdorf.de\/index.php?rest_route=\/wp\/v2\/pages\/1632\/revisions"}],"predecessor-version":[{"id":6824,"href":"https:\/\/feuerwehr-holdorf.de\/index.php?rest_route=\/wp\/v2\/pages\/1632\/revisions\/6824"}],"up":[{"embeddable":true,"href":"https:\/\/feuerwehr-holdorf.de\/index.php?rest_route=\/wp\/v2\/pages\/6805"}],"wp:attachment":[{"href":"https:\/\/feuerwehr-holdorf.de\/index.php?rest_route=%2Fwp%2Fv2%2Fmedia&parent=1632"}],"curies":[{"name":"wp","href":"https:\/\/api.w.org\/{rel}","templated":true}]}}