{"id":177,"date":"2016-08-12T10:38:45","date_gmt":"2016-08-12T08:38:45","guid":{"rendered":"http:\/\/wp.feuerwehr-holdorf.de\/?page_id=177"},"modified":"2025-12-18T21:21:58","modified_gmt":"2025-12-18T20:21:58","slug":"einsaetze-ff-holdorf-2011","status":"publish","type":"page","link":"https:\/\/feuerwehr-holdorf.de\/?page_id=177","title":{"rendered":"Eins\u00e4tze FF Holdorf 2011"},"content":{"rendered":"\n<table id=\"tablepress-2\" class=\"tablepress tablepress-id-2\">\n<thead>\n<tr class=\"row-1\">\n\t<th class=\"column-1\">Nr.<\/th><th class=\"column-2\">Datum<\/th><th class=\"column-3\">Zeit<\/th><th class=\"column-4\">Art<\/th><th class=\"column-5\">Einsatz<\/th>\n<\/tr>\n<\/thead>\n<tbody class=\"row-striping row-hover\">\n<tr class=\"row-2\">\n\t<td class=\"column-1\">1<\/td><td class=\"column-2\">13.01.11<\/td><td class=\"column-3\">7:47<\/td><td class=\"column-4\">Brand<\/td><td class=\"column-5\">LKW-Brand, A1 Rtg. Osnabr\u00fcck<\/td>\n<\/tr>\n<tr class=\"row-3\">\n\t<td class=\"column-1\">2<\/td><td class=\"column-2\">21.01.11<\/td><td class=\"column-3\">4:41<\/td><td class=\"column-4\">TH<\/td><td class=\"column-5\">Diesel aufnehmen nach VU, A1 Rtg. Osnabr\u00fcck<\/td>\n<\/tr>\n<tr class=\"row-4\">\n\t<td class=\"column-1\">3<\/td><td class=\"column-2\">15.03.11<\/td><td class=\"column-3\">19:32<\/td><td class=\"column-4\">TH<\/td><td class=\"column-5\">\u00dcbung: Verkehrsunfall, F\u00fcflage<\/td>\n<\/tr>\n<tr class=\"row-5\">\n\t<td class=\"column-1\">4<\/td><td class=\"column-2\">26.03.11<\/td><td class=\"column-3\">12:50<\/td><td class=\"column-4\">TH<\/td><td class=\"column-5\">\u00d6lspur, B214 (Ihorst)<\/td>\n<\/tr>\n<tr class=\"row-6\">\n\t<td class=\"column-1\">5<\/td><td class=\"column-2\">10.04.11<\/td><td class=\"column-3\">14:48<\/td><td class=\"column-4\">Brand<\/td><td class=\"column-5\">Schornsteinbrand, Sonnenbreite<\/td>\n<\/tr>\n<tr class=\"row-7\">\n\t<td class=\"column-1\">6<\/td><td class=\"column-2\">22.04.11<\/td><td class=\"column-3\">20:55<\/td><td class=\"column-4\">Brand<\/td><td class=\"column-5\">Stallbrand in Grandorf<\/td>\n<\/tr>\n<tr class=\"row-8\">\n\t<td class=\"column-1\">7<\/td><td class=\"column-2\">23.04.11<\/td><td class=\"column-3\">10:00<\/td><td class=\"column-4\">Brand<\/td><td class=\"column-5\">Nachl\u00f6scharbeiten alte Brandstelle<\/td>\n<\/tr>\n<tr class=\"row-9\">\n\t<td class=\"column-1\">8<\/td><td class=\"column-2\">24.04.11<\/td><td class=\"column-3\">19:00<\/td><td class=\"column-4\">Brand<\/td><td class=\"column-5\">Nachl\u00f6scharbeiten alte Brandstelle<\/td>\n<\/tr>\n<tr class=\"row-10\">\n\t<td class=\"column-1\">9<\/td><td class=\"column-2\">02.05.11<\/td><td class=\"column-3\">0:55<\/td><td class=\"column-4\">TH<\/td><td class=\"column-5\">Kontrolle nach Funkenflug, Zum Hansacenter<\/td>\n<\/tr>\n<tr class=\"row-11\">\n\t<td class=\"column-1\">10<\/td><td class=\"column-2\">08.05.11<\/td><td class=\"column-3\">4:45<\/td><td class=\"column-4\">Brand<\/td><td class=\"column-5\">Zimmerbrand, Bergstra\u00dfe<\/td>\n<\/tr>\n<tr class=\"row-12\">\n\t<td class=\"column-1\">11<\/td><td class=\"column-2\">09.05.11<\/td><td class=\"column-3\">20:01<\/td><td class=\"column-4\">Brand<\/td><td class=\"column-5\">Waldbrand, Grapperhausen<\/td>\n<\/tr>\n<tr class=\"row-13\">\n\t<td class=\"column-1\">12<\/td><td class=\"column-2\">10.05.11<\/td><td class=\"column-3\">13:16<\/td><td class=\"column-4\">Brand<\/td><td class=\"column-5\">Entstehungsbrand, Dammer Stra\u00dfe<\/td>\n<\/tr>\n<tr class=\"row-14\">\n\t<td class=\"column-1\">13<\/td><td class=\"column-2\">11.05.11<\/td><td class=\"column-3\">7:55<\/td><td class=\"column-4\">Fehl<\/td><td class=\"column-5\">Brandmeldeanlage, Industriegebiet<\/td>\n<\/tr>\n<tr class=\"row-15\">\n\t<td class=\"column-1\">14<\/td><td class=\"column-2\">16.05.11<\/td><td class=\"column-3\">18:20<\/td><td class=\"column-4\">TH<\/td><td class=\"column-5\"><a href=\"http:\/\/www.rohonline.de\/?p=3661\">VU mit eingeklemmter Person, Industriestra\u00dfe<\/a><\/td>\n<\/tr>\n<tr class=\"row-16\">\n\t<td class=\"column-1\">15<\/td><td class=\"column-2\">29.05.11<\/td><td class=\"column-3\">8:15<\/td><td class=\"column-4\">TH<\/td><td class=\"column-5\">Amtshilfe, Verkehrssicherung<\/td>\n<\/tr>\n<tr class=\"row-17\">\n\t<td class=\"column-1\">16<\/td><td class=\"column-2\">30.05.11<\/td><td class=\"column-3\">16:26<\/td><td class=\"column-4\">Brand<\/td><td class=\"column-5\">Entstehungsbrand, Am \u00d6lberg<\/td>\n<\/tr>\n<tr class=\"row-18\">\n\t<td class=\"column-1\">17<\/td><td class=\"column-2\">30.05.11<\/td><td class=\"column-3\">19:10<\/td><td class=\"column-4\">Brand<\/td><td class=\"column-5\">\u00dcbung: angenommener Geb\u00e4udebrand, Gro\u00dfe Strasse<\/td>\n<\/tr>\n<tr class=\"row-19\">\n\t<td class=\"column-1\">18<\/td><td class=\"column-2\">31.05.11<\/td><td class=\"column-3\">17:24<\/td><td class=\"column-4\">TH<\/td><td class=\"column-5\">\u00d6lspur, Badberger Stra\u00dfe<\/td>\n<\/tr>\n<tr class=\"row-20\">\n\t<td class=\"column-1\">19<\/td><td class=\"column-2\">02.06.11<\/td><td class=\"column-3\">19:45<\/td><td class=\"column-4\">Brand<\/td><td class=\"column-5\">Heckenbrand, Achtern Diek<\/td>\n<\/tr>\n<tr class=\"row-21\">\n\t<td class=\"column-1\">20<\/td><td class=\"column-2\">04.06.11<\/td><td class=\"column-3\">3:53<\/td><td class=\"column-4\">Fehl<\/td><td class=\"column-5\">Unklare Rauchentwicklung, Heerweg<\/td>\n<\/tr>\n<tr class=\"row-22\">\n\t<td class=\"column-1\">21<\/td><td class=\"column-2\">06.06.11<\/td><td class=\"column-3\">22:24<\/td><td class=\"column-4\">TH<\/td><td class=\"column-5\"><a href=\"http:\/\/www.rohonline.de\/?p=3717\">Keller auspumpen, Nachbarschaftshilfe Damme<\/a><\/td>\n<\/tr>\n<tr class=\"row-23\">\n\t<td class=\"column-1\">22<\/td><td class=\"column-2\">07.06.11<\/td><td class=\"column-3\">22:56<\/td><td class=\"column-4\">Fehl<\/td><td class=\"column-5\">Brandmeldeanlage, Steinfelder Stra\u00dfe<\/td>\n<\/tr>\n<tr class=\"row-24\">\n\t<td class=\"column-1\">23<\/td><td class=\"column-2\">09.06.11<\/td><td class=\"column-3\">21:59<\/td><td class=\"column-4\">Fehl<\/td><td class=\"column-5\">Brandmeldeanlage, Industriegebiet<\/td>\n<\/tr>\n<tr class=\"row-25\">\n\t<td class=\"column-1\">24<\/td><td class=\"column-2\">11.06.11<\/td><td class=\"column-3\">15:20<\/td><td class=\"column-4\">TH<\/td><td class=\"column-5\">Verkehrsunfall, A1 Rt. Bremen<\/td>\n<\/tr>\n<tr class=\"row-26\">\n\t<td class=\"column-1\">25<\/td><td class=\"column-2\">16.06.11<\/td><td class=\"column-3\">15:15<\/td><td class=\"column-4\">TH<\/td><td class=\"column-5\">Baum auf Fahrbahn, Scheelenhorst<\/td>\n<\/tr>\n<tr class=\"row-27\">\n\t<td class=\"column-1\">26<\/td><td class=\"column-2\">23.06.11<\/td><td class=\"column-3\">12:34<\/td><td class=\"column-4\">Brand<\/td><td class=\"column-5\">PKW-Brand, A1 Rtg. Osnabr\u00fcck<\/td>\n<\/tr>\n<tr class=\"row-28\">\n\t<td class=\"column-1\">27<\/td><td class=\"column-2\">26.06.11<\/td><td class=\"column-3\">14:00<\/td><td class=\"column-4\">TH<\/td><td class=\"column-5\">Amtshilfe Polizei, Stra\u00dfenabsicherung<\/td>\n<\/tr>\n<tr class=\"row-29\">\n\t<td class=\"column-1\">28<\/td><td class=\"column-2\">27.06.11<\/td><td class=\"column-3\">19:39<\/td><td class=\"column-4\">Brand<\/td><td class=\"column-5\">Scheunenbrand, An der Dersaburg<\/td>\n<\/tr>\n<tr class=\"row-30\">\n\t<td class=\"column-1\">29<\/td><td class=\"column-2\">29.06.11<\/td><td class=\"column-3\">12:50<\/td><td class=\"column-4\">Brand<\/td><td class=\"column-5\">Brandeinsatz in Damme<\/td>\n<\/tr>\n<tr class=\"row-31\">\n\t<td class=\"column-1\">30<\/td><td class=\"column-2\">29.06.11<\/td><td class=\"column-3\">18:11<\/td><td class=\"column-4\">Brand<\/td><td class=\"column-5\">PKW-Brand, Ihorst<\/td>\n<\/tr>\n<tr class=\"row-32\">\n\t<td class=\"column-1\">31<\/td><td class=\"column-2\">01.07.11<\/td><td class=\"column-3\">14:47<\/td><td class=\"column-4\">TH<\/td><td class=\"column-5\">Menschenrettung, Bergstra\u00dfe<\/td>\n<\/tr>\n<tr class=\"row-33\">\n\t<td class=\"column-1\">32<\/td><td class=\"column-2\">11.07.11<\/td><td class=\"column-3\">19:50<\/td><td class=\"column-4\">Fehl<\/td><td class=\"column-5\">Brandmeldeanlage, Industriegebiet<\/td>\n<\/tr>\n<tr class=\"row-34\">\n\t<td class=\"column-1\">33<\/td><td class=\"column-2\">20.07.11<\/td><td class=\"column-3\">18:38<\/td><td class=\"column-4\">TH<\/td><td class=\"column-5\">Nachbarschaftshilfe, Personensuche Neuenkirchen<\/td>\n<\/tr>\n<tr class=\"row-35\">\n\t<td class=\"column-1\">34<\/td><td class=\"column-2\">23.08.11<\/td><td class=\"column-3\">0:30<\/td><td class=\"column-4\">TH<\/td><td class=\"column-5\">Stra\u00dfe von Stroh gereinigt, Gro\u00dfe Stra\u00dfe<\/td>\n<\/tr>\n<tr class=\"row-36\">\n\t<td class=\"column-1\">35<\/td><td class=\"column-2\">29.08.11<\/td><td class=\"column-3\">6:43<\/td><td class=\"column-4\">Brand<\/td><td class=\"column-5\">PKW-Brand, Dammer Stra\u00dfe<\/td>\n<\/tr>\n<tr class=\"row-37\">\n\t<td class=\"column-1\">36<\/td><td class=\"column-2\">03.09.11<\/td><td class=\"column-3\">1:17<\/td><td class=\"column-4\">TH<\/td><td class=\"column-5\"><a href=\"http:\/\/www.rohonline.de\/?p=4083\">Betriebsstoffe aufnehmen nach VU, B214<\/a><\/td>\n<\/tr>\n<tr class=\"row-38\">\n\t<td class=\"column-1\">37<\/td><td class=\"column-2\">11.09.11<\/td><td class=\"column-3\">23:20<\/td><td class=\"column-4\">Brand<\/td><td class=\"column-5\">Containerbrand, M\u00fchlenbachstra\u00dfe<\/td>\n<\/tr>\n<tr class=\"row-39\">\n\t<td class=\"column-1\">38<\/td><td class=\"column-2\">17.09.11<\/td><td class=\"column-3\">18:12<\/td><td class=\"column-4\">Brand<\/td><td class=\"column-5\">Heckenbrand, Ringstra\u00dfe<\/td>\n<\/tr>\n<tr class=\"row-40\">\n\t<td class=\"column-1\">39<\/td><td class=\"column-2\">21.09.11<\/td><td class=\"column-3\">22:55<\/td><td class=\"column-4\">Brand<\/td><td class=\"column-5\">Gro\u00dfbrand in Neuenkirchen<\/td>\n<\/tr>\n<tr class=\"row-41\">\n\t<td class=\"column-1\">40<\/td><td class=\"column-2\">11.10.11<\/td><td class=\"column-3\">23:15<\/td><td class=\"column-4\">Brand<\/td><td class=\"column-5\"><a href=\"http:\/\/www.rohonline.de\/?p=4204\">Zimmerbrand, Dammer Stra\u00dfe<\/a><\/td>\n<\/tr>\n<tr class=\"row-42\">\n\t<td class=\"column-1\">41<\/td><td class=\"column-2\">12.10.11<\/td><td class=\"column-3\">19:26<\/td><td class=\"column-4\">Fehl<\/td><td class=\"column-5\">Brandmeldeanlage, Industriegebiet<\/td>\n<\/tr>\n<tr class=\"row-43\">\n\t<td class=\"column-1\">42<\/td><td class=\"column-2\">23.10.11<\/td><td class=\"column-3\">2:57<\/td><td class=\"column-4\">TH<\/td><td class=\"column-5\">Verkehrsunfall Umgehungsstra\u00dfe Holdorf -> Steinfeld<\/td>\n<\/tr>\n<tr class=\"row-44\">\n\t<td class=\"column-1\">43<\/td><td class=\"column-2\">23.10.11<\/td><td class=\"column-3\">7:26<\/td><td class=\"column-4\">TH<\/td><td class=\"column-5\">Dieseltank bei Unfall aufgerissen, A1 Rtg. Bremen<\/td>\n<\/tr>\n<tr class=\"row-45\">\n\t<td class=\"column-1\">44<\/td><td class=\"column-2\">19.11.11<\/td><td class=\"column-3\">22:54<\/td><td class=\"column-4\">TH<\/td><td class=\"column-5\">T\u00fcr\u00f6ffnung, Erlengrund<\/td>\n<\/tr>\n<tr class=\"row-46\">\n\t<td class=\"column-1\">45<\/td><td class=\"column-2\">26.11.11<\/td><td class=\"column-3\">10:00<\/td><td class=\"column-4\">TH<\/td><td class=\"column-5\">T\u00fcr\u00f6ffnung, Ostring<\/td>\n<\/tr>\n<tr class=\"row-47\">\n\t<td class=\"column-1\">46<\/td><td class=\"column-2\">29.11.11<\/td><td class=\"column-3\">17:45<\/td><td class=\"column-4\">TH<\/td><td class=\"column-5\">Ausleuchten nach VU, Fladderlohausen<\/td>\n<\/tr>\n<tr class=\"row-48\">\n\t<td class=\"column-1\">47<\/td><td class=\"column-2\">02.12.11<\/td><td class=\"column-3\">11:14<\/td><td class=\"column-4\">TH<\/td><td class=\"column-5\">\u00d6lspur, Industriestra\u00dfe<\/td>\n<\/tr>\n<tr class=\"row-49\">\n\t<td class=\"column-1\">48<\/td><td class=\"column-2\">07.12.11<\/td><td class=\"column-3\">20:28<\/td><td class=\"column-4\">TH<\/td><td class=\"column-5\">Baum auf Fahrbahn, L852<\/td>\n<\/tr>\n<tr class=\"row-50\">\n\t<td class=\"column-1\">49<\/td><td class=\"column-2\">09.12.11<\/td><td class=\"column-3\">15:41<\/td><td class=\"column-4\">Brand<\/td><td class=\"column-5\">Brandgeruch, Dammer Stra\u00dfe, ohne Fund<\/td>\n<\/tr>\n<tr class=\"row-51\">\n\t<td class=\"column-1\">50<\/td><td class=\"column-2\">10.12.11<\/td><td class=\"column-3\">10:12<\/td><td class=\"column-4\">Brand<\/td><td class=\"column-5\">PKW-Brand, A1 Rtg. Osnabr\u00fcck<\/td>\n<\/tr>\n<tr class=\"row-52\">\n\t<td class=\"column-1\">51<\/td><td class=\"column-2\">29.12.11<\/td><td class=\"column-3\">16:57<\/td><td class=\"column-4\">Brand<\/td><td class=\"column-5\">Entstehungsbrand, Auf dem Kamp<\/td>\n<\/tr>\n<\/tbody>\n<\/table>\n<!-- #tablepress-2 from cache -->\n<p>&nbsp;<\/p>\n<p><em><strong>Erkl\u00e4rung:<br \/>\n<\/strong><\/em>BSW = Brandsicherheitswache<br \/>\nBrand = Brandeinsatz<br \/>\nTH = technische Hilfeleistung<br \/>\nFehl = Fehlalarm<br \/>\nKFB = Einsatz mit der Kreisfeuerwehrbereitschaft<br \/>\nMANV = Massenanfall von Veletzten<\/p>\n","protected":false},"excerpt":{"rendered":"<p>&nbsp; Erkl\u00e4rung: BSW = Brandsicherheitswache Brand = Brandeinsatz TH = technische Hilfeleistung Fehl = Fehlalarm KFB = Einsatz mit der Kreisfeuerwehrbereitschaft MANV = Massenanfall von Veletzten<\/p>\n","protected":false},"author":2,"featured_media":0,"parent":5399,"menu_order":0,"comment_status":"closed","ping_status":"closed","template":"","meta":{"ngg_post_thumbnail":0,"footnotes":""},"class_list":["post-177","page","type-page","status-publish","hentry"],"_links":{"self":[{"href":"https:\/\/feuerwehr-holdorf.de\/index.php?rest_route=\/wp\/v2\/pages\/177","targetHints":{"allow":["GET"]}}],"collection":[{"href":"https:\/\/feuerwehr-holdorf.de\/index.php?rest_route=\/wp\/v2\/pages"}],"about":[{"href":"https:\/\/feuerwehr-holdorf.de\/index.php?rest_route=\/wp\/v2\/types\/page"}],"author":[{"embeddable":true,"href":"https:\/\/feuerwehr-holdorf.de\/index.php?rest_route=\/wp\/v2\/users\/2"}],"replies":[{"embeddable":true,"href":"https:\/\/feuerwehr-holdorf.de\/index.php?rest_route=%2Fwp%2Fv2%2Fcomments&post=177"}],"version-history":[{"count":3,"href":"https:\/\/feuerwehr-holdorf.de\/index.php?rest_route=\/wp\/v2\/pages\/177\/revisions"}],"predecessor-version":[{"id":4097,"href":"https:\/\/feuerwehr-holdorf.de\/index.php?rest_route=\/wp\/v2\/pages\/177\/revisions\/4097"}],"up":[{"embeddable":true,"href":"https:\/\/feuerwehr-holdorf.de\/index.php?rest_route=\/wp\/v2\/pages\/5399"}],"wp:attachment":[{"href":"https:\/\/feuerwehr-holdorf.de\/index.php?rest_route=%2Fwp%2Fv2%2Fmedia&parent=177"}],"curies":[{"name":"wp","href":"https:\/\/api.w.org\/{rel}","templated":true}]}}