{"id":179,"date":"2016-08-12T10:39:05","date_gmt":"2016-08-12T08:39:05","guid":{"rendered":"http:\/\/wp.feuerwehr-holdorf.de\/?page_id=179"},"modified":"2025-12-18T21:21:58","modified_gmt":"2025-12-18T20:21:58","slug":"einsaetze-ff-holdorf-2012","status":"publish","type":"page","link":"https:\/\/feuerwehr-holdorf.de\/?page_id=179","title":{"rendered":"Eins\u00e4tze FF Holdorf 2012"},"content":{"rendered":"\n<table id=\"tablepress-3\" class=\"tablepress tablepress-id-3\">\n<thead>\n<tr class=\"row-1\">\n\t<th class=\"column-1\">Nr.<\/th><th class=\"column-2\">Datum<\/th><th class=\"column-3\">Zeit<\/th><th class=\"column-4\">Art<\/th><th class=\"column-5\">Einsatz<\/th>\n<\/tr>\n<\/thead>\n<tbody class=\"row-striping row-hover\">\n<tr class=\"row-2\">\n\t<td class=\"column-1\">1<\/td><td class=\"column-2\">08.01.2012<\/td><td class=\"column-3\">12:00<\/td><td class=\"column-4\">TH<\/td><td class=\"column-5\">Verkehrssicherung Eiswette<\/td>\n<\/tr>\n<tr class=\"row-3\">\n\t<td class=\"column-1\">2<\/td><td class=\"column-2\">15.01.2012<\/td><td class=\"column-3\">12:25<\/td><td class=\"column-4\">Fehl<\/td><td class=\"column-5\">Brandmeldeanlage, Industriegebiet<\/td>\n<\/tr>\n<tr class=\"row-4\">\n\t<td class=\"column-1\">3<\/td><td class=\"column-2\">16.01.2012<\/td><td class=\"column-3\">00:27<\/td><td class=\"column-4\">Brand<\/td><td class=\"column-5\">Brand Hotel T\u00f6werland Steinfeld<\/td>\n<\/tr>\n<tr class=\"row-5\">\n\t<td class=\"column-1\">4<\/td><td class=\"column-2\">31.01.2012<\/td><td class=\"column-3\">19:20<\/td><td class=\"column-4\">Brand<\/td><td class=\"column-5\">Komposterbrand, Am Steinbrink<\/td>\n<\/tr>\n<tr class=\"row-6\">\n\t<td class=\"column-1\">5<\/td><td class=\"column-2\">05.02.2012<\/td><td class=\"column-3\">15:20<\/td><td class=\"column-4\">Fehl<\/td><td class=\"column-5\">PKW Brand Autobahn<\/td>\n<\/tr>\n<tr class=\"row-7\">\n\t<td class=\"column-1\">6<\/td><td class=\"column-2\">11.02.2012<\/td><td class=\"column-3\">11:33<\/td><td class=\"column-4\">TH<\/td><td class=\"column-5\">\u00dcbung: Eisrettung Heidesee<\/td>\n<\/tr>\n<tr class=\"row-8\">\n\t<td class=\"column-1\">7<\/td><td class=\"column-2\">21.02.2012<\/td><td class=\"column-3\">14:59<\/td><td class=\"column-4\">TH<\/td><td class=\"column-5\">Verkehrsunfall mit eingeklemmter Person, B214<\/td>\n<\/tr>\n<tr class=\"row-9\">\n\t<td class=\"column-1\">8<\/td><td class=\"column-2\">09.03.2012<\/td><td class=\"column-3\">17:35<\/td><td class=\"column-4\">Brand<\/td><td class=\"column-5\">Containerbrand, M\u00fchlenbachstra\u00dfe<\/td>\n<\/tr>\n<tr class=\"row-10\">\n\t<td class=\"column-1\">9<\/td><td class=\"column-2\">10.03.2012<\/td><td class=\"column-3\">09:42<\/td><td class=\"column-4\">TH<\/td><td class=\"column-5\">\u00d6lspur, B 214<\/td>\n<\/tr>\n<tr class=\"row-11\">\n\t<td class=\"column-1\">10<\/td><td class=\"column-2\">13.03.2012<\/td><td class=\"column-3\">23:47<\/td><td class=\"column-4\">Brand<\/td><td class=\"column-5\">Gro\u00dfbrand in Neuenkirchen<\/td>\n<\/tr>\n<tr class=\"row-12\">\n\t<td class=\"column-1\">11<\/td><td class=\"column-2\">06.04.2012<\/td><td class=\"column-3\">11:02<\/td><td class=\"column-4\">Brand<\/td><td class=\"column-5\">Zimmerbrand, Gramker Stra\u00dfe<\/td>\n<\/tr>\n<tr class=\"row-13\">\n\t<td class=\"column-1\">12<\/td><td class=\"column-2\">06.04.2012<\/td><td class=\"column-3\">17:00<\/td><td class=\"column-4\">Brand<\/td><td class=\"column-5\">Brand im Keller, Bahnhofsallee<\/td>\n<\/tr>\n<tr class=\"row-14\">\n\t<td class=\"column-1\">13<\/td><td class=\"column-2\">16.04.2012<\/td><td class=\"column-3\">01:03<\/td><td class=\"column-4\">TH<\/td><td class=\"column-5\">Verkehrsunfall BAB1, Rtg. Osnabr\u00fcck<\/td>\n<\/tr>\n<tr class=\"row-15\">\n\t<td class=\"column-1\">14<\/td><td class=\"column-2\">16.04.2012<\/td><td class=\"column-3\">23:16<\/td><td class=\"column-4\">Brand<\/td><td class=\"column-5\">Gro\u00dfbrand in Neuenkirchen<\/td>\n<\/tr>\n<tr class=\"row-16\">\n\t<td class=\"column-1\">15<\/td><td class=\"column-2\">27.04.2012<\/td><td class=\"column-3\">19:42<\/td><td class=\"column-4\">Fehl<\/td><td class=\"column-5\">gemeldeter LKW-Brand, BAB1 Rtg. Bremen<\/td>\n<\/tr>\n<tr class=\"row-17\">\n\t<td class=\"column-1\">16<\/td><td class=\"column-2\">03.05.2012<\/td><td class=\"column-3\">09:00<\/td><td class=\"column-4\">Brand<\/td><td class=\"column-5\">K\u00fcchenbrand, Am Vo\u00dfberg<\/td>\n<\/tr>\n<tr class=\"row-18\">\n\t<td class=\"column-1\">17<\/td><td class=\"column-2\">09.05.2012<\/td><td class=\"column-3\">03:07<\/td><td class=\"column-4\">Brand<\/td><td class=\"column-5\">Entstehungsbrand, Gartenstrasse<\/td>\n<\/tr>\n<tr class=\"row-19\">\n\t<td class=\"column-1\">18<\/td><td class=\"column-2\">13.05.2012<\/td><td class=\"column-3\">13:45<\/td><td class=\"column-4\">TH<\/td><td class=\"column-5\">Stra\u00dfenabsicherung Sch\u00fctzenfest Lorse<\/td>\n<\/tr>\n<tr class=\"row-20\">\n\t<td class=\"column-1\">19<\/td><td class=\"column-2\">14.05.2012<\/td><td class=\"column-3\">09:20<\/td><td class=\"column-4\">Fehl<\/td><td class=\"column-5\">Brandmeldeanlage, Industriegebiet<\/td>\n<\/tr>\n<tr class=\"row-21\">\n\t<td class=\"column-1\">20<\/td><td class=\"column-2\">17.05.2012<\/td><td class=\"column-3\">10:57<\/td><td class=\"column-4\">TH<\/td><td class=\"column-5\">Baum auf Fahrbahn, Im kleinen Esch<\/td>\n<\/tr>\n<tr class=\"row-22\">\n\t<td class=\"column-1\">21<\/td><td class=\"column-2\">23.05.2012<\/td><td class=\"column-3\">19:41<\/td><td class=\"column-4\">TH<\/td><td class=\"column-5\">B\u00e4ume auf Fahrbahn, Ihorst \/ Grenzgebiet Steinfeld<\/td>\n<\/tr>\n<tr class=\"row-23\">\n\t<td class=\"column-1\">22<\/td><td class=\"column-2\">25.05.2012<\/td><td class=\"column-3\">10:42<\/td><td class=\"column-4\">Brand<\/td><td class=\"column-5\">Kleinbrand, Handorfer Stra\u00dfe<\/td>\n<\/tr>\n<tr class=\"row-24\">\n\t<td class=\"column-1\">23<\/td><td class=\"column-2\">02.06.2012<\/td><td class=\"column-3\">18:00<\/td><td class=\"column-4\">Brand<\/td><td class=\"column-5\">M\u00fclltonnenbrand mit \u00dcbergriff auf Geb\u00e4ude, Gartenstra\u00dfe<\/td>\n<\/tr>\n<tr class=\"row-25\">\n\t<td class=\"column-1\">24<\/td><td class=\"column-2\">08.06.2012<\/td><td class=\"column-3\">20:45<\/td><td class=\"column-4\">TH<\/td><td class=\"column-5\">TH nach Sturmschaden, Ihorst<\/td>\n<\/tr>\n<tr class=\"row-26\">\n\t<td class=\"column-1\">25<\/td><td class=\"column-2\">08.06.2012<\/td><td class=\"column-3\">23:34<\/td><td class=\"column-4\">TH<\/td><td class=\"column-5\">Baum auf Fahrbahn, Ihorst<\/td>\n<\/tr>\n<tr class=\"row-27\">\n\t<td class=\"column-1\">26<\/td><td class=\"column-2\">11.06.2012<\/td><td class=\"column-3\">06:58<\/td><td class=\"column-4\">Brand<\/td><td class=\"column-5\">LKW-Brand, BAB1 Rtg. Bremen, KM184<\/td>\n<\/tr>\n<tr class=\"row-28\">\n\t<td class=\"column-1\">27<\/td><td class=\"column-2\">23.06.2012<\/td><td class=\"column-3\">23:32<\/td><td class=\"column-4\">TH<\/td><td class=\"column-5\">Baum auf Fahrbahn nach VU, Steinfelder Damm<\/td>\n<\/tr>\n<tr class=\"row-29\">\n\t<td class=\"column-1\">28<\/td><td class=\"column-2\">27.06.2012<\/td><td class=\"column-3\">16:22<\/td><td class=\"column-4\">TH<\/td><td class=\"column-5\">Hilfeleistung nach VU, Langenberg<\/td>\n<\/tr>\n<tr class=\"row-30\">\n\t<td class=\"column-1\">29<\/td><td class=\"column-2\">05.07.2012<\/td><td class=\"column-3\">23:19<\/td><td class=\"column-4\">Brand<\/td><td class=\"column-5\">M\u00fclltonnenbrand, Heideweg (FW-Haus)<\/td>\n<\/tr>\n<tr class=\"row-31\">\n\t<td class=\"column-1\">30<\/td><td class=\"column-2\">12.07.2012<\/td><td class=\"column-3\">16:17<\/td><td class=\"column-4\">Brand<\/td><td class=\"column-5\">Schuppenbrand, Mettenhof<\/td>\n<\/tr>\n<tr class=\"row-32\">\n\t<td class=\"column-1\">31<\/td><td class=\"column-2\">13.07.2012<\/td><td class=\"column-3\">02:36<\/td><td class=\"column-4\">TH<\/td><td class=\"column-5\">LKW-Unfall mit Gefahrgut, BAB1, KM187<\/td>\n<\/tr>\n<tr class=\"row-33\">\n\t<td class=\"column-1\">32<\/td><td class=\"column-2\">15.07.2012<\/td><td class=\"column-3\">06:17<\/td><td class=\"column-4\">TH<\/td><td class=\"column-5\">Verkehrsunfall mit eingeklemmter Person, Ihorst<\/td>\n<\/tr>\n<tr class=\"row-34\">\n\t<td class=\"column-1\">33<\/td><td class=\"column-2\">16.07.2012<\/td><td class=\"column-3\">13:31<\/td><td class=\"column-4\">Fehl<\/td><td class=\"column-5\">gemeldetes Feuer \/ Rauchentwicklung<\/td>\n<\/tr>\n<tr class=\"row-35\">\n\t<td class=\"column-1\">34<\/td><td class=\"column-2\">21.07.2012<\/td><td class=\"column-3\">17:30<\/td><td class=\"column-4\">TH<\/td><td class=\"column-5\">Stra\u00dfenabsicherung Volkslauf Langenberg<\/td>\n<\/tr>\n<tr class=\"row-36\">\n\t<td class=\"column-1\">35<\/td><td class=\"column-2\">29.07.2012<\/td><td class=\"column-3\">09:16<\/td><td class=\"column-4\">TH<\/td><td class=\"column-5\">Baum auf Fahrbahn, Ihorst<\/td>\n<\/tr>\n<tr class=\"row-37\">\n\t<td class=\"column-1\">36<\/td><td class=\"column-2\">29.07.2012<\/td><td class=\"column-3\">11:22<\/td><td class=\"column-4\">TH<\/td><td class=\"column-5\">\u00d6lspur, B214 (Kreisel Ihorst)<\/td>\n<\/tr>\n<tr class=\"row-38\">\n\t<td class=\"column-1\">37<\/td><td class=\"column-2\">03.08.2012<\/td><td class=\"column-3\">11:17<\/td><td class=\"column-4\">Brand<\/td><td class=\"column-5\">Brand in Heizungsraum, Gro\u00dfe Stra\u00dfe<\/td>\n<\/tr>\n<tr class=\"row-39\">\n\t<td class=\"column-1\">38<\/td><td class=\"column-2\">09.08.2012<\/td><td class=\"column-3\">23:25<\/td><td class=\"column-4\">Fehl<\/td><td class=\"column-5\">Brandmeldeanlage, In den Wiesen<\/td>\n<\/tr>\n<tr class=\"row-40\">\n\t<td class=\"column-1\">39<\/td><td class=\"column-2\">17.08.2012<\/td><td class=\"column-3\">12:00<\/td><td class=\"column-4\">Brand<\/td><td class=\"column-5\">PKW-Brand, Autobahnmeisterei<\/td>\n<\/tr>\n<tr class=\"row-41\">\n\t<td class=\"column-1\">40<\/td><td class=\"column-2\">20.08.2012<\/td><td class=\"column-3\">14:40<\/td><td class=\"column-4\">TH<\/td><td class=\"column-5\">Menschenrettung Heidesee, kein Einsatz mehr erforderlich<\/td>\n<\/tr>\n<tr class=\"row-42\">\n\t<td class=\"column-1\">41<\/td><td class=\"column-2\">22.08.2012<\/td><td class=\"column-3\">20:00<\/td><td class=\"column-4\">TH<\/td><td class=\"column-5\">Wespennest umgesiedelt, Neuenkirchener Str.<\/td>\n<\/tr>\n<tr class=\"row-43\">\n\t<td class=\"column-1\">42<\/td><td class=\"column-2\">25.08.2012<\/td><td class=\"column-3\">00:23<\/td><td class=\"column-4\">Brand<\/td><td class=\"column-5\">Containerbrand, Am \u00d6lberg<\/td>\n<\/tr>\n<tr class=\"row-44\">\n\t<td class=\"column-1\">43<\/td><td class=\"column-2\">25.08.2012<\/td><td class=\"column-3\">18:00<\/td><td class=\"column-4\">BSW<\/td><td class=\"column-5\">Brandwache, Konzert am Kalksandsteinsee<\/td>\n<\/tr>\n<tr class=\"row-45\">\n\t<td class=\"column-1\">44<\/td><td class=\"column-2\">26.08.2012<\/td><td class=\"column-3\">12:30<\/td><td class=\"column-4\">TH<\/td><td class=\"column-5\">Verkehrssicherung Musikerbundesfest<\/td>\n<\/tr>\n<tr class=\"row-46\">\n\t<td class=\"column-1\">45<\/td><td class=\"column-2\">31.08.2012<\/td><td class=\"column-3\">15:12<\/td><td class=\"column-4\">TH<\/td><td class=\"column-5\">Keller unter Wasser, Bergstrasse<\/td>\n<\/tr>\n<tr class=\"row-47\">\n\t<td class=\"column-1\">46<\/td><td class=\"column-2\">31.08.2012<\/td><td class=\"column-3\">15:12<\/td><td class=\"column-4\">TH<\/td><td class=\"column-5\">Keller unter Wasser, Bergstrasse<\/td>\n<\/tr>\n<tr class=\"row-48\">\n\t<td class=\"column-1\">47<\/td><td class=\"column-2\">31.08.2012<\/td><td class=\"column-3\">15:50<\/td><td class=\"column-4\">TH<\/td><td class=\"column-5\">Wasser in Garage, Ernst-B\u00f6hm-Strasse<\/td>\n<\/tr>\n<tr class=\"row-49\">\n\t<td class=\"column-1\">48<\/td><td class=\"column-2\">31.08.2012<\/td><td class=\"column-3\">16:45<\/td><td class=\"column-4\">TH<\/td><td class=\"column-5\">Keller unter Wasser, Am Steinbrink<\/td>\n<\/tr>\n<tr class=\"row-50\">\n\t<td class=\"column-1\">49<\/td><td class=\"column-2\">31.08.2012<\/td><td class=\"column-3\">16:30<\/td><td class=\"column-4\">TH<\/td><td class=\"column-5\">Keller unter Wasser, Am Dorfplatz (Fladderlohausen)<\/td>\n<\/tr>\n<tr class=\"row-51\">\n\t<td class=\"column-1\">50<\/td><td class=\"column-2\">31.08.2012<\/td><td class=\"column-3\">17:05<\/td><td class=\"column-4\">TH<\/td><td class=\"column-5\">Keller unter Wasser, Badberger Strasse<\/td>\n<\/tr>\n<tr class=\"row-52\">\n\t<td class=\"column-1\">51<\/td><td class=\"column-2\">31.08.2012<\/td><td class=\"column-3\">17:25<\/td><td class=\"column-4\">TH<\/td><td class=\"column-5\">Wasserschaden, Handorfer Strasse<\/td>\n<\/tr>\n<tr class=\"row-53\">\n\t<td class=\"column-1\">52<\/td><td class=\"column-2\">31.08.2012<\/td><td class=\"column-3\">17:30<\/td><td class=\"column-4\">TH<\/td><td class=\"column-5\">Keller unter Wasser, Am \u00d6lberg<\/td>\n<\/tr>\n<tr class=\"row-54\">\n\t<td class=\"column-1\">53<\/td><td class=\"column-2\">31.08.2012<\/td><td class=\"column-3\">18:55<\/td><td class=\"column-4\">TH<\/td><td class=\"column-5\">Wasserschaden, Sporthalle Handorf-Langenberg<\/td>\n<\/tr>\n<tr class=\"row-55\">\n\t<td class=\"column-1\">54<\/td><td class=\"column-2\">31.08.2012<\/td><td class=\"column-3\">19:27<\/td><td class=\"column-4\">TH<\/td><td class=\"column-5\">\u00d6lspur, Kreisel Handorf<\/td>\n<\/tr>\n<tr class=\"row-56\">\n\t<td class=\"column-1\">55<\/td><td class=\"column-2\">03.09.2012<\/td><td class=\"column-3\">15:00<\/td><td class=\"column-4\">TH<\/td><td class=\"column-5\">Keller unter Wasser, Dammer Stra\u00dfe<\/td>\n<\/tr>\n<tr class=\"row-57\">\n\t<td class=\"column-1\">56<\/td><td class=\"column-2\">06.09.2012<\/td><td class=\"column-3\">00:30<\/td><td class=\"column-4\">Brand<\/td><td class=\"column-5\">Gro\u00dfbrand Holzlager, Grapperhausen\/Wahlde\/Grandorf<\/td>\n<\/tr>\n<tr class=\"row-58\">\n\t<td class=\"column-1\">57<\/td><td class=\"column-2\">06.09.2012<\/td><td class=\"column-3\">01:04<\/td><td class=\"column-4\">TH<\/td><td class=\"column-5\">Betriebsstoffe aufnehmen, BAB1 Parkplatz Km. 183<\/td>\n<\/tr>\n<tr class=\"row-59\">\n\t<td class=\"column-1\">58<\/td><td class=\"column-2\">06.09.2012<\/td><td class=\"column-3\">09:45<\/td><td class=\"column-4\">Brand<\/td><td class=\"column-5\">Gro\u00dfbrand Holzlager, Grapperhausen\/Wahlde\/Grandorf<\/td>\n<\/tr>\n<tr class=\"row-60\">\n\t<td class=\"column-1\">59<\/td><td class=\"column-2\">07.09.2012<\/td><td class=\"column-3\">11:54<\/td><td class=\"column-4\">Brand<\/td><td class=\"column-5\">Nachl\u00f6scharbeiten, alte Brandstelle<\/td>\n<\/tr>\n<tr class=\"row-61\">\n\t<td class=\"column-1\">60<\/td><td class=\"column-2\">14.09.2012<\/td><td class=\"column-3\">22:58<\/td><td class=\"column-4\">Brand<\/td><td class=\"column-5\">PKW Brand, B214<\/td>\n<\/tr>\n<tr class=\"row-62\">\n\t<td class=\"column-1\">61<\/td><td class=\"column-2\">20.09.2012<\/td><td class=\"column-3\">11:20<\/td><td class=\"column-4\">TH<\/td><td class=\"column-5\">\u00d6lspur, Neuenkirchener Strasse\/Am Stadion\/Gro\u00dfe Eschstrasse<\/td>\n<\/tr>\n<tr class=\"row-63\">\n\t<td class=\"column-1\">62<\/td><td class=\"column-2\">24.09.2012<\/td><td class=\"column-3\">09:51<\/td><td class=\"column-4\">TH<\/td><td class=\"column-5\">Verkehrsunfall mit eingeklemmter Person, Kreuzung B214\/AS Holdorf\/Hansacenter<\/td>\n<\/tr>\n<tr class=\"row-64\">\n\t<td class=\"column-1\">63<\/td><td class=\"column-2\">24.09.2012<\/td><td class=\"column-3\">18:44<\/td><td class=\"column-4\">TH<\/td><td class=\"column-5\">Baum auf Fahrbahn, Badberger Strasse<\/td>\n<\/tr>\n<tr class=\"row-65\">\n\t<td class=\"column-1\">64<\/td><td class=\"column-2\">27.09.2012<\/td><td class=\"column-3\">13:30<\/td><td class=\"column-4\">Brand<\/td><td class=\"column-5\">Strohballenbrand, Industriestrasse<\/td>\n<\/tr>\n<tr class=\"row-66\">\n\t<td class=\"column-1\">65<\/td><td class=\"column-2\">28.09.2012<\/td><td class=\"column-3\">07:25<\/td><td class=\"column-4\">Brand<\/td><td class=\"column-5\">K\u00fcchenbrand, Gro\u00dfe Strasse<\/td>\n<\/tr>\n<tr class=\"row-67\">\n\t<td class=\"column-1\">66<\/td><td class=\"column-2\">29.09.2012<\/td><td class=\"column-3\">14:30<\/td><td class=\"column-4\">Brand<\/td><td class=\"column-5\">\u00dcbung: angenommener Brand Fa. P\u00f6ppelmann, Industriegebiet<\/td>\n<\/tr>\n<tr class=\"row-68\">\n\t<td class=\"column-1\">67<\/td><td class=\"column-2\">16.10.2012<\/td><td class=\"column-3\">15:20<\/td><td class=\"column-4\">Brand<\/td><td class=\"column-5\">Schuppenbrand, Neuenkirchener Strasse<\/td>\n<\/tr>\n<tr class=\"row-69\">\n\t<td class=\"column-1\">68<\/td><td class=\"column-2\">19.10.2012<\/td><td class=\"column-3\">05:13<\/td><td class=\"column-4\">Fehl<\/td><td class=\"column-5\">Brandmeldeanlage, Industriegebiet<\/td>\n<\/tr>\n<tr class=\"row-70\">\n\t<td class=\"column-1\">69<\/td><td class=\"column-2\">23.10.2012<\/td><td class=\"column-3\">13:55<\/td><td class=\"column-4\">Brand<\/td><td class=\"column-5\">Gro\u00dfbrand K\u00fchlhaus, Industriegebiet<\/td>\n<\/tr>\n<tr class=\"row-71\">\n\t<td class=\"column-1\">70<\/td><td class=\"column-2\">27.10.2012<\/td><td class=\"column-3\">22:30<\/td><td class=\"column-4\">Brand<\/td><td class=\"column-5\">Wohnhausbrand, Neuenkirchener Strasse<\/td>\n<\/tr>\n<tr class=\"row-72\">\n\t<td class=\"column-1\">71<\/td><td class=\"column-2\">30.10.2012<\/td><td class=\"column-3\">11:35<\/td><td class=\"column-4\">TH<\/td><td class=\"column-5\">\u00d6lspur, Dinklager Strasse<\/td>\n<\/tr>\n<tr class=\"row-73\">\n\t<td class=\"column-1\">72<\/td><td class=\"column-2\">04.11.2012<\/td><td class=\"column-3\">15:20<\/td><td class=\"column-4\">Fehl<\/td><td class=\"column-5\">Brandmeldeanlage, Industriegebiet<\/td>\n<\/tr>\n<tr class=\"row-74\">\n\t<td class=\"column-1\">73<\/td><td class=\"column-2\">05.11.2012<\/td><td class=\"column-3\">17:45<\/td><td class=\"column-4\">TH<\/td><td class=\"column-5\">Absicherung Laternenumzug<\/td>\n<\/tr>\n<tr class=\"row-75\">\n\t<td class=\"column-1\">74<\/td><td class=\"column-2\">11.11.2012<\/td><td class=\"column-3\">16:45<\/td><td class=\"column-4\">TH<\/td><td class=\"column-5\">Absicherung Martinsumzug<\/td>\n<\/tr>\n<tr class=\"row-76\">\n\t<td class=\"column-1\">75<\/td><td class=\"column-2\">24.11.2012<\/td><td class=\"column-3\">11:15<\/td><td class=\"column-4\">TH<\/td><td class=\"column-5\">\u00d6lspur, B214 \/ Neuenkirchener Strasse<\/td>\n<\/tr>\n<tr class=\"row-77\">\n\t<td class=\"column-1\">76<\/td><td class=\"column-2\">24.11.2012<\/td><td class=\"column-3\">14:30<\/td><td class=\"column-4\">TH<\/td><td class=\"column-5\">\u00d6lspur, Industriestrasse<\/td>\n<\/tr>\n<tr class=\"row-78\">\n\t<td class=\"column-1\">77<\/td><td class=\"column-2\">27.11.2012<\/td><td class=\"column-3\">19:20<\/td><td class=\"column-4\">TH<\/td><td class=\"column-5\">T\u00fcr\u00f6ffnung, Holdorf\/Bahnhof<\/td>\n<\/tr>\n<tr class=\"row-79\">\n\t<td class=\"column-1\">78<\/td><td class=\"column-2\">28.11.2012<\/td><td class=\"column-3\">10:00<\/td><td class=\"column-4\">Fehl<\/td><td class=\"column-5\">Brandmeldeanlage, Dinklager Str.<\/td>\n<\/tr>\n<tr class=\"row-80\">\n\t<td class=\"column-1\">79<\/td><td class=\"column-2\">07.12.2012<\/td><td class=\"column-3\">01:45<\/td><td class=\"column-4\">Brand<\/td><td class=\"column-5\">Zimmerbrand, Zum Hansacenter<\/td>\n<\/tr>\n<tr class=\"row-81\">\n\t<td class=\"column-1\">80<\/td><td class=\"column-2\">18.12.2012<\/td><td class=\"column-3\">13:07<\/td><td class=\"column-4\">Brand<\/td><td class=\"column-5\">LKW-Brand, Rastanlage Dammer Berge, Rtg. OS<\/td>\n<\/tr>\n<tr class=\"row-82\">\n\t<td class=\"column-1\">81<\/td><td class=\"column-2\">28.12.2012<\/td><td class=\"column-3\">02:09<\/td><td class=\"column-4\">Brand<\/td><td class=\"column-5\">Carportbrand, Heideweg<\/td>\n<\/tr>\n<\/tbody>\n<\/table>\n<!-- #tablepress-3 from cache -->\n<p>&nbsp;<\/p>\n<p><em><strong>Erkl\u00e4rung:<br \/>\n<\/strong><\/em>BSW = Brandsicherheitswache<br \/>\nBrand = Brandeinsatz<br \/>\nTH = technische Hilfeleistung<br \/>\nFehl = Fehlalarm<br \/>\nKFB = Einsatz mit der Kreisfeuerwehrbereitschaft<br \/>\nMANV = Massenanfall von Veletzten<\/p>\n","protected":false},"excerpt":{"rendered":"<p>&nbsp; Erkl\u00e4rung: BSW = Brandsicherheitswache Brand = Brandeinsatz TH = technische Hilfeleistung Fehl = Fehlalarm KFB = Einsatz mit der Kreisfeuerwehrbereitschaft MANV = Massenanfall von Veletzten<\/p>\n","protected":false},"author":2,"featured_media":0,"parent":5399,"menu_order":0,"comment_status":"closed","ping_status":"closed","template":"","meta":{"ngg_post_thumbnail":0,"footnotes":""},"class_list":["post-179","page","type-page","status-publish","hentry"],"_links":{"self":[{"href":"https:\/\/feuerwehr-holdorf.de\/index.php?rest_route=\/wp\/v2\/pages\/179","targetHints":{"allow":["GET"]}}],"collection":[{"href":"https:\/\/feuerwehr-holdorf.de\/index.php?rest_route=\/wp\/v2\/pages"}],"about":[{"href":"https:\/\/feuerwehr-holdorf.de\/index.php?rest_route=\/wp\/v2\/types\/page"}],"author":[{"embeddable":true,"href":"https:\/\/feuerwehr-holdorf.de\/index.php?rest_route=\/wp\/v2\/users\/2"}],"replies":[{"embeddable":true,"href":"https:\/\/feuerwehr-holdorf.de\/index.php?rest_route=%2Fwp%2Fv2%2Fcomments&post=179"}],"version-history":[{"count":3,"href":"https:\/\/feuerwehr-holdorf.de\/index.php?rest_route=\/wp\/v2\/pages\/179\/revisions"}],"predecessor-version":[{"id":4098,"href":"https:\/\/feuerwehr-holdorf.de\/index.php?rest_route=\/wp\/v2\/pages\/179\/revisions\/4098"}],"up":[{"embeddable":true,"href":"https:\/\/feuerwehr-holdorf.de\/index.php?rest_route=\/wp\/v2\/pages\/5399"}],"wp:attachment":[{"href":"https:\/\/feuerwehr-holdorf.de\/index.php?rest_route=%2Fwp%2Fv2%2Fmedia&parent=179"}],"curies":[{"name":"wp","href":"https:\/\/api.w.org\/{rel}","templated":true}]}}