{"id":190,"date":"2016-08-12T10:41:43","date_gmt":"2016-08-12T08:41:43","guid":{"rendered":"http:\/\/wp.feuerwehr-holdorf.de\/?page_id=190"},"modified":"2025-12-18T21:18:46","modified_gmt":"2025-12-18T20:18:46","slug":"einsaetze-ff-fladderlohausen-2011","status":"publish","type":"page","link":"https:\/\/feuerwehr-holdorf.de\/?page_id=190","title":{"rendered":"Eins\u00e4tze FF Fladderlohausen 2011"},"content":{"rendered":"\n<table id=\"tablepress-9\" class=\"tablepress tablepress-id-9\">\n<thead>\n<tr class=\"row-1\">\n\t<th class=\"column-1\">Nr.<\/th><th class=\"column-2\">Datum<\/th><th class=\"column-3\">Zeit<\/th><th class=\"column-4\">Art<\/th><th class=\"column-5\">Einsatz<\/th>\n<\/tr>\n<\/thead>\n<tbody class=\"row-striping row-hover\">\n<tr class=\"row-2\">\n\t<td class=\"column-1\">1<\/td><td class=\"column-2\">13.01.2011<\/td><td class=\"column-3\">07:45<\/td><td class=\"column-4\">Brand<\/td><td class=\"column-5\">LKW Brand, A1<\/td>\n<\/tr>\n<tr class=\"row-3\">\n\t<td class=\"column-1\">2<\/td><td class=\"column-2\">26.02.2011<\/td><td class=\"column-3\">04:45<\/td><td class=\"column-4\">TH<\/td><td class=\"column-5\">Baum auf Fahrbahn<\/td>\n<\/tr>\n<tr class=\"row-4\">\n\t<td class=\"column-1\">3<\/td><td class=\"column-2\">18.03.2011<\/td><td class=\"column-3\">18:00<\/td><td class=\"column-4\">BSW<\/td><td class=\"column-5\">Brandwache, CDU Kohlessen<\/td>\n<\/tr>\n<tr class=\"row-5\">\n\t<td class=\"column-1\">4<\/td><td class=\"column-2\">22.04.2011<\/td><td class=\"column-3\">20:50<\/td><td class=\"column-4\">Brand<\/td><td class=\"column-5\">Hofbrand in Grandorf<\/td>\n<\/tr>\n<tr class=\"row-6\">\n\t<td class=\"column-1\">5<\/td><td class=\"column-2\">23.04.2011<\/td><td class=\"column-3\">15:30<\/td><td class=\"column-4\">Brand<\/td><td class=\"column-5\">Nachl\u00f6scharbeiten<\/td>\n<\/tr>\n<tr class=\"row-7\">\n\t<td class=\"column-1\">6<\/td><td class=\"column-2\">23.04.2011<\/td><td class=\"column-3\">21:05<\/td><td class=\"column-4\">Brand<\/td><td class=\"column-5\">Nachl\u00f6scharbeiten<\/td>\n<\/tr>\n<tr class=\"row-8\">\n\t<td class=\"column-1\">7<\/td><td class=\"column-2\">24.04.2011<\/td><td class=\"column-3\">16:00<\/td><td class=\"column-4\">Brand<\/td><td class=\"column-5\">Nachl\u00f6scharbeiten<\/td>\n<\/tr>\n<tr class=\"row-9\">\n\t<td class=\"column-1\">8<\/td><td class=\"column-2\">24.04.2011<\/td><td class=\"column-3\">18:15<\/td><td class=\"column-4\">Brand<\/td><td class=\"column-5\">Nachl\u00f6scharbeiten<\/td>\n<\/tr>\n<tr class=\"row-10\">\n\t<td class=\"column-1\">9<\/td><td class=\"column-2\">09.05.2011<\/td><td class=\"column-3\">20:00<\/td><td class=\"column-4\">Brand<\/td><td class=\"column-5\">Waldbrand Grapperhausen<\/td>\n<\/tr>\n<tr class=\"row-11\">\n\t<td class=\"column-1\">10<\/td><td class=\"column-2\">29.05.2011<\/td><td class=\"column-3\">08:00<\/td><td class=\"column-4\">TH<\/td><td class=\"column-5\">Stra\u00dfe absichern f\u00fcr Triathlon<\/td>\n<\/tr>\n<tr class=\"row-12\">\n\t<td class=\"column-1\">11<\/td><td class=\"column-2\">30.05.2011<\/td><td class=\"column-3\">19:10<\/td><td class=\"column-4\">Brand<\/td><td class=\"column-5\">\u00dcbung: angenommener Brand, Gro\u00dfe Stra\u00dfe<\/td>\n<\/tr>\n<tr class=\"row-13\">\n\t<td class=\"column-1\">12<\/td><td class=\"column-2\">06.06.2011<\/td><td class=\"column-3\">22:15<\/td><td class=\"column-4\">TH<\/td><td class=\"column-5\">Hochwassereinsatz in Damme<\/td>\n<\/tr>\n<tr class=\"row-14\">\n\t<td class=\"column-1\">13<\/td><td class=\"column-2\">11.06.2011<\/td><td class=\"column-3\">15:20<\/td><td class=\"column-4\">TH<\/td><td class=\"column-5\">Verkehrsunfall, A1<\/td>\n<\/tr>\n<tr class=\"row-15\">\n\t<td class=\"column-1\">14<\/td><td class=\"column-2\">27.06.2011<\/td><td class=\"column-3\">19:40<\/td><td class=\"column-4\">Brand<\/td><td class=\"column-5\">Ger\u00e4tebrand in einer Scheune<\/td>\n<\/tr>\n<tr class=\"row-16\">\n\t<td class=\"column-1\">15<\/td><td class=\"column-2\">29.06.2011<\/td><td class=\"column-3\">17:20<\/td><td class=\"column-4\">TH<\/td><td class=\"column-5\">Verkehrsunfall PKW L852 Munakurve<\/td>\n<\/tr>\n<tr class=\"row-17\">\n\t<td class=\"column-1\">16<\/td><td class=\"column-2\">18.07.2011<\/td><td class=\"column-3\">13:00<\/td><td class=\"column-4\">TH<\/td><td class=\"column-5\">Absicherung Sch\u00fctzenumzug<\/td>\n<\/tr>\n<tr class=\"row-18\">\n\t<td class=\"column-1\">17<\/td><td class=\"column-2\">19.07.2011<\/td><td class=\"column-3\">14:00<\/td><td class=\"column-4\">TH<\/td><td class=\"column-5\">Absicherung Sch\u00fctzenumzug<\/td>\n<\/tr>\n<tr class=\"row-19\">\n\t<td class=\"column-1\">18<\/td><td class=\"column-2\">20.07.2011<\/td><td class=\"column-3\">18:40<\/td><td class=\"column-4\">TH<\/td><td class=\"column-5\">Personensuche, Wahlder Stra\u00dfe<\/td>\n<\/tr>\n<tr class=\"row-20\">\n\t<td class=\"column-1\">19<\/td><td class=\"column-2\">21.09.2011<\/td><td class=\"column-3\">22:45<\/td><td class=\"column-4\">Brand<\/td><td class=\"column-5\">Brand eines Bullenstalles, Neuenkirchen<\/td>\n<\/tr>\n<tr class=\"row-21\">\n\t<td class=\"column-1\">20<\/td><td class=\"column-2\">29.11.2011<\/td><td class=\"column-3\">17:45<\/td><td class=\"column-4\">TH<\/td><td class=\"column-5\">Ausleuchten nach Motorradunfall, L852<\/td>\n<\/tr>\n<tr class=\"row-22\">\n\t<td class=\"column-1\">21<\/td><td class=\"column-2\">10.12.2011<\/td><td class=\"column-3\">16:15<\/td><td class=\"column-4\">TH<\/td><td class=\"column-5\">Baum auf Fahrbahn<\/td>\n<\/tr>\n<\/tbody>\n<\/table>\n<!-- #tablepress-9 from cache -->\n<p>&nbsp;<\/p>\n<p><span style=\"font-size: 14pt; text-decoration: underline;\"><em><strong>Erkl\u00e4rung:<br \/>\n<\/strong><\/em><\/span><span style=\"font-size: 14pt;\">BSW = Brandsicherheitswache<br \/>\n<\/span><span style=\"font-size: 14pt;\">Brand = Brandeinsatz<br \/>\n<\/span><span style=\"font-size: 14pt;\">TH = technische Hilfeleistung<br \/>\n<\/span><span style=\"font-size: 14pt;\">Fehl = Fehlalarm<br \/>\n<\/span><span style=\"font-size: 14pt;\">KFB = Einsatz mit der Kreisfeuerwehrbereitschaft<\/span><\/p>\n","protected":false},"excerpt":{"rendered":"<p>&nbsp; Erkl\u00e4rung: BSW = Brandsicherheitswache Brand = Brandeinsatz TH = technische Hilfeleistung Fehl = Fehlalarm KFB = Einsatz mit der Kreisfeuerwehrbereitschaft<\/p>\n","protected":false},"author":2,"featured_media":0,"parent":5437,"menu_order":0,"comment_status":"closed","ping_status":"closed","template":"","meta":{"ngg_post_thumbnail":0,"footnotes":""},"class_list":["post-190","page","type-page","status-publish","hentry"],"_links":{"self":[{"href":"https:\/\/feuerwehr-holdorf.de\/index.php?rest_route=\/wp\/v2\/pages\/190","targetHints":{"allow":["GET"]}}],"collection":[{"href":"https:\/\/feuerwehr-holdorf.de\/index.php?rest_route=\/wp\/v2\/pages"}],"about":[{"href":"https:\/\/feuerwehr-holdorf.de\/index.php?rest_route=\/wp\/v2\/types\/page"}],"author":[{"embeddable":true,"href":"https:\/\/feuerwehr-holdorf.de\/index.php?rest_route=\/wp\/v2\/users\/2"}],"replies":[{"embeddable":true,"href":"https:\/\/feuerwehr-holdorf.de\/index.php?rest_route=%2Fwp%2Fv2%2Fcomments&post=190"}],"version-history":[{"count":4,"href":"https:\/\/feuerwehr-holdorf.de\/index.php?rest_route=\/wp\/v2\/pages\/190\/revisions"}],"predecessor-version":[{"id":7774,"href":"https:\/\/feuerwehr-holdorf.de\/index.php?rest_route=\/wp\/v2\/pages\/190\/revisions\/7774"}],"up":[{"embeddable":true,"href":"https:\/\/feuerwehr-holdorf.de\/index.php?rest_route=\/wp\/v2\/pages\/5437"}],"wp:attachment":[{"href":"https:\/\/feuerwehr-holdorf.de\/index.php?rest_route=%2Fwp%2Fv2%2Fmedia&parent=190"}],"curies":[{"name":"wp","href":"https:\/\/api.w.org\/{rel}","templated":true}]}}