{"id":27,"date":"2016-08-10T17:44:19","date_gmt":"2016-08-10T15:44:19","guid":{"rendered":"http:\/\/wp.feuerwehr-holdorf.de\/?page_id=27"},"modified":"2025-07-14T08:19:11","modified_gmt":"2025-07-14T06:19:11","slug":"tlf-1625","status":"publish","type":"page","link":"https:\/\/feuerwehr-holdorf.de\/?page_id=27","title":{"rendered":"TLF 16\/25"},"content":{"rendered":"<p><strong>Funkrufname:&nbsp;&nbsp; <\/strong>Florian Vechta 30-24-1<br \/>\n<strong>Fahrzeugtyp:&nbsp; <\/strong>MAN 12.192<br \/>\n<strong>Leistung:&nbsp; &nbsp;<\/strong>195&nbsp;PS<br \/>\n<strong>Baujahr:<\/strong>&nbsp; &nbsp;1990<br \/>\n<strong>Besatzung:&nbsp;&nbsp; <\/strong>1\/8<br \/>\n<strong>Pumpe:&nbsp; &nbsp;<\/strong>FP 16\/8<br \/>\n<strong>Wassertank:<\/strong>&nbsp; &nbsp;3000 Liter<br \/>\n<strong>Schaummittel:&nbsp;&nbsp; <\/strong>120 Liter<\/p>\n<p><u>Weitere Ausstattung:<br \/>\n<\/u>Schlingmann Aufbau, LKW-Rettungsb\u00fchne, Steckleiter, Automatische Pumpendruckregelung DRS, Lichtmast mit 2 Scheinwerfern, Umfeldbeleuchtung, Man\u00f6vrierscheinwerfer an den Au\u00dfenspiegeln, Zusatzbeladung Waldbrand, \u00dcberdruckbel\u00fcfter, Dachmonitor 1.800 l\/min<\/p>\nngg_shortcode_0_placeholder\n","protected":false},"excerpt":{"rendered":"<p>Funkrufname:&nbsp;&nbsp; Florian Vechta 30-24-1 Fahrzeugtyp:&nbsp; MAN 12.192 Leistung:&nbsp; &nbsp;195&nbsp;PS Baujahr:&nbsp; &nbsp;1990 Besatzung:&nbsp;&nbsp; 1\/8 Pumpe:&nbsp; &nbsp;FP 16\/8 Wassertank:&nbsp; &nbsp;3000 Liter Schaummittel:&nbsp;&nbsp; 120 Liter Weitere Ausstattung: Schlingmann Aufbau, LKW-Rettungsb\u00fchne, Steckleiter, Automatische Pumpendruckregelung DRS, Lichtmast mit 2 Scheinwerfern, Umfeldbeleuchtung, Man\u00f6vrierscheinwerfer an den Au\u00dfenspiegeln,<\/p>\n","protected":false},"author":2,"featured_media":0,"parent":46,"menu_order":0,"comment_status":"closed","ping_status":"closed","template":"","meta":{"ngg_post_thumbnail":0,"footnotes":""},"class_list":["post-27","page","type-page","status-publish","hentry"],"_links":{"self":[{"href":"https:\/\/feuerwehr-holdorf.de\/index.php?rest_route=\/wp\/v2\/pages\/27","targetHints":{"allow":["GET"]}}],"collection":[{"href":"https:\/\/feuerwehr-holdorf.de\/index.php?rest_route=\/wp\/v2\/pages"}],"about":[{"href":"https:\/\/feuerwehr-holdorf.de\/index.php?rest_route=\/wp\/v2\/types\/page"}],"author":[{"embeddable":true,"href":"https:\/\/feuerwehr-holdorf.de\/index.php?rest_route=\/wp\/v2\/users\/2"}],"replies":[{"embeddable":true,"href":"https:\/\/feuerwehr-holdorf.de\/index.php?rest_route=%2Fwp%2Fv2%2Fcomments&post=27"}],"version-history":[{"count":10,"href":"https:\/\/feuerwehr-holdorf.de\/index.php?rest_route=\/wp\/v2\/pages\/27\/revisions"}],"predecessor-version":[{"id":7573,"href":"https:\/\/feuerwehr-holdorf.de\/index.php?rest_route=\/wp\/v2\/pages\/27\/revisions\/7573"}],"up":[{"embeddable":true,"href":"https:\/\/feuerwehr-holdorf.de\/index.php?rest_route=\/wp\/v2\/pages\/46"}],"wp:attachment":[{"href":"https:\/\/feuerwehr-holdorf.de\/index.php?rest_route=%2Fwp%2Fv2%2Fmedia&parent=27"}],"curies":[{"name":"wp","href":"https:\/\/api.w.org\/{rel}","templated":true}]}}