{"id":31,"date":"2016-08-10T17:44:46","date_gmt":"2016-08-10T15:44:46","guid":{"rendered":"http:\/\/wp.feuerwehr-holdorf.de\/?page_id=31"},"modified":"2023-07-01T17:19:13","modified_gmt":"2023-07-01T15:19:13","slug":"mtf","status":"publish","type":"page","link":"https:\/\/feuerwehr-holdorf.de\/?page_id=31","title":{"rendered":"MTF"},"content":{"rendered":"<p><strong>Funkrufname:&nbsp;&nbsp; <\/strong>Florian Vechta 30-17-1<br \/>\n<strong>Fahrzeugtyp:&nbsp;&nbsp; <\/strong>Ford Transit<br \/>\n<strong>Leistung:&nbsp;&nbsp; <\/strong>140 PS<br \/>\n<strong>Baujahr:<\/strong> &nbsp; 2013<br \/>\n<strong>Besatzung:&nbsp;&nbsp; <\/strong>1\/8<\/p>\n<p>Dieses Fahrzeug ist ein Mannschaftstransportfahrzeug. Wie die Bezeichnung bereits verr\u00e4t, wird hier vorrangig Personal zur Einsatzstelle gebracht. Es dient aber auch zum Transport von Material. Bei gr\u00f6\u00dferen Eins\u00e4tzen nimmt dieses Fahrzeug den Materialanh\u00e4nger mit, um die sp\u00e4ter gebrauchten Gegenst\u00e4nde zur FTZ nach Vechta zwecks Reinigung zu bringen. Au\u00dferdem wird es zu Weiterbildungsveranstaltungen, f\u00fcr die Jugendfeuerwehr und weitere Veranstaltungen und Fortbildungen genutzt.<\/p>\n<p><u>Weitere Ausstattung:<br \/>\n<\/u>DBS 3000 LED, Umfeldbeleuchtung, Frontblitzer, R\u00fcckwarnsystem in LED-Technik, Digitalfunk, Absicherungsmaterial, Feuerl\u00f6scher, etc.<\/p>\n<div style=\"width: 750px;\" class=\"wp-video\"><video class=\"wp-video-shortcode\" id=\"video-31-1\" width=\"750\" height=\"422\" preload=\"metadata\" controls=\"controls\"><source type=\"video\/mp4\" src=\"https:\/\/feuerwehr-holdorf.de\/wp-content\/uploads\/2023\/07\/2023-06_MTW.mp4?_=1\" \/><a href=\"https:\/\/feuerwehr-holdorf.de\/wp-content\/uploads\/2023\/07\/2023-06_MTW.mp4\">https:\/\/feuerwehr-holdorf.de\/wp-content\/uploads\/2023\/07\/2023-06_MTW.mp4<\/a><\/video><\/div>\n","protected":false},"excerpt":{"rendered":"<p>Funkrufname:&nbsp;&nbsp; Florian Vechta 30-17-1 Fahrzeugtyp:&nbsp;&nbsp; Ford Transit Leistung:&nbsp;&nbsp; 140 PS Baujahr: &nbsp; 2013 Besatzung:&nbsp;&nbsp; 1\/8 Dieses Fahrzeug ist ein Mannschaftstransportfahrzeug. Wie die Bezeichnung bereits verr\u00e4t, wird hier vorrangig Personal zur Einsatzstelle gebracht. Es dient aber auch zum Transport von Material.<\/p>\n","protected":false},"author":2,"featured_media":0,"parent":46,"menu_order":0,"comment_status":"closed","ping_status":"closed","template":"","meta":{"ngg_post_thumbnail":0,"footnotes":""},"class_list":["post-31","page","type-page","status-publish","hentry"],"_links":{"self":[{"href":"https:\/\/feuerwehr-holdorf.de\/index.php?rest_route=\/wp\/v2\/pages\/31","targetHints":{"allow":["GET"]}}],"collection":[{"href":"https:\/\/feuerwehr-holdorf.de\/index.php?rest_route=\/wp\/v2\/pages"}],"about":[{"href":"https:\/\/feuerwehr-holdorf.de\/index.php?rest_route=\/wp\/v2\/types\/page"}],"author":[{"embeddable":true,"href":"https:\/\/feuerwehr-holdorf.de\/index.php?rest_route=\/wp\/v2\/users\/2"}],"replies":[{"embeddable":true,"href":"https:\/\/feuerwehr-holdorf.de\/index.php?rest_route=%2Fwp%2Fv2%2Fcomments&post=31"}],"version-history":[{"count":10,"href":"https:\/\/feuerwehr-holdorf.de\/index.php?rest_route=\/wp\/v2\/pages\/31\/revisions"}],"predecessor-version":[{"id":6514,"href":"https:\/\/feuerwehr-holdorf.de\/index.php?rest_route=\/wp\/v2\/pages\/31\/revisions\/6514"}],"up":[{"embeddable":true,"href":"https:\/\/feuerwehr-holdorf.de\/index.php?rest_route=\/wp\/v2\/pages\/46"}],"wp:attachment":[{"href":"https:\/\/feuerwehr-holdorf.de\/index.php?rest_route=%2Fwp%2Fv2%2Fmedia&parent=31"}],"curies":[{"name":"wp","href":"https:\/\/api.w.org\/{rel}","templated":true}]}}