{"id":3125,"date":"2018-12-30T09:26:27","date_gmt":"2018-12-30T08:26:27","guid":{"rendered":"https:\/\/feuerwehr-holdorf.de\/?page_id=3125"},"modified":"2018-12-30T09:26:28","modified_gmt":"2018-12-30T08:26:28","slug":"sicherheitshinweise-zu-silvester","status":"publish","type":"page","link":"https:\/\/feuerwehr-holdorf.de\/?page_id=3125","title":{"rendered":"Sicherheitshinweise zu Silvester"},"content":{"rendered":"\n<p>F\u00fcr die Feuerwehren und dem Rettungsdienst in Deutschland ist es die  einsatzreichste Nacht des Jahres &#8211; die Silvesternacht. Ein Grund daf\u00fcr ist  h\u00e4ufig das falsche Benutzen von Feuerwerk.<br><br> &#8212; &#8212; &#8212; &#8212; &#8212; &#8212; &#8212; &#8212; &#8212; <br> Der Deutsche Feuerwehrverband gibt folgende acht Tipps f\u00fcr eine m\u00f6glichst sichere Silvesterfeier:<br><br> 1) Feuerwerksk\u00f6rper und Raketen sind \u201eSprengstoff\u201c. Lassen Sie Jugendliche unter 18 Jahren nicht damit hantieren.<br><br>  2) Beachten Sie unbedingt die Gebrauchshinweise der Hersteller. Mit  wenigen Ausnahmen ist eine Verwendung von Feuerwerk in geschlossenen  R\u00e4umen verboten.<br><br> 3) Z\u00fcnden Sie Feuerwerksk\u00f6rper nur dort, wo  dies auch erlaubt ist. Das Abbrennen der B\u00f6ller in unmittelbarer N\u00e4he  von Kirchen, Krankenh\u00e4usern, Kinder- und Altersheimen ist untersagt.  Dieses Verbot gilt auch f\u00fcr Fachwerk- und Reetdachh\u00e4user. Beachten Sie  \u00f6rtliche Regelungen<\/p>\n\n\n\n<p>\n4) Nehmen Sie nach dem Anz\u00fcnden einen  ausreichenden Sicherheitsabstand \nein. Werfen Sie Feuerwerksk\u00f6rper und  Raketen nicht  blindlings weg \u2013 \nund zielen Sie niemals auf Menschen.  Z\u00fcnden Sie nicht  gez\u00fcndete \nFeuerwerksk\u00f6rper (Blindg\u00e4nger) niemals noch  einmal.<\/p>\n\n\n\n<div class=\"wp-block-image\"><figure class=\"aligncenter is-resized\"><img loading=\"lazy\" decoding=\"async\" src=\"https:\/\/feuerwehr-holdorf.de\/wp-content\/uploads\/2018\/12\/Feuerwerk_allgemein.jpg\" alt=\"\" class=\"wp-image-3126\" width=\"585\" height=\"351\" srcset=\"https:\/\/feuerwehr-holdorf.de\/wp-content\/uploads\/2018\/12\/Feuerwerk_allgemein.jpg 780w, https:\/\/feuerwehr-holdorf.de\/wp-content\/uploads\/2018\/12\/Feuerwerk_allgemein-300x180.jpg 300w, https:\/\/feuerwehr-holdorf.de\/wp-content\/uploads\/2018\/12\/Feuerwerk_allgemein-768x461.jpg 768w\" sizes=\"auto, (max-width: 585px) 100vw, 585px\" \/><\/figure><\/div>\n\n\n\n<p> 5) Stellen \nSie auf keinen Fall Feuerwerksk\u00f6rper selbst  her. Hierbei kann es zu \nschwersten Verletzungen kommen! Artikel, die in  Deutschland zum Verkauf\n zu Silvester freigegeben sind, m\u00fcssen \u00fcber eine  Pr\u00fcfnummer der BAM \n(Bundesanstalt f\u00fcr Materialforschung und -pr\u00fcfung)  verf\u00fcgen.<\/p>\n\n\n\n<p> 6)\n Bewahren Sie Feuerwerksk\u00f6rper so auf, dass keine  Selbstentz\u00fcndung \nm\u00f6glich ist. Tragen Sie Feuerwerk niemals am K\u00f6rper,  etwa in Jacken- \noder Hosentaschen.<\/p>\n\n\n\n<p> 7) Sch\u00fctzen Sie Ihre Wohnung  in der \nSilvesternacht vor Brandgefahren. Entfernen Sie M\u00f6bel, Hausrat  und \nandere brennbare Gegenst\u00e4nde von Balkonen und Terrassen. Halten Sie  \nFenster und T\u00fcren geschlossen.<\/p>\n\n\n\n<p> 8) W\u00e4hlen Sie bei einem Brand  \noder Unfall sofort den Notruf 112. Nur eine schnelle Meldung bietet  \nGew\u00e4hr f\u00fcr effektive Hilfe durch Feuerwehr und Rettungsdienst.<\/p>\n\n\n\n<p> Wenn Sie all dies beachten, steht Ihnen einer sicheren Silvesternacht nichts entgegen.<\/p>\n","protected":false},"excerpt":{"rendered":"<p>F\u00fcr die Feuerwehren und dem Rettungsdienst in Deutschland ist es die einsatzreichste Nacht des Jahres &#8211; die Silvesternacht. Ein Grund daf\u00fcr ist h\u00e4ufig das falsche Benutzen von Feuerwerk. &#8212; &#8212; &#8212; &#8212; &#8212; &#8212; &#8212; &#8212; &#8212; Der Deutsche Feuerwehrverband<\/p>\n","protected":false},"author":2,"featured_media":0,"parent":242,"menu_order":0,"comment_status":"closed","ping_status":"closed","template":"","meta":{"ngg_post_thumbnail":0,"footnotes":""},"class_list":["post-3125","page","type-page","status-publish","hentry"],"_links":{"self":[{"href":"https:\/\/feuerwehr-holdorf.de\/index.php?rest_route=\/wp\/v2\/pages\/3125","targetHints":{"allow":["GET"]}}],"collection":[{"href":"https:\/\/feuerwehr-holdorf.de\/index.php?rest_route=\/wp\/v2\/pages"}],"about":[{"href":"https:\/\/feuerwehr-holdorf.de\/index.php?rest_route=\/wp\/v2\/types\/page"}],"author":[{"embeddable":true,"href":"https:\/\/feuerwehr-holdorf.de\/index.php?rest_route=\/wp\/v2\/users\/2"}],"replies":[{"embeddable":true,"href":"https:\/\/feuerwehr-holdorf.de\/index.php?rest_route=%2Fwp%2Fv2%2Fcomments&post=3125"}],"version-history":[{"count":1,"href":"https:\/\/feuerwehr-holdorf.de\/index.php?rest_route=\/wp\/v2\/pages\/3125\/revisions"}],"predecessor-version":[{"id":3127,"href":"https:\/\/feuerwehr-holdorf.de\/index.php?rest_route=\/wp\/v2\/pages\/3125\/revisions\/3127"}],"up":[{"embeddable":true,"href":"https:\/\/feuerwehr-holdorf.de\/index.php?rest_route=\/wp\/v2\/pages\/242"}],"wp:attachment":[{"href":"https:\/\/feuerwehr-holdorf.de\/index.php?rest_route=%2Fwp%2Fv2%2Fmedia&parent=3125"}],"curies":[{"name":"wp","href":"https:\/\/api.w.org\/{rel}","templated":true}]}}