{"id":3139,"date":"2019-01-02T13:22:01","date_gmt":"2019-01-02T12:22:01","guid":{"rendered":"https:\/\/feuerwehr-holdorf.de\/?page_id=3139"},"modified":"2025-12-18T21:20:20","modified_gmt":"2025-12-18T20:20:20","slug":"einsaetze-2019-fladderlohausen","status":"publish","type":"page","link":"https:\/\/feuerwehr-holdorf.de\/?page_id=3139","title":{"rendered":"Eins\u00e4tze FF Fladderlohausen 2019"},"content":{"rendered":"\n<table id=\"tablepress-27\" class=\"tablepress tablepress-id-27\">\n<thead>\n<tr class=\"row-1\">\n\t<th class=\"column-1\">Nr.<\/th><th class=\"column-2\">Datum<\/th><th class=\"column-3\">Zeit<\/th><th class=\"column-4\">Art<\/th><th class=\"column-5\">Einsatz<\/th>\n<\/tr>\n<\/thead>\n<tbody class=\"row-striping row-hover\">\n<tr class=\"row-2\">\n\t<td class=\"column-1\">01<\/td><td class=\"column-2\">21.03.2019<\/td><td class=\"column-3\">22:15<\/td><td class=\"column-4\">Brand<\/td><td class=\"column-5\"><a href=\"https:\/\/feuerwehr-holdorf.de\/?p=3226\">PKW-Brand, Grandorf<\/a><\/td>\n<\/tr>\n<tr class=\"row-3\">\n\t<td class=\"column-1\">02<\/td><td class=\"column-2\">25.04.2019<\/td><td class=\"column-3\">12:45<\/td><td class=\"column-4\">Brand<\/td><td class=\"column-5\"><a href=\"https:\/\/feuerwehr-holdorf.de\/?p=3359\">Nachbarschaftliche L\u00f6schhilfe, Moorbrand in Goldenstedt<\/a><\/td>\n<\/tr>\n<tr class=\"row-4\">\n\t<td class=\"column-1\">03<\/td><td class=\"column-2\">11.05.2019<\/td><td class=\"column-3\">13:52<\/td><td class=\"column-4\">Brand<\/td><td class=\"column-5\"><a href=\"https:\/\/feuerwehr-holdorf.de\/?p=3469\">Nachbarschaftliche L\u00f6schhilfe, Industriegebiet Holdorf<\/a><\/td>\n<\/tr>\n<tr class=\"row-5\">\n\t<td class=\"column-1\">04<\/td><td class=\"column-2\">08.06.2019<\/td><td class=\"column-3\">13:00<\/td><td class=\"column-4\">TH<\/td><td class=\"column-5\">Nachbarschaftliche Amtshilfe, Absichern Sch\u00fctzenfestumzug Langenberg<\/td>\n<\/tr>\n<tr class=\"row-6\">\n\t<td class=\"column-1\">05<\/td><td class=\"column-2\">09.06.2019<\/td><td class=\"column-3\">13:30<\/td><td class=\"column-4\">TH<\/td><td class=\"column-5\">Nachbarschaftliche Amtshilfe, Absichern Sch\u00fctzenfestumzug Langenberg<\/td>\n<\/tr>\n<tr class=\"row-7\">\n\t<td class=\"column-1\">06<\/td><td class=\"column-2\">14.06.2019<\/td><td class=\"column-3\">06:17<\/td><td class=\"column-4\">TH<\/td><td class=\"column-5\">Gemeldeter Zusammensto\u00df zwischen Zug und einer Person, Grandorf<\/td>\n<\/tr>\n<tr class=\"row-8\">\n\t<td class=\"column-1\">07<\/td><td class=\"column-2\">03.07.2019<\/td><td class=\"column-3\">13:56<\/td><td class=\"column-4\">Brand<\/td><td class=\"column-5\"><a href=\"https:\/\/feuerwehr-holdorf.de\/?p=3564\">Nachbarschaftliche L\u00f6schhilfe Fl\u00e4chenbrand, Gehrde (Lk Osnabr\u00fcck)<\/a><\/td>\n<\/tr>\n<tr class=\"row-9\">\n\t<td class=\"column-1\">08<\/td><td class=\"column-2\">10.07.2019<\/td><td class=\"column-3\">00:08<\/td><td class=\"column-4\">Brand<\/td><td class=\"column-5\"><a href=\"https:\/\/feuerwehr-holdorf.de\/?p=3574\">Nachbarschaftliche L\u00f6schhilfe, Gro\u00dfe Stra\u00dfe (Holdorf)<\/a><\/td>\n<\/tr>\n<tr class=\"row-10\">\n\t<td class=\"column-1\">09<\/td><td class=\"column-2\">21.07.2019<\/td><td class=\"column-3\">13:00<\/td><td class=\"column-4\">TH<\/td><td class=\"column-5\">Amtshilfe , Absichern Sch\u00fctzenfestumzug Holdorf<\/td>\n<\/tr>\n<tr class=\"row-11\">\n\t<td class=\"column-1\">10<\/td><td class=\"column-2\">22.07.2019<\/td><td class=\"column-3\">14:00<\/td><td class=\"column-4\">TH <\/td><td class=\"column-5\">Amtshilfe , Absichern Sch\u00fctzenfestumzug Holdorf<\/td>\n<\/tr>\n<tr class=\"row-12\">\n\t<td class=\"column-1\">11<\/td><td class=\"column-2\">22.07.2019<\/td><td class=\"column-3\">18:10<\/td><td class=\"column-4\">Brand<\/td><td class=\"column-5\"><a href=\"https:\/\/feuerwehr-holdorf.de\/?p=3662\">Nachbarschaftliche L\u00f6schhilfe \/ Fl\u00e4chenbrand, Dammer Strasse (Holdorf)<\/a><\/td>\n<\/tr>\n<tr class=\"row-13\">\n\t<td class=\"column-1\">12<\/td><td class=\"column-2\">23.07.2019<\/td><td class=\"column-3\">16:23<\/td><td class=\"column-4\">Brand<\/td><td class=\"column-5\"><a href=\"https:\/\/feuerwehr-holdorf.de\/?p=3682\">Nachbarschaftliche L\u00f6schhilfe Fl\u00e4chenbrand, Langenberg<\/a><\/td>\n<\/tr>\n<tr class=\"row-14\">\n\t<td class=\"column-1\">13<\/td><td class=\"column-2\">23.07.2019<\/td><td class=\"column-3\">18:18<\/td><td class=\"column-4\">Brand<\/td><td class=\"column-5\"><a href=\"https:\/\/feuerwehr-holdorf.de\/?p=3682\">Nachbarschaftliche L\u00f6schhilfe Waldbrand, Muna-Gel\u00e4nde (Scheelenhorst)<\/a><\/td>\n<\/tr>\n<tr class=\"row-15\">\n\t<td class=\"column-1\">14<\/td><td class=\"column-2\">24.07.2019<\/td><td class=\"column-3\">11:16<\/td><td class=\"column-4\">Brand<\/td><td class=\"column-5\"><a href=\"https:\/\/feuerwehr-holdorf.de\/?p=3697\">Nachbarschaftliche L\u00f6schhilfe \/ Waldbrand alte Brandstelle, Muna-Gel\u00e4nde<\/a><\/td>\n<\/tr>\n<tr class=\"row-16\">\n\t<td class=\"column-1\">15<\/td><td class=\"column-2\">24.07.2019<\/td><td class=\"column-3\">17:23<\/td><td class=\"column-4\">Brand<\/td><td class=\"column-5\"><a href=\"https:\/\/feuerwehr-holdorf.de\/?p=3700\">Nachbarschaftliche L\u00f6schhilfe Fl\u00e4chenbrand, Schwege (Dinklage)<\/a><\/td>\n<\/tr>\n<tr class=\"row-17\">\n\t<td class=\"column-1\">16<\/td><td class=\"column-2\">25.07.2019<\/td><td class=\"column-3\">18:12<\/td><td class=\"column-4\">Brand<\/td><td class=\"column-5\"><a href=\"https:\/\/feuerwehr-holdorf.de\/?p=3716\">Nachbarschaftliche L\u00f6schhilfe Fl\u00e4chenbrand, Gehrde (Lk Osnabr\u00fcck)<\/a><\/td>\n<\/tr>\n<tr class=\"row-18\">\n\t<td class=\"column-1\">17<\/td><td class=\"column-2\">26.07.2019<\/td><td class=\"column-3\">14:08<\/td><td class=\"column-4\">Brand<\/td><td class=\"column-5\"><a href=\"https:\/\/feuerwehr-holdorf.de\/?p=3732\">Nachbarschaftliche L\u00f6schhilfe Fl\u00e4chenbrand, Neuenkirchen<\/a><\/td>\n<\/tr>\n<tr class=\"row-19\">\n\t<td class=\"column-1\">18<\/td><td class=\"column-2\">26.07.2019<\/td><td class=\"column-3\">17:20<\/td><td class=\"column-4\">Brand<\/td><td class=\"column-5\"><a href=\"https:\/\/feuerwehr-holdorf.de\/?p=3735\">Nachbarschaftliche L\u00f6schhilfe \/ Waldbrand alte Brandstelle, Muna-Gel\u00e4nde<\/a><\/td>\n<\/tr>\n<tr class=\"row-20\">\n\t<td class=\"column-1\">19<\/td><td class=\"column-2\">28.07.2019<\/td><td class=\"column-3\">00:30<\/td><td class=\"column-4\">Brand<\/td><td class=\"column-5\"><a href=\"https:\/\/feuerwehr-holdorf.de\/?p=3747\">Nachbarschaftliche L\u00f6schhilfe Scheunenbrand, H\u00f6rsten (V\u00f6rden)<\/a><\/td>\n<\/tr>\n<tr class=\"row-21\">\n\t<td class=\"column-1\">20<\/td><td class=\"column-2\">15.08.2019<\/td><td class=\"column-3\">08:37<\/td><td class=\"column-4\">Brand<\/td><td class=\"column-5\"><a href=\"https:\/\/feuerwehr-holdorf.de\/?p=3784\">Nachbarschaftliche L\u00f6schhilfe \/ Werkstattbrand, Neuenkirchen\/Bieste<\/a><\/td>\n<\/tr>\n<tr class=\"row-22\">\n\t<td class=\"column-1\">21<\/td><td class=\"column-2\">24.08.2019<\/td><td class=\"column-3\">09:28<\/td><td class=\"column-4\">Brand<\/td><td class=\"column-5\"><a href=\"https:\/\/feuerwehr-holdorf.de\/?p=3798\">Radladerbrand in Scheune, Fladderlohausen\/Grandorf<\/a><\/td>\n<\/tr>\n<tr class=\"row-23\">\n\t<td class=\"column-1\">22<\/td><td class=\"column-2\">08.09.2019<\/td><td class=\"column-3\">08:45<\/td><td class=\"column-4\">TH<\/td><td class=\"column-5\">Abischerung Triathlon Dammer Berge<\/td>\n<\/tr>\n<tr class=\"row-24\">\n\t<td class=\"column-1\">23<\/td><td class=\"column-2\">17.09.2019<\/td><td class=\"column-3\">20:03<\/td><td class=\"column-4\">TH<\/td><td class=\"column-5\"><a href=\"https:\/\/feuerwehr-holdorf.de\/?p=3839\">Alarm\u00fcbung\/ Chlorgasaustritt mit vermissten Personen, Hallenbad Holdorf<\/a><\/td>\n<\/tr>\n<tr class=\"row-25\">\n\t<td class=\"column-1\">24<\/td><td class=\"column-2\">23.09.2019<\/td><td class=\"column-3\">01:49<\/td><td class=\"column-4\">Brand<br \/>\n<\/td><td class=\"column-5\"><a href=\"https:\/\/feuerwehr-holdorf.de\/?p=3853\">Nachbarschaftliche L\u00f6schhilfe \/ Dachstuhlbrand, Holdorf-Langenberg<\/a><\/td>\n<\/tr>\n<tr class=\"row-26\">\n\t<td class=\"column-1\">25<\/td><td class=\"column-2\">23.09.2019<\/td><td class=\"column-3\">11:12<\/td><td class=\"column-4\">Brand<\/td><td class=\"column-5\">Nachbarschaftilche L\u00f6schhilfe, Nachl\u00f6scharbeiten alte Brandstelle; Langenberg<\/td>\n<\/tr>\n<tr class=\"row-27\">\n\t<td class=\"column-1\">26<\/td><td class=\"column-2\">01.10.2019<\/td><td class=\"column-3\">19:40<\/td><td class=\"column-4\">TH<\/td><td class=\"column-5\">Stra\u00dfe unter Wasser nach Regenf\u00e4llen, Fladderlohausen L852<\/td>\n<\/tr>\n<tr class=\"row-28\">\n\t<td class=\"column-1\">27<\/td><td class=\"column-2\">12.-13-10.2019<\/td><td class=\"column-3\">10:00<\/td><td class=\"column-4\">KFB<\/td><td class=\"column-5\"><a href=\"https:\/\/feuerwehr-holdorf.de\/?p=3902\">Einsatz\u00fcbung der KFB in Twistringen, LK Diepholz<\/a><\/td>\n<\/tr>\n<tr class=\"row-29\">\n\t<td class=\"column-1\">28<\/td><td class=\"column-2\">18.10.2019<\/td><td class=\"column-3\">14:23<\/td><td class=\"column-4\">TH<\/td><td class=\"column-5\">Baum auf Stra\u00dfe, Grandorf<\/td>\n<\/tr>\n<tr class=\"row-30\">\n\t<td class=\"column-1\">29<\/td><td class=\"column-2\">18.10.2019<\/td><td class=\"column-3\">15:30<\/td><td class=\"column-4\">TH<\/td><td class=\"column-5\">Baum auf Stra\u00dfe, Gehrder Stra\u00dfe<\/td>\n<\/tr>\n<tr class=\"row-31\">\n\t<td class=\"column-1\">30<\/td><td class=\"column-2\">28.10.2019<\/td><td class=\"column-3\">21:41<\/td><td class=\"column-4\">Brand<\/td><td class=\"column-5\"><a href=\"https:\/\/feuerwehr-holdorf.de\/?p=3943\">Nachbarschaftliche L\u00f6schhilfe, Grapperhausen (Neuenkirchen) <\/a><\/td>\n<\/tr>\n<tr class=\"row-32\">\n\t<td class=\"column-1\">31<\/td><td class=\"column-2\">29.10.2019<\/td><td class=\"column-3\">20:05<\/td><td class=\"column-4\">Brand<\/td><td class=\"column-5\">Kontrolle nach K\u00fcchenbrand, Wenstrup<\/td>\n<\/tr>\n<tr class=\"row-33\">\n\t<td class=\"column-1\">32<\/td><td class=\"column-2\">11.11.2019<\/td><td class=\"column-3\">17:00<\/td><td class=\"column-4\">TH<\/td><td class=\"column-5\">Absicherung Laternenumzug ; Lorse<\/td>\n<\/tr>\n<tr class=\"row-34\">\n\t<td class=\"column-1\">33<\/td><td class=\"column-2\">30.11.2019<\/td><td class=\"column-3\">14:04<\/td><td class=\"column-4\">TH<\/td><td class=\"column-5\">Baum auf Stra\u00dfe, Steinhorst<\/td>\n<\/tr>\n<tr class=\"row-35\">\n\t<td class=\"column-1\">34<\/td><td class=\"column-2\">25.12.2019<\/td><td class=\"column-3\">03:17<\/td><td class=\"column-4\">TH<\/td><td class=\"column-5\"><a href=\"https:\/\/feuerwehr-holdorf.de\/?p=4030\">Nachbarschaftliche Hilfeleistung, schwerer Verkehrsunfall A1 Rtg. Osnabr\u00fcck<\/a><\/td>\n<\/tr>\n<\/tbody>\n<\/table>\n<!-- #tablepress-27 from cache -->\n\n\n\n<p><em><strong>Erkl\u00e4rung:<br><\/strong><\/em>BSW = Brandsicherheitswache<br>Brand = Brandeinsatz<br>TH = technische Hilfeleistung<br>Fehl = Fehlalarm<br>KFB = Einsatz mit der Kreisfeuerwehrbereitschaft<br>MANV = Massenanfall von Veletzten<\/p>\n\n\n\n<p><\/p>\n","protected":false},"excerpt":{"rendered":"<p>Erkl\u00e4rung:BSW = BrandsicherheitswacheBrand = BrandeinsatzTH = technische HilfeleistungFehl = FehlalarmKFB = Einsatz mit der KreisfeuerwehrbereitschaftMANV = Massenanfall von Veletzten<\/p>\n","protected":false},"author":2,"featured_media":0,"parent":5437,"menu_order":0,"comment_status":"closed","ping_status":"closed","template":"","meta":{"ngg_post_thumbnail":0,"footnotes":""},"class_list":["post-3139","page","type-page","status-publish","hentry"],"_links":{"self":[{"href":"https:\/\/feuerwehr-holdorf.de\/index.php?rest_route=\/wp\/v2\/pages\/3139","targetHints":{"allow":["GET"]}}],"collection":[{"href":"https:\/\/feuerwehr-holdorf.de\/index.php?rest_route=\/wp\/v2\/pages"}],"about":[{"href":"https:\/\/feuerwehr-holdorf.de\/index.php?rest_route=\/wp\/v2\/types\/page"}],"author":[{"embeddable":true,"href":"https:\/\/feuerwehr-holdorf.de\/index.php?rest_route=\/wp\/v2\/users\/2"}],"replies":[{"embeddable":true,"href":"https:\/\/feuerwehr-holdorf.de\/index.php?rest_route=%2Fwp%2Fv2%2Fcomments&post=3139"}],"version-history":[{"count":4,"href":"https:\/\/feuerwehr-holdorf.de\/index.php?rest_route=\/wp\/v2\/pages\/3139\/revisions"}],"predecessor-version":[{"id":4094,"href":"https:\/\/feuerwehr-holdorf.de\/index.php?rest_route=\/wp\/v2\/pages\/3139\/revisions\/4094"}],"up":[{"embeddable":true,"href":"https:\/\/feuerwehr-holdorf.de\/index.php?rest_route=\/wp\/v2\/pages\/5437"}],"wp:attachment":[{"href":"https:\/\/feuerwehr-holdorf.de\/index.php?rest_route=%2Fwp%2Fv2%2Fmedia&parent=3139"}],"curies":[{"name":"wp","href":"https:\/\/api.w.org\/{rel}","templated":true}]}}