{"id":3177,"date":"2019-01-23T16:19:54","date_gmt":"2019-01-23T15:19:54","guid":{"rendered":"https:\/\/feuerwehr-holdorf.de\/?page_id=3177"},"modified":"2023-06-29T12:22:18","modified_gmt":"2023-06-29T10:22:18","slug":"neubau-2020","status":"publish","type":"page","link":"https:\/\/feuerwehr-holdorf.de\/?page_id=3177","title":{"rendered":"Neubau FW-Haus Holdorf"},"content":{"rendered":"\r\n<p><strong><span class=\"tadv-color\" style=\"color: #cf2e2e;\">Hinweis vorab:<\/span><\/strong><br>\r\n<strong>Wir haben eine Bildergalerie erstellt und erweitern diese in kurzen, regelm\u00e4\u00dfigen Abst\u00e4nden. Ein Blick auf die Seite lohnt sich! Sie finden die Bildergalerie unter <a href=\"https:\/\/feuerwehr-holdorf.de\/?page_id=4661\" target=\"_blank\" rel=\"noreferrer noopener\">diesem Link<\/a>!<\/strong><\/p>\r\n\r\n\r\n<p>&nbsp;<\/p>\r\n\r\n\r\n<div class=\"wp-block-image\">\r\n<figure class=\"alignright is-resized\"><a href=\"https:\/\/feuerwehr-holdorf.de\/wp-content\/uploads\/2019\/02\/2015-07-07.png\" target=\"_blank\" rel=\"noreferrer noopener\"><img loading=\"lazy\" decoding=\"async\" class=\"wp-image-3195\" src=\"https:\/\/feuerwehr-holdorf.de\/wp-content\/uploads\/2019\/02\/2015-07-07.png\" alt=\"\" width=\"202\" height=\"182\" srcset=\"https:\/\/feuerwehr-holdorf.de\/wp-content\/uploads\/2019\/02\/2015-07-07.png 808w, https:\/\/feuerwehr-holdorf.de\/wp-content\/uploads\/2019\/02\/2015-07-07-300x270.png 300w, https:\/\/feuerwehr-holdorf.de\/wp-content\/uploads\/2019\/02\/2015-07-07-768x691.png 768w\" sizes=\"auto, (max-width: 202px) 100vw, 202px\" \/><\/a><\/figure>\r\n<\/div>\r\n\r\n\r\n<p><strong>2015:<\/strong> Bereits im Jahr 2015 wurden erste \u00dcberlegungen angestellt, ob das jetzige Feuerwehrhaus noch dem aktuellen Stand entspricht. Diverse \u00dcberlegungen wurden abgewogen. Die OV berichtete dar\u00fcber bereits am 07.07.2015 (Klick auf das Bild \u00f6ffnet den Artikel). Bei einem Vor-Ort-Termin erl\u00e4utert der damalige Ortsbrandmeister Alexander Meyer die derzeitige, nicht zufriedenstellende Situation. Schnell wird klar, dass der jetzige Standort &#8222;Heideweg&#8220; vermutlich nicht gehalten werden kann.<\/p>\r\n\r\n\r\n<hr class=\"wp-block-separator\">\r\n\r\n<p>&nbsp;<\/p>\r\n\r\n\r\n<div class=\"wp-block-image\">\r\n<figure class=\"alignright is-resized\"><a href=\"https:\/\/feuerwehr-holdorf.de\/wp-content\/uploads\/2019\/02\/2016-02-01.png\" target=\"_blank\" rel=\"noreferrer noopener\"><img loading=\"lazy\" decoding=\"async\" class=\"wp-image-3197\" src=\"https:\/\/feuerwehr-holdorf.de\/wp-content\/uploads\/2019\/02\/2016-02-01-975x424.png\" alt=\"\" width=\"244\" height=\"106\" srcset=\"https:\/\/feuerwehr-holdorf.de\/wp-content\/uploads\/2019\/02\/2016-02-01-975x424.png 975w, https:\/\/feuerwehr-holdorf.de\/wp-content\/uploads\/2019\/02\/2016-02-01-300x130.png 300w, https:\/\/feuerwehr-holdorf.de\/wp-content\/uploads\/2019\/02\/2016-02-01-768x334.png 768w, https:\/\/feuerwehr-holdorf.de\/wp-content\/uploads\/2019\/02\/2016-02-01.png 1058w\" sizes=\"auto, (max-width: 244px) 100vw, 244px\" \/><\/a><\/figure>\r\n<\/div>\r\n\r\n\r\n<p><strong>2016:<\/strong> Zahlreiche Sitzungen des Wirtschafts- und Sicherheitsausschusses, zahlreiche Sitzungen des Bauausschusses, viele \u00dcberlegungen und Ideen&#8230; All das kostet Zeit. Es gibt immer wieder konstruktive Diskussionen \u00fcber einen m\u00f6glichen Standort. Das Ziel 2018 (siehe Bericht der OV) soll realisiert werden, wurde jedoch kurze Zeit sp\u00e4ter aus diversen Gr\u00fcnden auf 2020 verschoben.<\/p>\r\n\r\n\r\n<hr class=\"wp-block-separator\">\r\n\r\n<div class=\"wp-block-image\">\r\n<figure class=\"alignright is-resized\"><a href=\"https:\/\/feuerwehr-holdorf.de\/wp-content\/uploads\/2019\/02\/2019-01-21.png\" target=\"_blank\" rel=\"noreferrer noopener\"><img loading=\"lazy\" decoding=\"async\" class=\"wp-image-3203\" src=\"https:\/\/feuerwehr-holdorf.de\/wp-content\/uploads\/2019\/02\/2019-01-21.png\" alt=\"\" width=\"193\" height=\"140\" srcset=\"https:\/\/feuerwehr-holdorf.de\/wp-content\/uploads\/2019\/02\/2019-01-21.png 969w, https:\/\/feuerwehr-holdorf.de\/wp-content\/uploads\/2019\/02\/2019-01-21-300x218.png 300w, https:\/\/feuerwehr-holdorf.de\/wp-content\/uploads\/2019\/02\/2019-01-21-768x558.png 768w\" sizes=\"auto, (max-width: 193px) 100vw, 193px\" \/><\/a><\/figure>\r\n<\/div>\r\n\r\n\r\n<p><strong>2018\/2019:<\/strong> Die Standortsuche ist beendet, das neue Feuerwehrhaus soll an der Strasse &#8222;Am Lagerweg&#8220; gebaut werden. Die Feuerwehrkameraden sowie der Bauausschuss begr\u00fc\u00dfen diesen Standort und beginnen mit den ersten Planungen (siehe OV-Bericht vom 21.01.2019). Erste konkrete Planungen deuten auf einen Baubeginn im Jahre 2020 hin, eventuell durch notwenige Ausgrabungen auch erst 2021.<\/p>\r\n\r\n\r\n<hr class=\"wp-block-separator\">\r\n\r\n<p><strong><a href=\"https:\/\/feuerwehr-holdorf.de\/wp-content\/uploads\/2019\/07\/OV-Bericht_17-07-2019.jpg\" target=\"_blank\" rel=\"noopener\"><img loading=\"lazy\" decoding=\"async\" class=\"alignright wp-image-3688\" src=\"https:\/\/feuerwehr-holdorf.de\/wp-content\/uploads\/2019\/07\/OV-Bericht_17-07-2019-300x278.jpg\" alt=\"\" width=\"260\" height=\"241\" srcset=\"https:\/\/feuerwehr-holdorf.de\/wp-content\/uploads\/2019\/07\/OV-Bericht_17-07-2019-300x278.jpg 300w, https:\/\/feuerwehr-holdorf.de\/wp-content\/uploads\/2019\/07\/OV-Bericht_17-07-2019-768x712.jpg 768w, https:\/\/feuerwehr-holdorf.de\/wp-content\/uploads\/2019\/07\/OV-Bericht_17-07-2019.jpg 825w\" sizes=\"auto, (max-width: 260px) 100vw, 260px\" \/><\/a><\/strong><\/p>\r\n<p><strong>07-2019:<\/strong> Die Planungen, die bereits im Jahre 2015 aufgenommen wurden, laufen nun auf Hochtouren. Es wird nun eine europaweite Ausschreibung stattfinden, da das Projekt ca. 3,5 Millionen Euro kosten soll. Die OV berichtet dar\u00fcber am 17.07.2019 (siehe rechts). Auch hier sind die Planungen aktuell so, dass mit einer Fertigstellung eventuell im Jahr 2021 zu rechnen ist. <em>[Ein Klick auf das Bild vergr\u00f6\u00dfert den Artikel]<\/em><\/p>\r\n\r\n\r\n<hr class=\"wp-block-separator\">\r\n\r\n<p><img loading=\"lazy\" decoding=\"async\" class=\"alignright wp-image-4258\" src=\"https:\/\/feuerwehr-holdorf.de\/wp-content\/uploads\/2020\/02\/2020-02-03-300x225.jpg\" alt=\"\" width=\"276\" height=\"207\" srcset=\"https:\/\/feuerwehr-holdorf.de\/wp-content\/uploads\/2020\/02\/2020-02-03-300x225.jpg 300w, https:\/\/feuerwehr-holdorf.de\/wp-content\/uploads\/2020\/02\/2020-02-03-975x731.jpg 975w, https:\/\/feuerwehr-holdorf.de\/wp-content\/uploads\/2020\/02\/2020-02-03-768x576.jpg 768w, https:\/\/feuerwehr-holdorf.de\/wp-content\/uploads\/2020\/02\/2020-02-03-1536x1152.jpg 1536w, https:\/\/feuerwehr-holdorf.de\/wp-content\/uploads\/2020\/02\/2020-02-03-2048x1536.jpg 2048w\" sizes=\"auto, (max-width: 276px) 100vw, 276px\" \/><strong>02-2020:<\/strong> Die Bebauungspl\u00e4ne werden aufgestellt, die Ausgrabungen &#8222;Am Lagerweg&#8220; beginnen. B\u00fcrgermeister Dr. Krug verk\u00fcndet auf der gemeinsamen Generalversammlung der Feuerwehren Holdorf und Fladderlohausen, dass sich nun alles im zeitlichen Rahmen befindet. Die Feuerwehr Holdorf kann vorraussichtlich Mitte 2022 in das neue Ger\u00e4tehaus einziehen.<\/p>\r\n\r\n\r\n<hr class=\"wp-block-separator\">\r\n\r\n<p><strong><a href=\"https:\/\/feuerwehr-holdorf.de\/wp-content\/uploads\/2020\/08\/OV-Bericht_19-08-2020.jpg\" target=\"_blank\" rel=\"noopener noreferrer\"><img loading=\"lazy\" decoding=\"async\" class=\"alignright wp-image-4673\" src=\"https:\/\/feuerwehr-holdorf.de\/wp-content\/uploads\/2020\/08\/OV-Bericht_19-08-2020-255x300.jpg\" alt=\"\" width=\"196\" height=\"231\" srcset=\"https:\/\/feuerwehr-holdorf.de\/wp-content\/uploads\/2020\/08\/OV-Bericht_19-08-2020-255x300.jpg 255w, https:\/\/feuerwehr-holdorf.de\/wp-content\/uploads\/2020\/08\/OV-Bericht_19-08-2020-828x975.jpg 828w, https:\/\/feuerwehr-holdorf.de\/wp-content\/uploads\/2020\/08\/OV-Bericht_19-08-2020-768x904.jpg 768w, https:\/\/feuerwehr-holdorf.de\/wp-content\/uploads\/2020\/08\/OV-Bericht_19-08-2020.jpg 1055w\" sizes=\"auto, (max-width: 196px) 100vw, 196px\" \/><\/a>08-2020:<\/strong> Die Ausgrabungen durch die Firma &#8222;Denkmal 3D&#8220; gehen nun weiter, Schicht f\u00fcr Schicht wird die Erde abgetragen. Vorraussichtlich Anfang 2021 ist dann der Baubeginn, sodass aktuell alles im zeitlichen Plan liegt. B\u00fcrgermeister Dr. Wolfgang Krug hatte sich Mitte August vor Ort die Ausgrabungen angeschaut, die OV begleitete ihn dabei (siehe OV-Artikel rechts vom 19.08.2020) <em>[Klick auf das Bild vergr\u00f6\u00dfert den Artikel]<\/em><\/p>\r\n<p>&nbsp;<\/p>\r\n<p>&nbsp;<\/p>\r\n<p><a href=\"https:\/\/feuerwehr-holdorf.de\/wp-content\/uploads\/2021\/05\/2021-05-28_OV-Bericht_Spatenstich.png\" target=\"_blank\" rel=\"noopener\"><img loading=\"lazy\" decoding=\"async\" class=\"alignright wp-image-5085\" src=\"https:\/\/feuerwehr-holdorf.de\/wp-content\/uploads\/2021\/05\/2021-05-28_OV-Bericht_Spatenstich-261x300.png\" alt=\"\" width=\"200\" height=\"230\" srcset=\"https:\/\/feuerwehr-holdorf.de\/wp-content\/uploads\/2021\/05\/2021-05-28_OV-Bericht_Spatenstich-261x300.png 261w, https:\/\/feuerwehr-holdorf.de\/wp-content\/uploads\/2021\/05\/2021-05-28_OV-Bericht_Spatenstich-849x975.png 849w, https:\/\/feuerwehr-holdorf.de\/wp-content\/uploads\/2021\/05\/2021-05-28_OV-Bericht_Spatenstich-768x882.png 768w, https:\/\/feuerwehr-holdorf.de\/wp-content\/uploads\/2021\/05\/2021-05-28_OV-Bericht_Spatenstich.png 1049w\" sizes=\"auto, (max-width: 200px) 100vw, 200px\" \/><\/a><strong>05-2021:<\/strong> Nun geht es los! Nachdem sowohl der Bauausschuss als auch der Wirtschafts- und Sicherheitsausschuss der Gemeinde Holdorf und weiteren, zahlreichen Sitzungen die Planungen und Anforderungen des Feuerwehrhauses besprochen haben, wurde das Projekt ausgeschrieben. Anfang 2021 sind die Ausschreibungen beendet worden und am 26.05.2021 erfolgte der Spatenstich. Somit geht es nun mit dem Neubau los. Der Bau soll sp\u00e4testens Ende 2022 abgeschlossen sein. N\u00e4here Informationen hierzu im Beitrag der OV vom 28.05.2021 <em>[Klick auf das Bild vergr\u00f6\u00dfert den Artikel]<\/em><\/p>\r\n<p>&nbsp;<\/p>\r\n<p><strong><a href=\"https:\/\/feuerwehr-holdorf.de\/wp-content\/uploads\/2021\/08\/2021-08-17_OV-Bericht_aktueller-Stand.png\" target=\"_blank\" rel=\"noopener\"><img loading=\"lazy\" decoding=\"async\" class=\"alignright wp-image-5210\" src=\"https:\/\/feuerwehr-holdorf.de\/wp-content\/uploads\/2021\/08\/2021-08-17_OV-Bericht_aktueller-Stand-300x285.png\" alt=\"\" width=\"225\" height=\"214\" srcset=\"https:\/\/feuerwehr-holdorf.de\/wp-content\/uploads\/2021\/08\/2021-08-17_OV-Bericht_aktueller-Stand-300x285.png 300w, https:\/\/feuerwehr-holdorf.de\/wp-content\/uploads\/2021\/08\/2021-08-17_OV-Bericht_aktueller-Stand-975x927.png 975w, https:\/\/feuerwehr-holdorf.de\/wp-content\/uploads\/2021\/08\/2021-08-17_OV-Bericht_aktueller-Stand-768x730.png 768w, https:\/\/feuerwehr-holdorf.de\/wp-content\/uploads\/2021\/08\/2021-08-17_OV-Bericht_aktueller-Stand.png 1056w\" sizes=\"auto, (max-width: 225px) 100vw, 225px\" \/><\/a>08-2021:<\/strong> Die Arbeiten haben begonnen. Ende 2022 soll das Feuerwehrhaus stehen. Ein Jahr vorher, also Ende 2021, soll bereits das neue HLF (Hilfeleistungsl\u00f6schgruppenfahrzeug) als drittes Gro\u00dffahrzeug zur Feuerwehr Holdorf sto\u00dfen. Es geht also Schlag auf Schlag aktuell. \u00dcber den aktuellen Stand hat die OV am 17.08.2021 in einem Zeitungsartikel berichtet, den ihr rechts einsehen k\u00f6nnt. <em>[Klick auf das Bild vergr\u00f6\u00dfert den Artikel]<\/em><\/p>\r\n<p>&nbsp;<\/p>\r\n<p><strong><a href=\"https:\/\/feuerwehr-holdorf.de\/wp-content\/uploads\/2021\/10\/2021-10-19_OV-Bericht_Grundsteinlegung-FF-Haus.png\"><img loading=\"lazy\" decoding=\"async\" class=\"alignright size-medium wp-image-5325\" src=\"https:\/\/feuerwehr-holdorf.de\/wp-content\/uploads\/2021\/10\/2021-10-19_OV-Bericht_Grundsteinlegung-FF-Haus-300x142.png\" alt=\"\" width=\"300\" height=\"142\" srcset=\"https:\/\/feuerwehr-holdorf.de\/wp-content\/uploads\/2021\/10\/2021-10-19_OV-Bericht_Grundsteinlegung-FF-Haus-300x142.png 300w, https:\/\/feuerwehr-holdorf.de\/wp-content\/uploads\/2021\/10\/2021-10-19_OV-Bericht_Grundsteinlegung-FF-Haus-975x460.png 975w, https:\/\/feuerwehr-holdorf.de\/wp-content\/uploads\/2021\/10\/2021-10-19_OV-Bericht_Grundsteinlegung-FF-Haus-768x363.png 768w, https:\/\/feuerwehr-holdorf.de\/wp-content\/uploads\/2021\/10\/2021-10-19_OV-Bericht_Grundsteinlegung-FF-Haus.png 1055w\" sizes=\"auto, (max-width: 300px) 100vw, 300px\" \/><\/a>10-2021:<\/strong> Am 16.10.2021 fand die Grundsteinlegung beim Neubau des Feuerwehrhauses statt. Mitglieder der Einsatz- und Altersabteilung der Feuerwehr Holdorf, der Jugendfeuerwehr Holdorf, Vertreter der Gemeindeverwaltung Holdorf sowie einige Mitarbeiter der ausf\u00fchrenden Firmen fanden sich &#8222;Am Lagerweg&#8220; ein, um gemeinsam eine Zeitkapsel in den Grundstein zu legen. Diese beinhaltet eine tagesaktuelle Zeitung, die Entw\u00fcrfe des Feuerwehrhauses, die aktuellen Mitgliederlisten, einen Satz Euro-M\u00fcnzen, Bilder von der Entstehung des Rohbaus sowie eine Liste der ausf\u00fchrenden Firmen. Die OV berichtete am 19.10.2021 hier\u00fcber. <em>[Klick auf das Bild vergr\u00f6\u00dfert den Artikel]. <\/em>Unter <a href=\"https:\/\/www.youtube.com\/watch?v=zAvwwwF1rGM\">diesem Link<\/a> finden Sie zudem auch ein Video von Nordsehen-TV.<em><br>\r\n<\/em><\/p>\r\n<p>&nbsp;<\/p>\r\n<p><strong><a href=\"https:\/\/feuerwehr-holdorf.de\/wp-content\/uploads\/2023\/06\/2023-06-26_Bericht_Einweihung-TdoT_OV.png\"><img loading=\"lazy\" decoding=\"async\" class=\"alignright size-medium wp-image-6489\" src=\"https:\/\/feuerwehr-holdorf.de\/wp-content\/uploads\/2023\/06\/2023-06-26_Bericht_Einweihung-TdoT_OV-265x300.png\" alt=\"\" width=\"265\" height=\"300\" srcset=\"https:\/\/feuerwehr-holdorf.de\/wp-content\/uploads\/2023\/06\/2023-06-26_Bericht_Einweihung-TdoT_OV-265x300.png 265w, https:\/\/feuerwehr-holdorf.de\/wp-content\/uploads\/2023\/06\/2023-06-26_Bericht_Einweihung-TdoT_OV-861x975.png 861w, https:\/\/feuerwehr-holdorf.de\/wp-content\/uploads\/2023\/06\/2023-06-26_Bericht_Einweihung-TdoT_OV-768x870.png 768w, https:\/\/feuerwehr-holdorf.de\/wp-content\/uploads\/2023\/06\/2023-06-26_Bericht_Einweihung-TdoT_OV.png 1023w\" sizes=\"auto, (max-width: 265px) 100vw, 265px\" \/><\/a>06-2023: <\/strong>Am 24.06.2023 fand die offizielle \u00dcbergabe des neuen Feuerwehrhauses statt. Es folgte zudem am 25.06.2023 der Tag der offenen T\u00fcr. Zahlreiche Besucher machten sich vom Neubau am Lagerweg ein Bild und verbrachten ein paar sch\u00f6ne Stunden. B\u00fcrgermeister Dr. Krug fasste es treffend zusammen: &#8222;Der Traum ist nun wahr geworden!&#8220;<br>\r\nEin Video hiervon in unserer <a href=\"https:\/\/feuerwehr-holdorf.de\/?page_id=5137\">Mediathek<\/a> sowie bei Nordsehen.TV unter <a href=\"https:\/\/www.nordsehen.tv\/Videos\/holdorf-feiert\/\" target=\"_blank\" rel=\"noopener\">diesem Link<\/a>. Au\u00dferdem erschien am 26.06.2023 ein Bericht in der OV <em>(siehe rechts, ein Klick auf das Bild vergr\u00f6\u00dfert den Artikel)<\/em>.<\/p>\r\n<p>Bereits am 12.05.2023 fand der Umzug der Kameradinnen und Kameraden statt. Ein Video dazu auch in unserer <a href=\"https:\/\/feuerwehr-holdorf.de\/?page_id=5137\">Mediathek<\/a>.<\/p>\r\n","protected":false},"excerpt":{"rendered":"<p>Hinweis vorab: Wir haben eine Bildergalerie erstellt und erweitern diese in kurzen, regelm\u00e4\u00dfigen Abst\u00e4nden. Ein Blick auf die Seite lohnt sich! Sie finden die Bildergalerie unter diesem Link! &nbsp; 2015: Bereits im Jahr 2015 wurden erste \u00dcberlegungen angestellt, ob das<\/p>\n","protected":false},"author":2,"featured_media":0,"parent":120,"menu_order":0,"comment_status":"closed","ping_status":"closed","template":"","meta":{"ngg_post_thumbnail":0,"footnotes":""},"class_list":["post-3177","page","type-page","status-publish","hentry"],"_links":{"self":[{"href":"https:\/\/feuerwehr-holdorf.de\/index.php?rest_route=\/wp\/v2\/pages\/3177","targetHints":{"allow":["GET"]}}],"collection":[{"href":"https:\/\/feuerwehr-holdorf.de\/index.php?rest_route=\/wp\/v2\/pages"}],"about":[{"href":"https:\/\/feuerwehr-holdorf.de\/index.php?rest_route=\/wp\/v2\/types\/page"}],"author":[{"embeddable":true,"href":"https:\/\/feuerwehr-holdorf.de\/index.php?rest_route=\/wp\/v2\/users\/2"}],"replies":[{"embeddable":true,"href":"https:\/\/feuerwehr-holdorf.de\/index.php?rest_route=%2Fwp%2Fv2%2Fcomments&post=3177"}],"version-history":[{"count":10,"href":"https:\/\/feuerwehr-holdorf.de\/index.php?rest_route=\/wp\/v2\/pages\/3177\/revisions"}],"predecessor-version":[{"id":6492,"href":"https:\/\/feuerwehr-holdorf.de\/index.php?rest_route=\/wp\/v2\/pages\/3177\/revisions\/6492"}],"up":[{"embeddable":true,"href":"https:\/\/feuerwehr-holdorf.de\/index.php?rest_route=\/wp\/v2\/pages\/120"}],"wp:attachment":[{"href":"https:\/\/feuerwehr-holdorf.de\/index.php?rest_route=%2Fwp%2Fv2%2Fmedia&parent=3177"}],"curies":[{"name":"wp","href":"https:\/\/api.w.org\/{rel}","templated":true}]}}