{"id":35,"date":"2016-08-10T17:45:28","date_gmt":"2016-08-10T15:45:28","guid":{"rendered":"http:\/\/wp.feuerwehr-holdorf.de\/?page_id=35"},"modified":"2016-08-31T20:15:21","modified_gmt":"2016-08-31T18:15:21","slug":"tlf-1624-tr","status":"publish","type":"page","link":"https:\/\/feuerwehr-holdorf.de\/?page_id=35","title":{"rendered":"TLF 16\/24 Tr"},"content":{"rendered":"<p><span style=\"font-size: 14pt;\"><em><strong>TLF 16\/24 Tr (Florian Vechta 31-21-1)<\/strong><\/em><\/span><br \/>\n<span style=\"font-size: 14pt;\"> Typ:\u00a0\u00a0\u00a0\u00a0\u00a0\u00a0\u00a0\u00a0\u00a0\u00a0\u00a0\u00a0\u00a0\u00a0\u00a0\u00a0\u00a0 MAN LE AC 9.180<br \/>\nBaujahr:\u00a0\u00a0\u00a0\u00a0\u00a0\u00a0\u00a0\u00a0\u00a0 \u00a02002<\/span><br \/>\n<span style=\"font-size: 14pt;\"> Besatzung:\u00a0\u00a0\u00a0\u00a0\u00a0\u00a0 1\/2<\/span><\/p>\n<p>&nbsp;<\/p>\n<p><span style=\"text-decoration: underline;\"><span style=\"font-size: 14pt;\">Ausstattung:<\/span><\/span><br \/>\n<span style=\"font-size: 14pt;\">Tank: 2400L Wasser, Feuerl\u00f6schkreiselpumpe mit einer Leistung von 1600L\/min bei 8bar, Motors\u00e4ge, 2 Pre\u00dfluftatmer, Schnellangriffseinrichtung, Schaummittel, Beleuchtungsger\u00e4te, Wasserwerfer, etc.<\/span><\/p>\n<p>&nbsp;<\/p>\n<p><!-- default-view.php -->\n<div\n\tclass=\"ngg-galleryoverview default-view\n\t ngg-ajax-pagination-none\t\"\n\tid=\"ngg-gallery-a71b3b1ee635ddbf317a1eb33c79445e-1\"\n\tdata-gallery-id=\"11\">\n\n\t\t<!-- Thumbnails -->\n\t\t\t\t<div id=\"ngg-image-0\" class=\"ngg-gallery-thumbnail-box\n\t\t\t\t\t\t\t\t\t\t\t\"\n\t\t\t>\n\t\t\t\t\t\t<div class=\"ngg-gallery-thumbnail\">\n\t\t\t<a href=\"https:\/\/feuerwehr-holdorf.de\/wp-content\/gallery\/tlf16-24tr\/TLF16-24Tr_1.jpg\"\n\t\t\t\ttitle=\"\"\n\t\t\t\tdata-src=\"https:\/\/feuerwehr-holdorf.de\/wp-content\/gallery\/tlf16-24tr\/TLF16-24Tr_1.jpg\"\n\t\t\t\tdata-thumbnail=\"https:\/\/feuerwehr-holdorf.de\/wp-content\/gallery\/tlf16-24tr\/thumbs\/thumbs_TLF16-24Tr_1.jpg\"\n\t\t\t\tdata-image-id=\"20\"\n\t\t\t\tdata-title=\"OLYMPUS DIGITAL CAMERA\"\n\t\t\t\tdata-description=\"\"\n\t\t\t\tdata-image-slug=\"tlf16-24tr_1\"\n\t\t\t\t\t\t\t\t\t\t\t\t\t\t\t\t\t\t\t\tclass=\"ngg-fancybox\" rel=\"a71b3b1ee635ddbf317a1eb33c79445e\">\n\t\t\t\t\t\t\t\t<img\n\t\t\t\t\ttitle=\"OLYMPUS DIGITAL CAMERA\"\n\t\t\t\t\talt=\"OLYMPUS DIGITAL CAMERA\"\n\t\t\t\t\tsrc=\"https:\/\/feuerwehr-holdorf.de\/wp-content\/gallery\/tlf16-24tr\/thumbs\/thumbs_TLF16-24Tr_1.jpg\"\n\t\t\t\t\twidth=\"240\"\n\t\t\t\t\theight=\"160\"\n\t\t\t\t\tstyle=\"max-width:100%;\"\n\t\t\t\t\/>\n\t\t\t<\/a>\n\t\t<\/div>\n\t\t\t\t\t\t\t<\/div>\n\t\t\t\n\t\t\t\t<div id=\"ngg-image-1\" class=\"ngg-gallery-thumbnail-box\n\t\t\t\t\t\t\t\t\t\t\t\"\n\t\t\t>\n\t\t\t\t\t\t<div class=\"ngg-gallery-thumbnail\">\n\t\t\t<a href=\"https:\/\/feuerwehr-holdorf.de\/wp-content\/gallery\/tlf16-24tr\/TLF16-24Tr_2.jpg\"\n\t\t\t\ttitle=\"\"\n\t\t\t\tdata-src=\"https:\/\/feuerwehr-holdorf.de\/wp-content\/gallery\/tlf16-24tr\/TLF16-24Tr_2.jpg\"\n\t\t\t\tdata-thumbnail=\"https:\/\/feuerwehr-holdorf.de\/wp-content\/gallery\/tlf16-24tr\/thumbs\/thumbs_TLF16-24Tr_2.jpg\"\n\t\t\t\tdata-image-id=\"21\"\n\t\t\t\tdata-title=\"OLYMPUS DIGITAL CAMERA\"\n\t\t\t\tdata-description=\"\"\n\t\t\t\tdata-image-slug=\"tlf16-24tr_2\"\n\t\t\t\t\t\t\t\t\t\t\t\t\t\t\t\t\t\t\t\tclass=\"ngg-fancybox\" rel=\"a71b3b1ee635ddbf317a1eb33c79445e\">\n\t\t\t\t\t\t\t\t<img\n\t\t\t\t\ttitle=\"OLYMPUS DIGITAL CAMERA\"\n\t\t\t\t\talt=\"OLYMPUS DIGITAL CAMERA\"\n\t\t\t\t\tsrc=\"https:\/\/feuerwehr-holdorf.de\/wp-content\/gallery\/tlf16-24tr\/thumbs\/thumbs_TLF16-24Tr_2.jpg\"\n\t\t\t\t\twidth=\"240\"\n\t\t\t\t\theight=\"160\"\n\t\t\t\t\tstyle=\"max-width:100%;\"\n\t\t\t\t\/>\n\t\t\t<\/a>\n\t\t<\/div>\n\t\t\t\t\t\t\t<\/div>\n\t\t\t\n\t\t\t\t<div id=\"ngg-image-2\" class=\"ngg-gallery-thumbnail-box\n\t\t\t\t\t\t\t\t\t\t\t\"\n\t\t\t>\n\t\t\t\t\t\t<div class=\"ngg-gallery-thumbnail\">\n\t\t\t<a href=\"https:\/\/feuerwehr-holdorf.de\/wp-content\/gallery\/tlf16-24tr\/TLF16-24Tr_3.jpg\"\n\t\t\t\ttitle=\"\"\n\t\t\t\tdata-src=\"https:\/\/feuerwehr-holdorf.de\/wp-content\/gallery\/tlf16-24tr\/TLF16-24Tr_3.jpg\"\n\t\t\t\tdata-thumbnail=\"https:\/\/feuerwehr-holdorf.de\/wp-content\/gallery\/tlf16-24tr\/thumbs\/thumbs_TLF16-24Tr_3.jpg\"\n\t\t\t\tdata-image-id=\"22\"\n\t\t\t\tdata-title=\"OLYMPUS DIGITAL CAMERA\"\n\t\t\t\tdata-description=\"\"\n\t\t\t\tdata-image-slug=\"tlf16-24tr_3\"\n\t\t\t\t\t\t\t\t\t\t\t\t\t\t\t\t\t\t\t\tclass=\"ngg-fancybox\" rel=\"a71b3b1ee635ddbf317a1eb33c79445e\">\n\t\t\t\t\t\t\t\t<img\n\t\t\t\t\ttitle=\"OLYMPUS DIGITAL CAMERA\"\n\t\t\t\t\talt=\"OLYMPUS DIGITAL CAMERA\"\n\t\t\t\t\tsrc=\"https:\/\/feuerwehr-holdorf.de\/wp-content\/gallery\/tlf16-24tr\/thumbs\/thumbs_TLF16-24Tr_3.jpg\"\n\t\t\t\t\twidth=\"240\"\n\t\t\t\t\theight=\"160\"\n\t\t\t\t\tstyle=\"max-width:100%;\"\n\t\t\t\t\/>\n\t\t\t<\/a>\n\t\t<\/div>\n\t\t\t\t\t\t\t<\/div>\n\t\t\t\n\t\t\t\t<div id=\"ngg-image-3\" class=\"ngg-gallery-thumbnail-box\n\t\t\t\t\t\t\t\t\t\t\t\"\n\t\t\t>\n\t\t\t\t\t\t<div class=\"ngg-gallery-thumbnail\">\n\t\t\t<a href=\"https:\/\/feuerwehr-holdorf.de\/wp-content\/gallery\/tlf16-24tr\/TLF16-24Tr_4.jpg\"\n\t\t\t\ttitle=\"\"\n\t\t\t\tdata-src=\"https:\/\/feuerwehr-holdorf.de\/wp-content\/gallery\/tlf16-24tr\/TLF16-24Tr_4.jpg\"\n\t\t\t\tdata-thumbnail=\"https:\/\/feuerwehr-holdorf.de\/wp-content\/gallery\/tlf16-24tr\/thumbs\/thumbs_TLF16-24Tr_4.jpg\"\n\t\t\t\tdata-image-id=\"23\"\n\t\t\t\tdata-title=\"OLYMPUS DIGITAL CAMERA\"\n\t\t\t\tdata-description=\"\"\n\t\t\t\tdata-image-slug=\"tlf16-24tr_4\"\n\t\t\t\t\t\t\t\t\t\t\t\t\t\t\t\t\t\t\t\tclass=\"ngg-fancybox\" rel=\"a71b3b1ee635ddbf317a1eb33c79445e\">\n\t\t\t\t\t\t\t\t<img\n\t\t\t\t\ttitle=\"OLYMPUS DIGITAL CAMERA\"\n\t\t\t\t\talt=\"OLYMPUS DIGITAL CAMERA\"\n\t\t\t\t\tsrc=\"https:\/\/feuerwehr-holdorf.de\/wp-content\/gallery\/tlf16-24tr\/thumbs\/thumbs_TLF16-24Tr_4.jpg\"\n\t\t\t\t\twidth=\"240\"\n\t\t\t\t\theight=\"160\"\n\t\t\t\t\tstyle=\"max-width:100%;\"\n\t\t\t\t\/>\n\t\t\t<\/a>\n\t\t<\/div>\n\t\t\t\t\t\t\t<\/div>\n\t\t\t\n\t\n\t<br style=\"clear: both\" \/>\n\n\t\t<div class=\"slideshowlink\">\n\t\t<a href='https:\/\/feuerwehr-holdorf.de\/index.php\/nggallery\/slideshow?page_id=35'>[Zeige eine Slideshow]<\/a>\n\n\t<\/div>\n\t\n\t\t<!-- Pagination -->\n\t\t<div class='ngg-clear'><\/div>\t<\/div>\n<\/p>\n","protected":false},"excerpt":{"rendered":"<p>TLF 16\/24 Tr (Florian Vechta 31-21-1) Typ:\u00a0\u00a0\u00a0\u00a0\u00a0\u00a0\u00a0\u00a0\u00a0\u00a0\u00a0\u00a0\u00a0\u00a0\u00a0\u00a0\u00a0 MAN LE AC 9.180 Baujahr:\u00a0\u00a0\u00a0\u00a0\u00a0\u00a0\u00a0\u00a0\u00a0 \u00a02002 Besatzung:\u00a0\u00a0\u00a0\u00a0\u00a0\u00a0 1\/2 &nbsp; Ausstattung: Tank: 2400L Wasser, Feuerl\u00f6schkreiselpumpe mit einer Leistung von 1600L\/min bei 8bar, Motors\u00e4ge, 2 Pre\u00dfluftatmer, Schnellangriffseinrichtung, Schaummittel, Beleuchtungsger\u00e4te, Wasserwerfer, etc. &nbsp; [Zeige eine Slideshow]<\/p>\n","protected":false},"author":2,"featured_media":0,"parent":279,"menu_order":0,"comment_status":"closed","ping_status":"closed","template":"","meta":{"ngg_post_thumbnail":0,"footnotes":""},"class_list":["post-35","page","type-page","status-publish","hentry"],"_links":{"self":[{"href":"https:\/\/feuerwehr-holdorf.de\/index.php?rest_route=\/wp\/v2\/pages\/35","targetHints":{"allow":["GET"]}}],"collection":[{"href":"https:\/\/feuerwehr-holdorf.de\/index.php?rest_route=\/wp\/v2\/pages"}],"about":[{"href":"https:\/\/feuerwehr-holdorf.de\/index.php?rest_route=\/wp\/v2\/types\/page"}],"author":[{"embeddable":true,"href":"https:\/\/feuerwehr-holdorf.de\/index.php?rest_route=\/wp\/v2\/users\/2"}],"replies":[{"embeddable":true,"href":"https:\/\/feuerwehr-holdorf.de\/index.php?rest_route=%2Fwp%2Fv2%2Fcomments&post=35"}],"version-history":[{"count":8,"href":"https:\/\/feuerwehr-holdorf.de\/index.php?rest_route=\/wp\/v2\/pages\/35\/revisions"}],"predecessor-version":[{"id":1278,"href":"https:\/\/feuerwehr-holdorf.de\/index.php?rest_route=\/wp\/v2\/pages\/35\/revisions\/1278"}],"up":[{"embeddable":true,"href":"https:\/\/feuerwehr-holdorf.de\/index.php?rest_route=\/wp\/v2\/pages\/279"}],"wp:attachment":[{"href":"https:\/\/feuerwehr-holdorf.de\/index.php?rest_route=%2Fwp%2Fv2%2Fmedia&parent=35"}],"curies":[{"name":"wp","href":"https:\/\/api.w.org\/{rel}","templated":true}]}}