{"id":431,"date":"2016-08-16T08:57:01","date_gmt":"2016-08-16T06:57:01","guid":{"rendered":"http:\/\/wp.feuerwehr-holdorf.de\/?page_id=431"},"modified":"2018-02-13T08:29:19","modified_gmt":"2018-02-13T07:29:19","slug":"rettungsgasse","status":"publish","type":"page","link":"https:\/\/feuerwehr-holdorf.de\/?page_id=431","title":{"rendered":"Rettungsgasse"},"content":{"rendered":"<p style=\"text-align: center;\"><span style=\"text-decoration: underline;\"><span style=\"font-size: 14pt;\"><strong>Die Rettungsgasse rettet Leben<\/strong><\/span><\/span><\/p>\n<p style=\"text-align: center;\">Machen Sie bei Unf\u00e4llen auf mehrspurigen Fahrbahnen die sogenannte Rettungsgasse frei. Sie ist f\u00fcr Fahrzeuge mit Blaulicht gedacht, die schnellstm\u00f6glich zum Unfallort vordringen m\u00fcssen. Im Ernstfall rettet diese Gasse Leben. Sorgen Sie so f\u00fcr die freie Fahrt der Einsatzkr\u00e4fte.<br \/>\nDenken Sie daran: Bei einem Stau auf mehrspurigen Stra\u00dfen sind alle Autofahrer verpflichtet, die Rettungsgasse freizumachen. Dabei \u2013 so hei\u00dft es in der Stra\u00dfenverkehrsordnung \u2013 ist die Rettungsgasse bei zwei Fahrstreifen in der Mitte zu bilden: Autos auf dem linken Fahrstreifen m\u00fcssen also an den linken Fahrbahnrand fahren, die auf der rechten Spur an den rechten Fahrbahnrand.<\/p>\n<p style=\"text-align: center;\">Bei dreispurigen Autobahnen ist die Rettungsgasse zwischen dem \u00e4u\u00dfersten linken und der direkt rechts danebenliegenden Fahrspur zu bilden. Wie das genau geht, hat das Miniatur-Wunderland Hamburg in einem tollen Video zusammengefasst!<\/p>\n<p><iframe loading=\"lazy\" src=\"\/\/www.youtube.com\/embed\/1D4lsJnznqk\" allowfullscreen=\"allowfullscreen\" width=\"560\" height=\"314\"><\/iframe><\/p>\n","protected":false},"excerpt":{"rendered":"<p>Die Rettungsgasse rettet Leben Machen Sie bei Unf\u00e4llen auf mehrspurigen Fahrbahnen die sogenannte Rettungsgasse frei. Sie ist f\u00fcr Fahrzeuge mit Blaulicht gedacht, die schnellstm\u00f6glich zum Unfallort vordringen m\u00fcssen. Im Ernstfall rettet diese Gasse Leben. Sorgen Sie so f\u00fcr die freie<\/p>\n","protected":false},"author":2,"featured_media":0,"parent":242,"menu_order":0,"comment_status":"closed","ping_status":"closed","template":"","meta":{"ngg_post_thumbnail":0,"footnotes":""},"class_list":["post-431","page","type-page","status-publish","hentry"],"_links":{"self":[{"href":"https:\/\/feuerwehr-holdorf.de\/index.php?rest_route=\/wp\/v2\/pages\/431","targetHints":{"allow":["GET"]}}],"collection":[{"href":"https:\/\/feuerwehr-holdorf.de\/index.php?rest_route=\/wp\/v2\/pages"}],"about":[{"href":"https:\/\/feuerwehr-holdorf.de\/index.php?rest_route=\/wp\/v2\/types\/page"}],"author":[{"embeddable":true,"href":"https:\/\/feuerwehr-holdorf.de\/index.php?rest_route=\/wp\/v2\/users\/2"}],"replies":[{"embeddable":true,"href":"https:\/\/feuerwehr-holdorf.de\/index.php?rest_route=%2Fwp%2Fv2%2Fcomments&post=431"}],"version-history":[{"count":5,"href":"https:\/\/feuerwehr-holdorf.de\/index.php?rest_route=\/wp\/v2\/pages\/431\/revisions"}],"predecessor-version":[{"id":2268,"href":"https:\/\/feuerwehr-holdorf.de\/index.php?rest_route=\/wp\/v2\/pages\/431\/revisions\/2268"}],"up":[{"embeddable":true,"href":"https:\/\/feuerwehr-holdorf.de\/index.php?rest_route=\/wp\/v2\/pages\/242"}],"wp:attachment":[{"href":"https:\/\/feuerwehr-holdorf.de\/index.php?rest_route=%2Fwp%2Fv2%2Fmedia&parent=431"}],"curies":[{"name":"wp","href":"https:\/\/api.w.org\/{rel}","templated":true}]}}