{"id":4856,"date":"2020-12-31T06:54:37","date_gmt":"2020-12-31T05:54:37","guid":{"rendered":"https:\/\/feuerwehr-holdorf.de\/?page_id=4856"},"modified":"2024-01-01T12:52:36","modified_gmt":"2024-01-01T11:52:36","slug":"einsatzfotos-2021","status":"publish","type":"page","link":"https:\/\/feuerwehr-holdorf.de\/?page_id=4856","title":{"rendered":"Einsatzfotos 2021"},"content":{"rendered":"<p style=\"text-align: center;\"><span style=\"text-decoration: underline;\"><strong><span style=\"font-size: 14pt;\">Hier finden Sie die Bildergalerien zu den Eins\u00e4tzen im Jahre 2021<\/span><\/strong><\/span><\/p>\n<p style=\"text-align: center;\"><a href=\"https:\/\/feuerwehr-holdorf.de\/?page_id=6805\"><strong>-&gt; ZUR\u00dcCK ZUR \u00dcBERSICHT!<\/strong><\/a><\/p>\nngg_shortcode_0_placeholder\n","protected":false},"excerpt":{"rendered":"<p>Hier finden Sie die Bildergalerien zu den Eins\u00e4tzen im Jahre 2021 -&gt; ZUR\u00dcCK ZUR \u00dcBERSICHT!<\/p>\n","protected":false},"author":2,"featured_media":0,"parent":6805,"menu_order":0,"comment_status":"closed","ping_status":"closed","template":"","meta":{"ngg_post_thumbnail":0,"footnotes":""},"class_list":["post-4856","page","type-page","status-publish","hentry"],"_links":{"self":[{"href":"https:\/\/feuerwehr-holdorf.de\/index.php?rest_route=\/wp\/v2\/pages\/4856","targetHints":{"allow":["GET"]}}],"collection":[{"href":"https:\/\/feuerwehr-holdorf.de\/index.php?rest_route=\/wp\/v2\/pages"}],"about":[{"href":"https:\/\/feuerwehr-holdorf.de\/index.php?rest_route=\/wp\/v2\/types\/page"}],"author":[{"embeddable":true,"href":"https:\/\/feuerwehr-holdorf.de\/index.php?rest_route=\/wp\/v2\/users\/2"}],"replies":[{"embeddable":true,"href":"https:\/\/feuerwehr-holdorf.de\/index.php?rest_route=%2Fwp%2Fv2%2Fcomments&post=4856"}],"version-history":[{"count":2,"href":"https:\/\/feuerwehr-holdorf.de\/index.php?rest_route=\/wp\/v2\/pages\/4856\/revisions"}],"predecessor-version":[{"id":6831,"href":"https:\/\/feuerwehr-holdorf.de\/index.php?rest_route=\/wp\/v2\/pages\/4856\/revisions\/6831"}],"up":[{"embeddable":true,"href":"https:\/\/feuerwehr-holdorf.de\/index.php?rest_route=\/wp\/v2\/pages\/6805"}],"wp:attachment":[{"href":"https:\/\/feuerwehr-holdorf.de\/index.php?rest_route=%2Fwp%2Fv2%2Fmedia&parent=4856"}],"curies":[{"name":"wp","href":"https:\/\/api.w.org\/{rel}","templated":true}]}}