{"id":5527,"date":"2022-02-18T18:56:36","date_gmt":"2022-02-18T17:56:36","guid":{"rendered":"https:\/\/feuerwehr-holdorf.de\/?page_id=5527"},"modified":"2025-07-14T08:13:12","modified_gmt":"2025-07-14T06:13:12","slug":"hlf-20","status":"publish","type":"page","link":"https:\/\/feuerwehr-holdorf.de\/?page_id=5527","title":{"rendered":"HLF 20"},"content":{"rendered":"\r\n<p><strong>Funkrufname:&nbsp;&nbsp; <\/strong>Florian Vechta 30-48-1<br>\r\n<strong>Fahrzeugtyp:&nbsp;&nbsp; <\/strong>MAN TGM 18.320 TG3<br>\r\n<strong>Leistung:&nbsp;&nbsp; <\/strong>320 PS<br>\r\n<strong>Baujahr:<\/strong> &nbsp; 2022<br>\r\n<strong>Besatzung:&nbsp;&nbsp; <\/strong>1\/8<br>\r\n<strong>Pumpe:&nbsp; &nbsp;<\/strong>FPN 10-2000<br>\r\n<strong>Wassertank:<\/strong> &nbsp; 3000 Liter<br>\r\n<strong>Schaumtank:&nbsp;&nbsp; <\/strong>120 Liter<\/p>\r\n<p><u>Weitere Ausstattung:<br>\r\n<\/u>Ziegler ALPAS\u00ae Aufbau der neuesten Generation, R\u00fcckfahrkamera, Leiterentnahmehilfe f\u00fcr Steckleiter \/ Multifunktionsleiter, Ger\u00e4teraumverschluss GR mit Heckklappe und integriertem Rollladen, Hygieneboard PUSH, Z-Control der neuesten Generation, Automatische Pumpendruckregelung Tourmat D, Pump &amp; Roll-Betrieb f\u00fcr FPN, Schaumzumischanlage Foam System FS-12, Pneumatischer Lichtmast mit 4 LED-Scheinwerfern, LED-Umfeldbeleuchtung Z-Vision, 2 LED-Scheinwerfer auf dem Fahrerhausdach, Verkehrssicherungshaspel, Schlauchhaspel 160m B-Schlauch, Man\u00f6vrierscheinwerfer an den Au\u00dfenspiegeln, Rettungssatz Akku, LKW-Rettungsb\u00fchne, Seilwinde 50 kN<\/p>\r\n\r\nngg_shortcode_0_placeholder\r\n\r\n<div style=\"width: 750px;\" class=\"wp-video\"><video class=\"wp-video-shortcode\" id=\"video-5527-1\" width=\"750\" height=\"422\" preload=\"metadata\" controls=\"controls\"><source type=\"video\/mp4\" src=\"https:\/\/feuerwehr-holdorf.de\/wp-content\/uploads\/2023\/07\/2023-06_HLF.mp4?_=1\" \/><a href=\"https:\/\/feuerwehr-holdorf.de\/wp-content\/uploads\/2023\/07\/2023-06_HLF.mp4\">https:\/\/feuerwehr-holdorf.de\/wp-content\/uploads\/2023\/07\/2023-06_HLF.mp4<\/a><\/video><\/div>\r\n","protected":false},"excerpt":{"rendered":"<p>Funkrufname:&nbsp;&nbsp; Florian Vechta 30-48-1 Fahrzeugtyp:&nbsp;&nbsp; MAN TGM 18.320 TG3 Leistung:&nbsp;&nbsp; 320 PS Baujahr: &nbsp; 2022 Besatzung:&nbsp;&nbsp; 1\/8 Pumpe:&nbsp; &nbsp;FPN 10-2000 Wassertank: &nbsp; 3000 Liter Schaumtank:&nbsp;&nbsp; 120 Liter Weitere Ausstattung: Ziegler ALPAS\u00ae Aufbau der neuesten Generation, R\u00fcckfahrkamera, Leiterentnahmehilfe f\u00fcr Steckleiter \/<\/p>\n","protected":false},"author":2,"featured_media":0,"parent":46,"menu_order":0,"comment_status":"closed","ping_status":"closed","template":"","meta":{"ngg_post_thumbnail":0,"footnotes":""},"class_list":["post-5527","page","type-page","status-publish","hentry"],"_links":{"self":[{"href":"https:\/\/feuerwehr-holdorf.de\/index.php?rest_route=\/wp\/v2\/pages\/5527","targetHints":{"allow":["GET"]}}],"collection":[{"href":"https:\/\/feuerwehr-holdorf.de\/index.php?rest_route=\/wp\/v2\/pages"}],"about":[{"href":"https:\/\/feuerwehr-holdorf.de\/index.php?rest_route=\/wp\/v2\/types\/page"}],"author":[{"embeddable":true,"href":"https:\/\/feuerwehr-holdorf.de\/index.php?rest_route=\/wp\/v2\/users\/2"}],"replies":[{"embeddable":true,"href":"https:\/\/feuerwehr-holdorf.de\/index.php?rest_route=%2Fwp%2Fv2%2Fcomments&post=5527"}],"version-history":[{"count":8,"href":"https:\/\/feuerwehr-holdorf.de\/index.php?rest_route=\/wp\/v2\/pages\/5527\/revisions"}],"predecessor-version":[{"id":7539,"href":"https:\/\/feuerwehr-holdorf.de\/index.php?rest_route=\/wp\/v2\/pages\/5527\/revisions\/7539"}],"up":[{"embeddable":true,"href":"https:\/\/feuerwehr-holdorf.de\/index.php?rest_route=\/wp\/v2\/pages\/46"}],"wp:attachment":[{"href":"https:\/\/feuerwehr-holdorf.de\/index.php?rest_route=%2Fwp%2Fv2%2Fmedia&parent=5527"}],"curies":[{"name":"wp","href":"https:\/\/api.w.org\/{rel}","templated":true}]}}