{"id":5827,"date":"2022-06-19T17:54:54","date_gmt":"2022-06-19T15:54:54","guid":{"rendered":"https:\/\/feuerwehr-holdorf.de\/?page_id=5827"},"modified":"2022-06-19T17:54:54","modified_gmt":"2022-06-19T15:54:54","slug":"materialanhaenger","status":"publish","type":"page","link":"https:\/\/feuerwehr-holdorf.de\/?page_id=5827","title":{"rendered":"Materialanh\u00e4nger"},"content":{"rendered":"<p><\/p>\r\n<p><strong>Baujahr:<\/strong> &nbsp; 2019<br>\r\n<br>\r\nDieser Anh\u00e4nger kommt zum Einsatz, wenn viele Schl\u00e4uche oder anderes Material zum Einsatzort oder zur Reinigung gebracht werden muss. Das MTF r\u00fcckt mit diesem Anh\u00e4nger bei Bedarf aus.<\/p>\r\n\r\nngg_shortcode_0_placeholder\r\n\r\n<p><\/p>","protected":false},"excerpt":{"rendered":"<p>Baujahr: &nbsp; 2019 Dieser Anh\u00e4nger kommt zum Einsatz, wenn viele Schl\u00e4uche oder anderes Material zum Einsatzort oder zur Reinigung gebracht werden muss. Das MTF r\u00fcckt mit diesem Anh\u00e4nger bei Bedarf aus.<\/p>\n","protected":false},"author":2,"featured_media":0,"parent":279,"menu_order":0,"comment_status":"closed","ping_status":"closed","template":"","meta":{"ngg_post_thumbnail":0,"footnotes":""},"class_list":["post-5827","page","type-page","status-publish","hentry"],"_links":{"self":[{"href":"https:\/\/feuerwehr-holdorf.de\/index.php?rest_route=\/wp\/v2\/pages\/5827","targetHints":{"allow":["GET"]}}],"collection":[{"href":"https:\/\/feuerwehr-holdorf.de\/index.php?rest_route=\/wp\/v2\/pages"}],"about":[{"href":"https:\/\/feuerwehr-holdorf.de\/index.php?rest_route=\/wp\/v2\/types\/page"}],"author":[{"embeddable":true,"href":"https:\/\/feuerwehr-holdorf.de\/index.php?rest_route=\/wp\/v2\/users\/2"}],"replies":[{"embeddable":true,"href":"https:\/\/feuerwehr-holdorf.de\/index.php?rest_route=%2Fwp%2Fv2%2Fcomments&post=5827"}],"version-history":[{"count":1,"href":"https:\/\/feuerwehr-holdorf.de\/index.php?rest_route=\/wp\/v2\/pages\/5827\/revisions"}],"predecessor-version":[{"id":5831,"href":"https:\/\/feuerwehr-holdorf.de\/index.php?rest_route=\/wp\/v2\/pages\/5827\/revisions\/5831"}],"up":[{"embeddable":true,"href":"https:\/\/feuerwehr-holdorf.de\/index.php?rest_route=\/wp\/v2\/pages\/279"}],"wp:attachment":[{"href":"https:\/\/feuerwehr-holdorf.de\/index.php?rest_route=%2Fwp%2Fv2%2Fmedia&parent=5827"}],"curies":[{"name":"wp","href":"https:\/\/api.w.org\/{rel}","templated":true}]}}