{"id":6470,"date":"2023-06-28T18:17:02","date_gmt":"2023-06-28T16:17:02","guid":{"rendered":"https:\/\/feuerwehr-holdorf.de\/?page_id=6470"},"modified":"2023-06-29T09:27:53","modified_gmt":"2023-06-29T07:27:53","slug":"taf-35","status":"publish","type":"page","link":"https:\/\/feuerwehr-holdorf.de\/?page_id=6470","title":{"rendered":"TAF 35"},"content":{"rendered":"<p><strong>Funkrufname:&nbsp;&nbsp; <\/strong>Florian Vechta 30-79-1<br \/>\n<strong>Fahrzeugtyp:&nbsp; &nbsp;<\/strong>Magirus TAF 35<br \/>\n<strong>Leistung:&nbsp;&nbsp; <\/strong>71 PS<br \/>\n<strong>Baujahr:<\/strong> &nbsp; 2020<br \/>\n<b>Turbine:&nbsp; &nbsp;<\/b>105.000 m\u00b3\/h<\/p>\n<p>Das TAF 35 geh\u00f6rt zu einem Pilotprojekt, gemeinsam mit der Firma Alpha Robotics Germany. Es wird von den Kameraden der Feuerwehr Holdorf besetzt. Das Fahrzeug geh\u00f6rt zum &#8222;Einsatzzug spezielle F\u00e4higkeiten &#8211; Ferngef\u00fchrte Systeme und Robotik&#8220;.<\/p>\n<p><u>Weitere Ausstattung:<br \/>\n<\/u>Raupenfahrzeug, Brandbek\u00e4mpfungsturbine zur Vernebelung von hohen Wassermengen, ferngesteuert, Frontschild, Hydraulik-Kupplungen<\/p>\n<p>&nbsp;<\/p>\n<p><em><strong>Das Fahrzeug macht sich gerade f\u00fcr das Foto-Shooting schick! Neue Bilder in K\u00fcrze \ud83d\ude42<\/strong><\/em><\/p>\n","protected":false},"excerpt":{"rendered":"<p>Funkrufname:&nbsp;&nbsp; Florian Vechta 30-79-1 Fahrzeugtyp:&nbsp; &nbsp;Magirus TAF 35 Leistung:&nbsp;&nbsp; 71 PS Baujahr: &nbsp; 2020 Turbine:&nbsp; &nbsp;105.000 m\u00b3\/h Das TAF 35 geh\u00f6rt zu einem Pilotprojekt, gemeinsam mit der Firma Alpha Robotics Germany. Es wird von den Kameraden der Feuerwehr Holdorf besetzt.<\/p>\n","protected":false},"author":2,"featured_media":0,"parent":46,"menu_order":0,"comment_status":"closed","ping_status":"closed","template":"","meta":{"ngg_post_thumbnail":0,"footnotes":""},"class_list":["post-6470","page","type-page","status-publish","hentry"],"_links":{"self":[{"href":"https:\/\/feuerwehr-holdorf.de\/index.php?rest_route=\/wp\/v2\/pages\/6470","targetHints":{"allow":["GET"]}}],"collection":[{"href":"https:\/\/feuerwehr-holdorf.de\/index.php?rest_route=\/wp\/v2\/pages"}],"about":[{"href":"https:\/\/feuerwehr-holdorf.de\/index.php?rest_route=\/wp\/v2\/types\/page"}],"author":[{"embeddable":true,"href":"https:\/\/feuerwehr-holdorf.de\/index.php?rest_route=\/wp\/v2\/users\/2"}],"replies":[{"embeddable":true,"href":"https:\/\/feuerwehr-holdorf.de\/index.php?rest_route=%2Fwp%2Fv2%2Fcomments&post=6470"}],"version-history":[{"count":3,"href":"https:\/\/feuerwehr-holdorf.de\/index.php?rest_route=\/wp\/v2\/pages\/6470\/revisions"}],"predecessor-version":[{"id":6485,"href":"https:\/\/feuerwehr-holdorf.de\/index.php?rest_route=\/wp\/v2\/pages\/6470\/revisions\/6485"}],"up":[{"embeddable":true,"href":"https:\/\/feuerwehr-holdorf.de\/index.php?rest_route=\/wp\/v2\/pages\/46"}],"wp:attachment":[{"href":"https:\/\/feuerwehr-holdorf.de\/index.php?rest_route=%2Fwp%2Fv2%2Fmedia&parent=6470"}],"curies":[{"name":"wp","href":"https:\/\/api.w.org\/{rel}","templated":true}]}}