{"id":790,"date":"2016-08-18T14:27:20","date_gmt":"2016-08-18T12:27:20","guid":{"rendered":"http:\/\/wp.feuerwehr-holdorf.de\/?page_id=790"},"modified":"2016-08-18T14:27:36","modified_gmt":"2016-08-18T12:27:36","slug":"790-2","status":"publish","type":"page","link":"https:\/\/feuerwehr-holdorf.de\/?page_id=790","title":{"rendered":"Rettungskarte"},"content":{"rendered":"<p>Das Handy klingelt, das Kind quengelt &#8211; eine Sekunde Ablenkung kann ausreichen, um einen schweren Unfall zu bauen. Dank vieler Sicherheitsfeatures in modernen Autos ist die Wahrscheinlichkeit, einen solchen Unfall zu \u00fcberleben, inzwischen hoch.<\/p>\n<p>Was Fahrer und Mitfahrer bei einem Unfall zun\u00e4chst hilft, kann ihnen sp\u00e4ter zum Verh\u00e4ngnis werden. Denn die Rettungskr\u00e4fte k\u00f6nnen nicht einfach irgendwo anfangen, das Auto aufzuschneiden. Nicht ausgel\u00f6ste Airbag-Patronen k\u00f6nnten explodieren, extra-geh\u00e4rtete Stahlteile widerstehen den Schneidwerkzeugen. Eine Rettungskarte speziell f\u00fcr Dein Fahrzeugmodell kann hier wertvolle Sekunden sparen. Weitere Infos hier auf der Seite!<\/p>\n<p><a href=\"http:\/\/www.motor-talk.de\/rettungskarte\" target=\"_blank\">Hier die aktuellen Rettungskarten f\u00fcr ihr Fahrzeug drucken!!!<\/a><\/p>\n<p><iframe loading=\"lazy\" src=\"\/\/www.youtube.com\/embed\/XGvDNsfB9tk\" width=\"560\" height=\"314\" allowfullscreen=\"allowfullscreen\"><\/iframe><\/p>\n","protected":false},"excerpt":{"rendered":"<p>Das Handy klingelt, das Kind quengelt &#8211; eine Sekunde Ablenkung kann ausreichen, um einen schweren Unfall zu bauen. Dank vieler Sicherheitsfeatures in modernen Autos ist die Wahrscheinlichkeit, einen solchen Unfall zu \u00fcberleben, inzwischen hoch. Was Fahrer und Mitfahrer bei einem<\/p>\n","protected":false},"author":2,"featured_media":0,"parent":242,"menu_order":0,"comment_status":"closed","ping_status":"closed","template":"","meta":{"ngg_post_thumbnail":0,"footnotes":""},"class_list":["post-790","page","type-page","status-publish","hentry"],"_links":{"self":[{"href":"https:\/\/feuerwehr-holdorf.de\/index.php?rest_route=\/wp\/v2\/pages\/790","targetHints":{"allow":["GET"]}}],"collection":[{"href":"https:\/\/feuerwehr-holdorf.de\/index.php?rest_route=\/wp\/v2\/pages"}],"about":[{"href":"https:\/\/feuerwehr-holdorf.de\/index.php?rest_route=\/wp\/v2\/types\/page"}],"author":[{"embeddable":true,"href":"https:\/\/feuerwehr-holdorf.de\/index.php?rest_route=\/wp\/v2\/users\/2"}],"replies":[{"embeddable":true,"href":"https:\/\/feuerwehr-holdorf.de\/index.php?rest_route=%2Fwp%2Fv2%2Fcomments&post=790"}],"version-history":[{"count":2,"href":"https:\/\/feuerwehr-holdorf.de\/index.php?rest_route=\/wp\/v2\/pages\/790\/revisions"}],"predecessor-version":[{"id":792,"href":"https:\/\/feuerwehr-holdorf.de\/index.php?rest_route=\/wp\/v2\/pages\/790\/revisions\/792"}],"up":[{"embeddable":true,"href":"https:\/\/feuerwehr-holdorf.de\/index.php?rest_route=\/wp\/v2\/pages\/242"}],"wp:attachment":[{"href":"https:\/\/feuerwehr-holdorf.de\/index.php?rest_route=%2Fwp%2Fv2%2Fmedia&parent=790"}],"curies":[{"name":"wp","href":"https:\/\/api.w.org\/{rel}","templated":true}]}}