{"id":794,"date":"2016-08-18T14:41:56","date_gmt":"2016-08-18T12:41:56","guid":{"rendered":"http:\/\/wp.feuerwehr-holdorf.de\/?page_id=794"},"modified":"2016-08-18T14:47:19","modified_gmt":"2016-08-18T12:47:19","slug":"kinderfinder","status":"publish","type":"page","link":"https:\/\/feuerwehr-holdorf.de\/?page_id=794","title":{"rendered":"Kinderfinder"},"content":{"rendered":"<p>Wenn es brennt, k\u00f6nnen Minuten \u00fcber Leben und Tod entscheiden. Kinder geh\u00f6ren bei einem Brand zu den Schw\u00e4chsten. Rettungskr\u00e4fte sollten ihnen als erste Aufmerksamkeit widmen. Denn Kinder wissen nicht, wie sie sich vor Rauch und giftigen Gasen sch\u00fctzen sollen. Sie sind oft so ver\u00e4ngstigt, dass sie sich vor den Flammen verstecken und nicht von selbst auf sich aufmerksam machen.<\/p>\n<p>Deshalb ist es f\u00fcr die Feuerwehr oft schwer festzustellen, ob und wo sich noch Kinder im Geb\u00e4ude befinden, wenn ein Haus- oder Wohnungsbrand fortgeschritten ist. Aus diesem Grund hat die VGH in einer Gemeinschaftsaktion der \u00f6ffentlichen Versicherer in Niedersachsen mit dem Landesfeuerwehrverband Niedersachsen den so genannten Kinderfinder entwickelt. Der Kinderfinder wurde speziell auf einer stark reflektierenden Folie erstellt. Das etwa acht Zentimeter hohe neongelbe \u201eWarndreieck\u201c zeigt ein symbolisiertes Kind mit Teddy. Es kann leicht von der Tr\u00e4gerpostkarte gel\u00f6st und an jede Kinderzimmert\u00fcr angebracht werden. Da Brandrauch aufsteigt, sollte sich der Kinderfinder im unteren Drittel der T\u00fcr befinden. Der Rettungstrupp erh\u00e4lt so einen wichtigen Hinweis, dass sich hinter dieser T\u00fcr wom\u00f6glich noch ein Kind befindet. Die Kinderfinder sind bei VGH-Vertretungen oder den \u00d6ffentlichen Versicherungen kostenlos erh\u00e4ltlich.<\/p>\n<p><span style=\"font-size: 10pt;\"><em>(Quelle: VGH)<\/em><\/span><\/p>\n<p><img loading=\"lazy\" decoding=\"async\" class=\"aligncenter size-full wp-image-795\" src=\"http:\/\/wp.feuerwehr-holdorf.de\/wp-content\/uploads\/2016\/08\/kinderfinder.jpg\" alt=\"kinderfinder\" width=\"566\" height=\"796\" srcset=\"https:\/\/feuerwehr-holdorf.de\/wp-content\/uploads\/2016\/08\/kinderfinder.jpg 566w, https:\/\/feuerwehr-holdorf.de\/wp-content\/uploads\/2016\/08\/kinderfinder-213x300.jpg 213w\" sizes=\"auto, (max-width: 566px) 100vw, 566px\" \/><\/p>\n","protected":false},"excerpt":{"rendered":"<p>Wenn es brennt, k\u00f6nnen Minuten \u00fcber Leben und Tod entscheiden. Kinder geh\u00f6ren bei einem Brand zu den Schw\u00e4chsten. Rettungskr\u00e4fte sollten ihnen als erste Aufmerksamkeit widmen. Denn Kinder wissen nicht, wie sie sich vor Rauch und giftigen Gasen sch\u00fctzen sollen. Sie<\/p>\n","protected":false},"author":2,"featured_media":0,"parent":242,"menu_order":0,"comment_status":"closed","ping_status":"closed","template":"","meta":{"ngg_post_thumbnail":0,"footnotes":""},"class_list":["post-794","page","type-page","status-publish","hentry"],"_links":{"self":[{"href":"https:\/\/feuerwehr-holdorf.de\/index.php?rest_route=\/wp\/v2\/pages\/794","targetHints":{"allow":["GET"]}}],"collection":[{"href":"https:\/\/feuerwehr-holdorf.de\/index.php?rest_route=\/wp\/v2\/pages"}],"about":[{"href":"https:\/\/feuerwehr-holdorf.de\/index.php?rest_route=\/wp\/v2\/types\/page"}],"author":[{"embeddable":true,"href":"https:\/\/feuerwehr-holdorf.de\/index.php?rest_route=\/wp\/v2\/users\/2"}],"replies":[{"embeddable":true,"href":"https:\/\/feuerwehr-holdorf.de\/index.php?rest_route=%2Fwp%2Fv2%2Fcomments&post=794"}],"version-history":[{"count":2,"href":"https:\/\/feuerwehr-holdorf.de\/index.php?rest_route=\/wp\/v2\/pages\/794\/revisions"}],"predecessor-version":[{"id":800,"href":"https:\/\/feuerwehr-holdorf.de\/index.php?rest_route=\/wp\/v2\/pages\/794\/revisions\/800"}],"up":[{"embeddable":true,"href":"https:\/\/feuerwehr-holdorf.de\/index.php?rest_route=\/wp\/v2\/pages\/242"}],"wp:attachment":[{"href":"https:\/\/feuerwehr-holdorf.de\/index.php?rest_route=%2Fwp%2Fv2%2Fmedia&parent=794"}],"curies":[{"name":"wp","href":"https:\/\/api.w.org\/{rel}","templated":true}]}}