{"id":813,"date":"2016-08-22T21:40:09","date_gmt":"2016-08-22T19:40:09","guid":{"rendered":"http:\/\/wp.feuerwehr-holdorf.de\/?page_id=813"},"modified":"2025-05-04T20:14:21","modified_gmt":"2025-05-04T18:14:21","slug":"foerderverein-der-freiw-feuerwehr-holdorf","status":"publish","type":"page","link":"https:\/\/feuerwehr-holdorf.de\/?page_id=813","title":{"rendered":"F\u00f6rderverein der freiw. Feuerwehr Holdorf"},"content":{"rendered":"<p><strong>Der F\u00f6rderverein der freiwilligen Feuerwehr Holdorf e.V. ist ein eingetragener, gemeinn\u00fctziger Verein, dessen Aufgabe es ist, s\u00e4mtliche Aktivit\u00e4ten der freiwilligen Feuerwehr Holdorf im Rahmen des abwehrenden Brandschutzes sowie zur Brandschutzvorbeugung durch Aufkl\u00e4rung hier\u00fcber und Brandschutzerziehung zu unterst\u00fctzen.<\/strong><\/p>\n<p><span style=\"text-decoration: underline;\"><strong>Die besonderen Zwecke des F\u00f6rdervereins sind:<\/strong><\/span><br \/>\n\u2022&nbsp;&nbsp; &nbsp;das Feuerwehrwesen in Holdorf zu f\u00f6rdern<br \/>\n\u2022&nbsp;&nbsp; &nbsp;die sozialen Belange der Feuerwehrmitglieder (insbesondere der Einsatzabteilung) wahrzunehmen<br \/>\n\u2022&nbsp;&nbsp; &nbsp;die Aufgaben der Jugendfeuerwehr zu f\u00f6rdern<br \/>\n\u2022&nbsp;&nbsp; &nbsp;in der \u00d6ffentlichkeit f\u00fcr den Brandschutz zu werben<br \/>\n\u2022&nbsp;&nbsp; &nbsp;Interessierte f\u00fcr die Feuerwehr zu werben<br \/>\n\u2022&nbsp;&nbsp; &nbsp;die Grunds\u00e4tze des freiwilligen Feuerschutzes zu pflegen und durch Veranstaltungen kameradschaftliche Verbindungen zwischen den Mitgliedern des Vereins, den Mitgliedern der Feuerwehr und zu anderen Feuerwehren herzustellen<br \/>\n\u2022&nbsp;&nbsp; &nbsp;durch materielle und ideelle Hilfen den Dienstbetrieb, die Einsatzbereitschaft und die Kameradschaft in der Feuerwehr Holdorf zu f\u00f6rdern<\/p>\n<p><span style=\"text-decoration: underline;\"><strong>Wie k\u00f6nnen Sie helfen und was haben Sie davon?<\/strong><\/span><\/p>\n<p>Durch einen geringen Beitrag (mindestens nur 10,-\u20ac \/ Jahr) unterst\u00fctzen Sie die Bem\u00fchungen und leisten so einen erheblichen Beitrag zur Realisierung der Ziele des Vereins. Durch diese Unterst\u00fctzung engagieren Sie sich f\u00fcr die Sicherheit der Feuerwehrleute. Denn nur gut ausgestattete Feuerwehrm\u00e4nner bzw. -frauen und eine gut ausger\u00fcstete Feuerwehr k\u00f6nnen im Ernstfall schnell und effektiv helfen! Werden Sie Mitglied und unterst\u00fctzen Sie uns dabei!<\/p>\n<p><span style=\"text-decoration: underline;\"><strong>Beitrittserkl\u00e4rung F\u00f6rderverein:<\/strong><\/span> <a href=\"https:\/\/feuerwehr-holdorf.de\/wp-content\/uploads\/2024\/02\/Beitrittserklaerung_Foerderverein_FF-Holdorf_2024.pdf\" target=\"_blank\" rel=\"noopener noreferrer\">hier als Download erh\u00e4ltlich (Stand: 02-2024)<\/a><\/p>\n<p>F\u00fcr weitere Fragen steht Ihnen der Vorstand, insbesondere der Vorsitzende Mathias L\u00fcpke-Narberhaus, gerne zur Verf\u00fcgung. Nachstehend die Kontaktadresse, zu der auch die Beitrittserkl\u00e4rung geschickt werden kann! Zus\u00e4tzlich kann die Beitrittserkl\u00e4rung zum 2. Vorsitzenden Alexander Meyer, Lerchenstra\u00dfe 26, 49451 Holdorf geschickt oder dort abgegeben werden. Zudem stehen Marius V\u00f6lkerding (Schriftf\u00fchrer) und Kirsti B\u00f6rgerding (Kassenwartin) ebenso f\u00fcr eventuelle Fragen zur Verf\u00fcgung. Auf Anfrage erhalten Sie nat\u00fcrlich auch eine Spendenbescheinigung!<\/p>\n<p><img loading=\"lazy\" decoding=\"async\" class=\"alignleft wp-image-7407\" src=\"https:\/\/feuerwehr-holdorf.de\/wp-content\/uploads\/2025\/05\/2025-05_LuepkeNarberhaus-Mathias_1500px-240x300.jpg\" alt=\"\" width=\"176\" height=\"220\" srcset=\"https:\/\/feuerwehr-holdorf.de\/wp-content\/uploads\/2025\/05\/2025-05_LuepkeNarberhaus-Mathias_1500px-240x300.jpg 240w, https:\/\/feuerwehr-holdorf.de\/wp-content\/uploads\/2025\/05\/2025-05_LuepkeNarberhaus-Mathias_1500px-780x975.jpg 780w, https:\/\/feuerwehr-holdorf.de\/wp-content\/uploads\/2025\/05\/2025-05_LuepkeNarberhaus-Mathias_1500px-768x960.jpg 768w, https:\/\/feuerwehr-holdorf.de\/wp-content\/uploads\/2025\/05\/2025-05_LuepkeNarberhaus-Mathias_1500px.jpg 1200w\" sizes=\"auto, (max-width: 176px) 100vw, 176px\" \/><\/p>\n<p>&nbsp;<\/p>\n<p><span style=\"text-decoration: underline;\"><em><strong>1. Vorsitzender<\/strong><\/em><\/span><br \/>\nMathias L\u00fcpke-Narberhaus<br \/>\nIm B\u00e4keesch 32<br \/>\n49451 Holdorf<\/p>\n<p>Tel.: 05494-9777862<br \/>\nMail: <a href=\"mailto:foerderverein@feuerwehr-holdorf.de\">foerderverein@feuerwehr-holdorf.de<\/a><\/p>\n<p>&nbsp;<\/p>\n<p>&nbsp;<\/p>\n<p>&nbsp;<\/p>\n<p>&nbsp;<\/p>\n","protected":false},"excerpt":{"rendered":"<p>Der F\u00f6rderverein der freiwilligen Feuerwehr Holdorf e.V. ist ein eingetragener, gemeinn\u00fctziger Verein, dessen Aufgabe es ist, s\u00e4mtliche Aktivit\u00e4ten der freiwilligen Feuerwehr Holdorf im Rahmen des abwehrenden Brandschutzes sowie zur Brandschutzvorbeugung durch Aufkl\u00e4rung hier\u00fcber und Brandschutzerziehung zu unterst\u00fctzen. Die besonderen Zwecke<\/p>\n","protected":false},"author":2,"featured_media":0,"parent":276,"menu_order":0,"comment_status":"closed","ping_status":"closed","template":"","meta":{"ngg_post_thumbnail":0,"footnotes":""},"class_list":["post-813","page","type-page","status-publish","hentry"],"_links":{"self":[{"href":"https:\/\/feuerwehr-holdorf.de\/index.php?rest_route=\/wp\/v2\/pages\/813","targetHints":{"allow":["GET"]}}],"collection":[{"href":"https:\/\/feuerwehr-holdorf.de\/index.php?rest_route=\/wp\/v2\/pages"}],"about":[{"href":"https:\/\/feuerwehr-holdorf.de\/index.php?rest_route=\/wp\/v2\/types\/page"}],"author":[{"embeddable":true,"href":"https:\/\/feuerwehr-holdorf.de\/index.php?rest_route=\/wp\/v2\/users\/2"}],"replies":[{"embeddable":true,"href":"https:\/\/feuerwehr-holdorf.de\/index.php?rest_route=%2Fwp%2Fv2%2Fcomments&post=813"}],"version-history":[{"count":10,"href":"https:\/\/feuerwehr-holdorf.de\/index.php?rest_route=\/wp\/v2\/pages\/813\/revisions"}],"predecessor-version":[{"id":7433,"href":"https:\/\/feuerwehr-holdorf.de\/index.php?rest_route=\/wp\/v2\/pages\/813\/revisions\/7433"}],"up":[{"embeddable":true,"href":"https:\/\/feuerwehr-holdorf.de\/index.php?rest_route=\/wp\/v2\/pages\/276"}],"wp:attachment":[{"href":"https:\/\/feuerwehr-holdorf.de\/index.php?rest_route=%2Fwp%2Fv2%2Fmedia&parent=813"}],"curies":[{"name":"wp","href":"https:\/\/api.w.org\/{rel}","templated":true}]}}